{"id":6334,"date":"2022-03-10T18:14:36","date_gmt":"2022-03-10T17:14:36","guid":{"rendered":"https:\/\/fengchashop.com\/at\/product\/tulsi-pulver-bio-250-g\/"},"modified":"2026-05-08T10:23:20","modified_gmt":"2026-05-08T08:23:20","slug":"tulsi-pulver-bio","status":"publish","type":"product","link":"https:\/\/fengchashop.com\/at\/product\/tulsi-pulver-bio\/","title":{"rendered":"Tulsi Pulver BIO 250 g"},"content":{"rendered":"<h2><span style=\"color: #000000\">Tulsi-Pulver BIO<\/span><\/h2>\n<p><span style=\"color: #000000\">Tulsi ist auch als <strong>wildes oder heiliges Basilikum<\/strong> bekannt. Sein lateinischer Name ist Ocimum Sanctum. Es ist ein im Ayurveda hoch verehrtes Kraut, das von den Hindus in besonderen Zeremonien verehrt und seit \u00fcber 5000 Jahren als<strong> heilender Balsam f\u00fcr K\u00f6rper, Geist und Seele<\/strong> verwendet wird<strong>.<\/strong> Am h\u00e4ufigsten wird es f\u00fcr die Zubereitung von Tee verwendet. Er wird aber auch h\u00e4ufig als Gew\u00fcrz f\u00fcr eine Vielzahl von Gerichten verwendet. Sie wird auch in kosmetischen Produkten f\u00fcr Haut und Haar verwendet, da sie die Haut reinigt und ein nat\u00fcrliches Antiseptikum ist, d. h. sie zerst\u00f6rt auf nat\u00fcrliche Weise die Entwicklung von Mikroorganismen auf der Haut und verhindert diese. Dadurch k\u00f6nnen Infektionen begrenzt und verhindert werden. Da es v\u00f6llig nat\u00fcrlich ist, kann es auch bei Hauterkrankungen wie Ringelflechte, Ekzemen, Pickeln, oberfl\u00e4chlichen Wunden usw. verwendet werden.<\/span><\/p>\n<p><span style=\"color: #000000\">Tulsi-Pulver hat ein sehr starkes Aroma, einen scharfen und bitteren Geschmack und eine hellgr\u00fcne Farbe.<\/span><\/p>\n<p><strong><span style=\"color: #000000\">Die Hauptinhaltsstoffe des heiligen Basilikums wirken effektiv:<\/span><\/strong><\/p>\n<p><span style=\"color: #000000\">&#8211; Entz\u00fcndungshemmend,<\/span><br \/>\n<span style=\"color: #000000\">&#8211; fiebersenkend (fiebersenkend)<\/span><br \/>\n<span style=\"color: #000000\">&#8211; analgetisch (schmerzlindernd),<\/span><br \/>\n<span style=\"color: #000000\">&#8211; antimikrobiell,<\/span><br \/>\n<span style=\"color: #000000\">&#8211; antimykotisch,<\/span><br \/>\n<span style=\"color: #000000\">&#8211; diaphoretisch (schwei\u00dftreibend).<\/span><\/p>\n<h2><span style=\"color: #000000\">Welches sind die wichtigsten Wirkungen der Tulsi-K\u00f6niginpflanze auf die Gesundheit des menschlichen Organismus?<\/span><\/h2>\n<p><span style=\"color: #000000\">Tulsi hat die F\u00e4higkeit, <strong>die Lebensenergie und die Kraft<\/strong> aufgrund seiner<strong> adaptogenen Eigenschaften<\/strong> <strong>zu erh\u00f6hen,<\/strong> da es erfolgreich Stress, Trauma, Angst, Depression und k\u00f6rperliche M\u00fcdigkeit bek\u00e4mpft. Er beseitigt \u00fcbersch\u00fcssige Luft im Darm, <strong>beseitigt Magenprobleme, verbessert die Verdauung<\/strong> und bewirkt eine bessere Aufnahme von N\u00e4hrstoffen. Es erh\u00f6ht die<strong> Ausdauer, die Vitalit\u00e4t und st\u00e4rkt das Nervensystem<\/strong>. Hervorragend geeignet bei Kopfschmerzen, Arthritis und Rheumatismus.<\/span><\/p>\n<p><span style=\"color: #000000\">Tulsi ist eine<strong> reiche Quelle von Antioxidantien<\/strong>, die den K\u00f6rper vor freien Radikalen und Oxidation sch\u00fctzen. Tulsi enth\u00e4lt auch organische Formen von Kupfer, die f\u00fcr die Aufnahme von Eisen durch den K\u00f6rper unerl\u00e4sslich sind. Tulsi gilt allgemein als sicheres Kraut.<\/span><\/p>\n<p><span style=\"color: #000000\">Die<strong>&#8222;Mutter aller Naturheilmittel<\/strong>&#8222;, wie sie oft genannt wird, wirkt sich auch positiv auf unser Immunsystem aus, hilft bei Infektionen der Atemwege, reinigt das Blut und beschleunigt die Wundheilung. Er hilft beim Abnehmen und Halten des Gewichts, indem er den Stoffwechsel anregt. Es verbessert das Ged\u00e4chtnis, die Konzentration und die Gesundheit des Gehirns. Au\u00dferdem beugt es Haarausfall vor und sorgt f\u00fcr sch\u00f6nes Haar.<\/span><\/p>\n<h2><span style=\"color: #000000\">Lagerung und Warnhinweise<\/span><\/h2>\n<p><span style=\"color: #000000\">K\u00fchl und trocken bei einer Temperatur von bis zu 25 \u00b0C lagern. Das Nahrungserg\u00e4nzungsmittel au\u00dferhalb der Reichweite von Kindern aufbewahren!<\/span><\/p>\n<p><span style=\"color: #000000\">Denken Sie daran, wie wichtig eine abwechslungsreiche Ern\u00e4hrung und eine gesunde Lebensweise sind; ein Nahrungserg\u00e4nzungsmittel ist daher kein Ersatz f\u00fcr eine ausgewogene und abwechslungsreiche Ern\u00e4hrung. Die empfohlene Tagesmenge oder Dosis sollte nicht \u00fcberschritten werden. Schwangeren und stillenden Frauen wird immer empfohlen, vor der Einnahme einen Arzt zu konsultieren.<\/span><\/p>\n<h2><span style=\"color: #000000\">Verpackung<\/span><\/h2>\n<p><span style=\"color: #000000\">Undurchl\u00e4ssiger Zip-Lock-Beutel, in dem das Produkt seine ganze Frische und sein Aroma bewahrt. Die Verpackung sch\u00fctzt das Produkt vor Licht und Luft, da sie aus mehreren Schutzschichten besteht, um die Eigenschaften des Inhalts zu erhalten.<\/span><\/p>\n<p><span style=\"color: #000000\">Die Verpackung ist sehr praktisch und recycelbar.<\/span><\/p>\n<h2><span style=\"color: #000000\">Herkunft<\/span><\/h2>\n<p><span style=\"color: #000000\">Indien<\/span><\/p>\n","protected":false},"excerpt":{"rendered":"<p>Tulsi ist auch bekannt als die wilde oder heilige Basilika. Sein lateinischer Name ist Ocimum Sanctum. Es ist ein hoch verehrtes Kraut im Ayurveda, das von den Hindus in besonderen Zeremonien verehrt und seit \u00fcber 5000 Jahren als Heilbalsam f\u00fcr K\u00f6rper, Geist und Seele verwendet wird. Die Hauptinhaltsstoffe des heiligen Basilikums wirken effektiv:<\/p>\n<p>\ud83d\udc9a Entz\u00fcndungshemmend,<br \/>\n\ud83d\udc9a fiebersenkend (fiebersenkend)<br \/>\n\ud83d\udc9a analgetisch (schmerzstillend),<br \/>\n\ud83d\udc9a antimikrobiell,<br \/>\n\ud83d\udc9a antimykotisch,<br \/>\n\ud83d\udc9a diaphoretisch (schwei\u00dftreibend).<\/p>\n","protected":false},"featured_media":6335,"comment_status":"open","ping_status":"closed","template":"","meta":{"_acf_changed":false},"product_brand":[],"product_cat":[15,225,224,194,231],"product_tag":[],"class_list":{"0":"post-6334","1":"product","2":"type-product","3":"status-publish","4":"has-post-thumbnail","6":"product_cat-uncategorized","7":"product_cat-alle-produkte","8":"product_cat-angebot","9":"product_cat-ayurveda","10":"product_cat-superfood","12":"first","13":"instock","14":"sale","15":"taxable","16":"shipping-taxable","17":"purchasable","18":"product-type-simple"},"acf":[],"_links":{"self":[{"href":"https:\/\/fengchashop.com\/at\/wp-json\/wp\/v2\/product\/6334","targetHints":{"allow":["GET"]}}],"collection":[{"href":"https:\/\/fengchashop.com\/at\/wp-json\/wp\/v2\/product"}],"about":[{"href":"https:\/\/fengchashop.com\/at\/wp-json\/wp\/v2\/types\/product"}],"replies":[{"embeddable":true,"href":"https:\/\/fengchashop.com\/at\/wp-json\/wp\/v2\/comments?post=6334"}],"wp:featuredmedia":[{"embeddable":true,"href":"https:\/\/fengchashop.com\/at\/wp-json\/wp\/v2\/media\/6335"}],"wp:attachment":[{"href":"https:\/\/fengchashop.com\/at\/wp-json\/wp\/v2\/media?parent=6334"}],"wp:term":[{"taxonomy":"product_brand","embeddable":true,"href":"https:\/\/fengchashop.com\/at\/wp-json\/wp\/v2\/product_brand?post=6334"},{"taxonomy":"product_cat","embeddable":true,"href":"https:\/\/fengchashop.com\/at\/wp-json\/wp\/v2\/product_cat?post=6334"},{"taxonomy":"product_tag","embeddable":true,"href":"https:\/\/fengchashop.com\/at\/wp-json\/wp\/v2\/product_tag?post=6334"}],"curies":[{"name":"wp","href":"https:\/\/api.w.org\/{rel}","templated":true}]}}