{"id":6327,"date":"2022-03-10T16:50:20","date_gmt":"2022-03-10T15:50:20","guid":{"rendered":"https:\/\/fengchashop.com\/at\/product\/ginkgo-pulver-bio-125-g\/"},"modified":"2026-04-15T12:53:43","modified_gmt":"2026-04-15T10:53:43","slug":"ginkgo-pulver-bio","status":"publish","type":"product","link":"https:\/\/fengchashop.com\/at\/product\/ginkgo-pulver-bio\/","title":{"rendered":"Ginkgo Pulver BIO 125 g"},"content":{"rendered":"<h2 style=\"text-align: justify\"><span style=\"color: #000000\">Ginkgo-Pulver BIO<\/span><\/h2>\n<p style=\"text-align: justify\"><span style=\"color: #000000\"><strong>Ginkgo<\/strong> oder <strong>Ginkgo biloba<\/strong> ist ein so genanntes <strong>&#8222;lebendes Fossil&#8220;, das<\/strong> aus Asien stammt und seit 5000 Jahren in der traditionellen chinesischen Medizin verwendet wird. Er ist einer der <strong>\u00e4ltesten B\u00e4ume<\/strong>, der seit mehr als 300 Millionen Jahren auf der Erde w\u00e4chst und mit keiner anderen Pflanzenart verwandt ist. Der Ginkgo war die erste Pflanze, die in Hiroshima wuchs, einer Stadt, die im Zweiten Weltkrieg durch die Atombombe zerst\u00f6rt wurde.<\/span><\/p>\n<p style=\"text-align: justify\"><span style=\"color: #000000\">In der traditionellen chinesischen Medizin wird der Ginkgo auch als <strong>&#8222;Baum des Ged\u00e4chtnisses&#8220; bezeichnet, da<\/strong> Extrakte aus den f\u00e4cherf\u00f6rmigen getrockneten Bl\u00e4ttern eine positive Wirkung <strong>auf das Gehirn und dessen Durchblutung<\/strong> haben.<\/span><\/p>\n<h2 style=\"text-align: justify\"><span style=\"color: #000000\">Was macht Ginkgo so besonders und so anders?<\/span><\/h2>\n<p style=\"text-align: justify\"><span style=\"color: #000000\">Ginkgo ist etwas Besonderes &#8211; weil er sich von anderen Pflanzenarten unterscheidet, haben ihm die Forscher noch mehr Aufmerksamkeit geschenkt, als sie es sonst bei Heilpflanzen tun w\u00fcrden. Sie haben festgestellt, dass er extrem <strong>widerstandsf\u00e4hig und resistent gegen eine Vielzahl von Sch\u00e4dlingen, Mikroorganismen und Umweltgiften<\/strong> ist, und sie haben nach den Gr\u00fcnden daf\u00fcr gesucht. Die<strong> Flavonoide und Terpene<\/strong>, die im Ginkgo-Extrakt am st\u00e4rksten hervortreten, sind f\u00fcr die <strong>positiven Auswirkungen auf das Gehirn und das Ged\u00e4chtnis sowie f\u00fcr die bessere Durchblutung<\/strong> verantwortlich. Ginkgo wird vor allem zur <strong>Verbesserung der geistigen F\u00e4higkeiten<\/strong> (Konzentration, Ged\u00e4chtnis usw.) und zur <strong>Verbesserung der Blutzirkulation in den Gliedma\u00dfen und im Gehirn<\/strong> verwendet. Forschungen haben gezeigt, dass er auch eine positive Wirkung auf <strong>Tinnitus, Schwindel, Schmerzen und Taubheitsgef\u00fchle in den Gliedma\u00dfen<\/strong> hat.<\/span><\/p>\n<h2 style=\"text-align: justify\"><span style=\"color: #000000\">Die wichtigsten Eigenschaften des Ginkgos<\/span><\/h2>\n<p style=\"text-align: justify\"><span style=\"color: #000000\"><em><strong>Der Ginkgo ist ein unglaubliches Beispiel f\u00fcr das \u00dcberleben in der Natur &#8211; seine Unverw\u00fcstlichkeit und Widerstandsf\u00e4higkeit haben die Aufmerksamkeit auf ihn gelenkt:<\/strong><\/em><\/span><\/p>\n<p><span style=\"color: #000000\"> &#8211; Er wirkt als <strong>Antioxidans<\/strong> und hilft, <strong>Sch\u00e4den an den Blutgef\u00e4\u00dfen<\/strong> zu verhindern <strong>,<\/strong><\/span><\/p>\n<p><span style=\"color: #000000\"> &#8211; lindert Probleme mit <strong>Durchblutungsst\u00f6rungen<\/strong> durch die Erweiterung der Blutgef\u00e4\u00dfe,<\/span><\/p>\n<p><span style=\"color: #000000\"> &#8211; erm\u00f6glicht eine bessere Versorgung der <strong>Zellen mit Nahrung und Sauerstoff<\/strong>,<\/span><\/p>\n<p><span style=\"color: #000000\"> &#8211; versorgt <strong>das Gehirn mit Glukose und Sauerstoff<\/strong>,<\/span><\/p>\n<p><span style=\"color: #000000\"> &#8211; <strong>unterst\u00fctzt<\/strong> auf nat\u00fcrliche Weise <strong>die Konzentration und das Ged\u00e4chtnis<\/strong>, und<\/span><\/p>\n<p><span style=\"color: #000000\"> &#8211; f\u00f6rdert die<strong> Konzentrationsf\u00e4higkeit und verbessert die geistigen F\u00e4higkeiten<\/strong> (kognitive Funktion).<\/span><\/p>\n<p style=\"text-align: justify\">\n<p style=\"text-align: justify\">\n<h2 style=\"text-align: justify\"><span style=\"color: #000000\">Lagerung und Warnhinweise<\/span><\/h2>\n<p style=\"text-align: justify\"><span style=\"color: #000000\">K\u00fchl und trocken bei einer Temperatur von bis zu 25 \u00b0C lagern. Au\u00dferhalb der Reichweite von Kindern aufbewahren!<\/span><\/p>\n<p style=\"text-align: justify\"><span style=\"color: #000000\">Denken Sie daran, wie wichtig eine abwechslungsreiche Ern\u00e4hrung und eine gesunde Lebensweise sind; ein Nahrungserg\u00e4nzungsmittel ist daher kein Ersatz f\u00fcr eine ausgewogene und abwechslungsreiche Ern\u00e4hrung. Die empfohlene Tagesmenge oder Dosis sollte nicht \u00fcberschritten werden. <\/span><\/p>\n<h2 style=\"text-align: justify\"><span style=\"color: #000000\">Verpackung<\/span><\/h2>\n<p style=\"text-align: justify\"><span style=\"color: #000000\">Undurchl\u00e4ssiger Zip-Lock-Beutel oder -Box, in dem das Produkt seine ganze Frische und sein Aroma beh\u00e4lt. Die Verpackung sch\u00fctzt vor Licht und Luft. Sie besteht aus mehreren Schutzschichten, um die Eigenschaften des Produkts zu erhalten.<\/span><\/p>\n<p><span style=\"color: #000000\">Die Verpackung ist sehr praktisch und recycelbar.<\/span><\/p>\n<h2 style=\"text-align: justify\"><span style=\"color: #000000\">Herkunft<\/span><\/h2>\n<p style=\"text-align: justify\"><span style=\"color: #000000\">China. <\/span>Wir haben sehr zuverl\u00e4ssige Lieferanten, die uns f\u00fcr jede Charge eine detaillierte chemische Analyse der Lebensmittel zukommen lassen. In mehr als zehn Jahren hatten wir weder mit diesem Artikel noch mit anderen Artikeln desselben Lieferanten R\u00fcckrufe oder andere Probleme.<\/p>\n<p>Der Artikel verf\u00fcgt \u00fcber ein 100 % Bio-Zertifikat.<\/p>\n","protected":false},"excerpt":{"rendered":"<p>Der Ginkgo, ein lebendes Fossil, das mit keiner anderen Pflanzenart verwandt ist, ist in Asien beheimatet und wird seit 5000 Jahren in der traditionellen chinesischen Medizin verwendet. Der Ginkgo ist ein unglaubliches Beispiel f\u00fcr das \u00dcberleben in der Natur &#8211; seine Unverw\u00fcstlichkeit und Widerstandsf\u00e4higkeit haben seitdem die Aufmerksamkeit auf ihn gelenkt:<\/p>\n<p>\ud83d\udc9a lindert Probleme mit Durchblutungsst\u00f6rungen durch Erweiterung der Blutgef\u00e4\u00dfe,<br \/>\n\ud83d\udc9a er erm\u00f6glicht eine bessere Versorgung der Zellen mit Nahrung und Sauerstoff,<br \/>\n\ud83d\udc9a f\u00f6rdert die Konzentration und die geistigen F\u00e4higkeiten.<\/p>\n","protected":false},"featured_media":6328,"comment_status":"open","ping_status":"closed","template":"","meta":{"_acf_changed":false},"product_brand":[],"product_cat":[15,225,224,231],"product_tag":[],"class_list":{"0":"post-6327","1":"product","2":"type-product","3":"status-publish","4":"has-post-thumbnail","6":"product_cat-uncategorized","7":"product_cat-alle-produkte","8":"product_cat-angebot","9":"product_cat-superfood","11":"first","12":"outofstock","13":"sale","14":"taxable","15":"shipping-taxable","16":"purchasable","17":"product-type-simple"},"acf":[],"_links":{"self":[{"href":"https:\/\/fengchashop.com\/at\/wp-json\/wp\/v2\/product\/6327","targetHints":{"allow":["GET"]}}],"collection":[{"href":"https:\/\/fengchashop.com\/at\/wp-json\/wp\/v2\/product"}],"about":[{"href":"https:\/\/fengchashop.com\/at\/wp-json\/wp\/v2\/types\/product"}],"replies":[{"embeddable":true,"href":"https:\/\/fengchashop.com\/at\/wp-json\/wp\/v2\/comments?post=6327"}],"wp:featuredmedia":[{"embeddable":true,"href":"https:\/\/fengchashop.com\/at\/wp-json\/wp\/v2\/media\/6328"}],"wp:attachment":[{"href":"https:\/\/fengchashop.com\/at\/wp-json\/wp\/v2\/media?parent=6327"}],"wp:term":[{"taxonomy":"product_brand","embeddable":true,"href":"https:\/\/fengchashop.com\/at\/wp-json\/wp\/v2\/product_brand?post=6327"},{"taxonomy":"product_cat","embeddable":true,"href":"https:\/\/fengchashop.com\/at\/wp-json\/wp\/v2\/product_cat?post=6327"},{"taxonomy":"product_tag","embeddable":true,"href":"https:\/\/fengchashop.com\/at\/wp-json\/wp\/v2\/product_tag?post=6327"}],"curies":[{"name":"wp","href":"https:\/\/api.w.org\/{rel}","templated":true}]}}