{"id":6308,"date":"2022-03-10T09:17:23","date_gmt":"2022-03-10T08:17:23","guid":{"rendered":"https:\/\/fengchashop.com\/at\/product\/camu-camu-bio-125-g\/"},"modified":"2026-01-27T08:19:03","modified_gmt":"2026-01-27T07:19:03","slug":"camu-camu-bio","status":"publish","type":"product","link":"https:\/\/fengchashop.com\/at\/product\/camu-camu-bio\/","title":{"rendered":"Camu camu BIO 125 g"},"content":{"rendered":"<h2><span style=\"color: #000000\">Camu-Camu-Pulver BIO<\/span><\/h2>\n<p><span style=\"color: #000000\">Im Amazonas-Regenwald gedeihen die Camu-Camu-Fr\u00fcchte, die wie r\u00f6tlich-violette Kirschen aussehen und s\u00e4uerlich schmecken, auf Str\u00e4uchern (Myrciaria dubia).<\/span><\/p>\n<p><span style=\"color: #000000\">Camu-Camu-Fr\u00fcchte sind eine der reichsten Vitamin-C-Quellen der Welt und bekannt f\u00fcr ihre Wirkung bei:<\/span><\/p>\n<p><span style=\"color: #000000\">&#8211; Linderung von <strong>Viruskrankheiten<\/strong>,<\/span><br \/>\n<span style=\"color: #000000\">&#8211; Steigerung der<strong> Vitalit\u00e4t<\/strong>,<\/span><br \/>\n<span style=\"color: #000000\">&#8211; die<strong> Entgiftung<\/strong> der Leber,<\/span><br \/>\n<span style=\"color: #000000\">&#8211; Gesundheit von <strong>Augen, Zahnfleisch und Haut<\/strong>,<\/span><br \/>\n<span style=\"color: #000000\">&#8211; <strong>Erh\u00f6hung der Anzahl der wei\u00dfen Blutk\u00f6rperchen<\/strong>.<\/span><\/p>\n<p><span style=\"color: #000000\">Camu camu hat viele Vorteile, weshalb es immer mehr Menschen geniessen.<\/span><\/p>\n<p><span style=\"color: #000000\">Neben<strong> Vitamin C<\/strong> enth\u00e4lt Camu camu auch andere<strong> Mineralien<\/strong> (Kalzium, Eisen, Phosphor) und<strong> andere Vitamine, Aminos\u00e4uren und Bioflavonoide<\/strong>. Sie enth\u00e4lt auch die Aminos\u00e4ure Serin, die f\u00fcr die<strong> normale Entwicklung des Nervensystems und der Psyche<\/strong> unerl\u00e4sslich ist<strong>.<\/strong><\/span><\/p>\n<p><span style=\"color: #000000\">Die Ureinwohner Amazoniens verwenden Camu Camu seit jeher zur Heilung einer Vielzahl von Beschwerden und zur Linderung der Symptome verschiedener Gesundheitsprobleme. Vitamin C spielt auch eine Schl\u00fcsselrolle bei der<strong>Bildung von Kollagen<\/strong>. Es ist ein<strong> starkes Antioxidans, das<\/strong><strong> oxidativen Stress<\/strong>, der sich sch\u00e4dlich auf unseren K\u00f6rper auswirkt, reduziert und<strong> verhindert<\/strong>. Das Lutein macht Camu Camu au\u00dferdem zu einem wichtigen Bestandteil bei der Vorbeugung von altersbedingten Augenproblemen. Die einfachste Art und Weise, alle positiven Wirkungen der Camu-Camu-Frucht zu konsumieren, ist in Form eines Pulvers, das einem Getr\u00e4nk oder Gericht zugesetzt wird. Die Frucht sollte nicht pur verzehrt werden, da sie eine wilde Beere ist und zu sauer schmeckt.<\/span><\/p>\n<p><span style=\"color: #000000\">Das getrocknete Erdbeerpulver wird meist als Nahrungserg\u00e4nzungsmittel verwendet, findet aber auch in der Kosmetikindustrie Verwendung.<\/span><\/p>\n<p><span style=\"color: #000000\">Unsere Camu camu ist die Premium-Version und enth\u00e4lt<strong> 7% Vitamin C<\/strong>. Da unser K\u00f6rper Vitamin C nicht speichern kann, ist es wichtig, t\u00e4glich Obst und Gem\u00fcse zu verzehren, das reich an diesem Vitamin ist. Wenn n\u00f6tig, sollten wir auch Nahrungserg\u00e4nzungsmittel zu uns nehmen &#8211; Camu-Camu-Pulver ist eine mehr als ausgezeichnete Quelle.<\/span><\/p>\n<h2><span style=\"color: #000000\">Verpackung<\/span><\/h2>\n<p><span style=\"color: #000000\">Undurchl\u00e4ssiger Zip-Lock-Beutel, in dem das Produkt seine ganze Frische und sein Aroma bewahrt. Die Verpackung sch\u00fctzt den Camu Camu vor Licht und Luft, da sie aus mehreren Schutzschichten besteht, die die Eigenschaften des Inhalts bewahren.<\/span><\/p>\n<p><span style=\"color: #000000\">Die Verpackung ist sehr praktisch und recycelbar.<\/span><\/p>\n<h2><span style=\"color: #000000\">Lagerung und Warnhinweise<\/span><\/h2>\n<p><span style=\"color: #000000\">An einem k\u00fchlen und trockenen Ort aufbewahren. Au\u00dferhalb der Reichweite von Kindern aufbewahren.<\/span><\/p>\n<p><span style=\"color: #000000\">Denken Sie daran, wie wichtig eine abwechslungsreiche Ern\u00e4hrung und eine gesunde Lebensweise sind; ein Nahrungserg\u00e4nzungsmittel ist daher kein Ersatz f\u00fcr eine ausgewogene und abwechslungsreiche Ern\u00e4hrung. Die empfohlene Tagesmenge oder Dosis sollte nicht \u00fcberschritten werden. Schwangeren und stillenden Frauen wird immer empfohlen, vor der Einnahme einen Arzt zu konsultieren.<\/span><\/p>\n<h2><span style=\"color: #000000\">Quelle:<\/span><\/h2>\n<p><span style=\"color: #000000\">Peru<\/span><\/p>\n","protected":false},"excerpt":{"rendered":"<p>Im Amazonas-Regenwald gedeihen auf Str\u00e4uchern (Myrciaria dubia) Camu-Camu-Fr\u00fcchte, die wie r\u00f6tlich-violette Kirschen aussehen und sauer schmecken. Camu-Camu-Fr\u00fcchte sind eine der reichsten Vitamin-C-Quellen der Welt und bekannt f\u00fcr ihre Wirkung bei:<\/p>\n<p>\ud83d\udc9a Linderung von Viruskrankheiten,<br \/>\n\ud83d\udc9a Steigerung der Vitalit\u00e4t,<br \/>\n\ud83d\udc9a die Entgiftung der Leber,<br \/>\n\ud83d\udc9a Gesundheit von Augen, Zahnfleisch und Haut,<br \/>\n\ud83d\udc9a Erh\u00f6hung der Anzahl der wei\u00dfen Blutk\u00f6rperchen.<\/p>\n","protected":false},"featured_media":6309,"comment_status":"open","ping_status":"closed","template":"","meta":{"_acf_changed":false},"product_brand":[],"product_cat":[15,225,224,231],"product_tag":[],"class_list":{"0":"post-6308","1":"product","2":"type-product","3":"status-publish","4":"has-post-thumbnail","6":"product_cat-uncategorized","7":"product_cat-alle-produkte","8":"product_cat-angebot","9":"product_cat-superfood","11":"first","12":"outofstock","13":"sale","14":"taxable","15":"shipping-taxable","16":"purchasable","17":"product-type-simple"},"acf":[],"_links":{"self":[{"href":"https:\/\/fengchashop.com\/at\/wp-json\/wp\/v2\/product\/6308","targetHints":{"allow":["GET"]}}],"collection":[{"href":"https:\/\/fengchashop.com\/at\/wp-json\/wp\/v2\/product"}],"about":[{"href":"https:\/\/fengchashop.com\/at\/wp-json\/wp\/v2\/types\/product"}],"replies":[{"embeddable":true,"href":"https:\/\/fengchashop.com\/at\/wp-json\/wp\/v2\/comments?post=6308"}],"wp:featuredmedia":[{"embeddable":true,"href":"https:\/\/fengchashop.com\/at\/wp-json\/wp\/v2\/media\/6309"}],"wp:attachment":[{"href":"https:\/\/fengchashop.com\/at\/wp-json\/wp\/v2\/media?parent=6308"}],"wp:term":[{"taxonomy":"product_brand","embeddable":true,"href":"https:\/\/fengchashop.com\/at\/wp-json\/wp\/v2\/product_brand?post=6308"},{"taxonomy":"product_cat","embeddable":true,"href":"https:\/\/fengchashop.com\/at\/wp-json\/wp\/v2\/product_cat?post=6308"},{"taxonomy":"product_tag","embeddable":true,"href":"https:\/\/fengchashop.com\/at\/wp-json\/wp\/v2\/product_tag?post=6308"}],"curies":[{"name":"wp","href":"https:\/\/api.w.org\/{rel}","templated":true}]}}