{"id":6283,"date":"2025-12-03T10:22:14","date_gmt":"2025-12-03T09:22:14","guid":{"rendered":"https:\/\/fengchashop.com\/at\/product\/neem-pulver-bio-500-g\/"},"modified":"2025-12-19T19:45:51","modified_gmt":"2025-12-19T18:45:51","slug":"neem-pulver-bio","status":"publish","type":"product","link":"https:\/\/fengchashop.com\/at\/product\/neem-pulver-bio\/","title":{"rendered":"Neem Pulver BIO 500 g"},"content":{"rendered":"<h2><span style=\"color: #000000\">Neem Bio Pulver<\/span><\/h2>\n<p><span style=\"color: #000000\">Neem ist ein extrem immergr\u00fcner, zotteliger Baum aus Indien (Azadirachta Indica). Auf Slowenisch ist er als<strong> indisches Maigl\u00f6ckchen<\/strong> bekannt<strong>.<\/strong> Alle Teile dieses immergr\u00fcnen Baumes sind n\u00fctzlich; von der Rinde, den Wurzeln, den Samen, den Fr\u00fcchten bis hin zu den Bl\u00e4ttern und Bl\u00fcten. Er ist das am h\u00e4ufigsten verwendete Kraut in der ayurvedischen Volksmedizin und wird seit \u00fcber 2000 Jahren f\u00fcr medizinische Zwecke verwendet.<\/span><\/p>\n<p><strong><span style=\"color: #000000\">Neem wird eine wohltuende Wirkung bei mehr als 100 verschiedenen Beschwerden nachgesagt, wie:<\/span><\/strong><\/p>\n<ul>\n<li><span style=\"color: #000000\">stimuliert die k\u00f6rpereigene Immunit\u00e4t und wirkt sich positiv auf das Immunsystem aus,<\/span><\/li>\n<li><span style=\"color: #000000\">reinigt das Blut und entgiftet den K\u00f6rper,<\/span><\/li>\n<li><span style=\"color: #000000\">hat eine positive Wirkung auf Haut, Haare und N\u00e4gel,<\/span><\/li>\n<li><span style=\"color: #000000\">es lindert Hautprobleme wie Allergien, Psoriasis, Ekzeme, Akne, offene Wunden,<\/span><\/li>\n<li><span style=\"color: #000000\">es wirkt entz\u00fcndungshemmend, antimykotisch und schmerzlindernd,<\/span><\/li>\n<li><span style=\"color: #000000\">lindert und beseitigt Verdauungsprobleme,<\/span><\/li>\n<li><span style=\"color: #000000\">wirkt als nat\u00fcrliches Desinfektionsmittel.<\/span><\/li>\n<\/ul>\n<p><span style=\"color: #000000\">Neem ist neuerdings auch als <strong>nat\u00fcrliches Abwehrmittel<\/strong> gegen Insekten und andere Sch\u00e4dlinge bekannt.<\/span><\/p>\n<p><span style=\"color: #000000\">Unser Neem-Pulver wird biologisch angebaut, fein gemahlen und nur aus den besten Zutaten hergestellt.<\/span><\/p>\n<h2><span style=\"color: #000000\">Wie wirkt Neem und bei welchen Problemen hilft es?<\/span><\/h2>\n<p><span style=\"color: #000000\">Ayurvedische Heiler haben erkannt, dass Neem eine Fundgrube an wirksamen Inhaltsstoffen f\u00fcr eine Vielzahl von Gesundheitsproblemen ist, dabei aber keine Nebenwirkungen verursacht. Deshalb ist es eines der <strong>am h\u00e4ufigsten verwendeten indischen Ayurveda-Kr\u00e4uter<\/strong> und zunehmend Gegenstand wissenschaftlicher Forschung. Es hat sich gezeigt, dass es eine positive Wirkung auf viele Krankheiten haben kann. Im Neem\u00f6l wurden spezifische Verbindungen entdeckt, die sich positiv auf verschiedene Gesundheitssymptome auswirken. Es wirkt <strong>entz\u00fcndungshemmend<\/strong> gegen alle Arten von Mikroben und unterst\u00fctzt somit auch das Immunsystem <strong>bei der Abwehr von viralen und bakteriellen Infektionen<\/strong>. Da es Entz\u00fcndungen erfolgreich bek\u00e4mpft, lindert es auch Schmerzen, die mit Entz\u00fcndungen einhergehen (einschlie\u00dflich chronischer Krankheiten wie Rheuma oder Arthritis). Es hat ein sehr breites Spektrum an <strong>antimykotischer Aktivit\u00e4t<\/strong> und hilft auch bei der Bek\u00e4mpfung von<strong> Candida.<\/strong><\/span><\/p>\n<h2><span style=\"color: #000000\">Anwendungen <\/span><\/h2>\n<p><span style=\"color: #000000\">Neem-Pulver kann als Nahrungserg\u00e4nzungsmittel verwendet werden, indem mindestens 3 Wochen lang <strong>t\u00e4glich 1 Teel\u00f6ffel<\/strong> eingenommen wird. Alternativ kann auch ein Tee zubereitet werden, indem man das Pulver mit warmem Wasser vermischt und trinkt. Es wird empfohlen, es n\u00fcchtern einzunehmen, mindestens eine halbe Stunde vor einer Mahlzeit.<\/span><\/p>\n<p><span style=\"color: #000000\">F\u00fcr <strong>kosmetische Zwecke<\/strong> wird es als Zusatz zu Haar- und Gesichtsmasken, Peelings f\u00fcr empfindliche Haut und B\u00e4dern verwendet. Neem ist f\u00fcr alle Hautzust\u00e4nde geeignet und macht die Haut weich, strahlend und gesund, da es die Hautstruktur verbessert. F\u00fcr eine Haarmaske (juckende Kopfhaut, Schuppen) mischen Sie 2 Essl\u00f6ffel Neem-Pulver mit Wasser (oder Kokosnuss\u00f6l) zu einer Paste, die Sie einmal pro Woche auf das gewaschene, aber noch feuchte Haar auftragen und 5 Minuten einwirken lassen, bevor Sie sie gr\u00fcndlich aussp\u00fclen. Bereiten Sie die Gesichtsmaske auf die gleiche Weise zu, passen Sie jedoch die Menge an. Wenn Sie trockene Haut haben, k\u00f6nnen Sie statt Wasser auch \u00d6l (Mandel) verwenden. Grunds\u00e4tzlich sollte Neem jedoch nicht f\u00fcr fettige, Mischhaut und zu Akne neigende Haut verwendet werden. Auf die gereinigte Gesichtshaut auftragen, dabei nur die Augenpartie aussparen, und 15 Minuten einwirken lassen. Gr\u00fcndlich absp\u00fclen und wie gewohnt fortfahren. Bereiten Sie das Peeling mit etwas Wasser, Neem-Pulver und Meersalz zu. F\u00fcr das Bad geben Sie einfach 3 Essl\u00f6ffel Neem-Pulver in das Wasser. Wenn Sie unter Allergien oder juckender Haut leiden, k\u00f6nnen Sie auch mehr Neem-Pulver verwenden (5-6 Essl\u00f6ffel). Nach dem Einweichen die Haut gr\u00fcndlich absp\u00fclen.<\/span><\/p>\n<p><span style=\"color: #000000\">Es wirkt auch als<strong> nat\u00fcrliches Pestizid und D\u00fcngemittel.<\/strong> Es kann auch als nat\u00fcrliches Reinigungs- und Desinfektionsmittel verwendet werden. Sie wird auch als Zusatz in der Heimkosmetik verwendet &#8211; in Seifen, Peelings, Cremes und sogar in Zahnpasta, da sie das Zahnfleisch st\u00e4rkt und sch\u00fctzt (Neemrinde wurde urspr\u00fcnglich zur Reinigung der Z\u00e4hne verwendet, daher kann eine Prise Neem-Pulver der normalen Zahnpasta hinzugef\u00fcgt werden).<\/span><\/p>\n<h2><span style=\"color: #000000\">Verpackung<\/span><\/h2>\n<p><span style=\"color: #000000\">Undurchl\u00e4ssiger Zip-Lock-Beutel, in dem das Produkt seine ganze Frische und sein Aroma bewahrt. Die Verpackung sch\u00fctzt vor Licht und Luft, da sie aus mehreren Schutzschichten besteht, die die Eigenschaften des Inhalts bewahren.<\/span><\/p>\n<p><span style=\"color: #000000\">Die Verpackung ist sehr praktisch und recycelbar.<\/span><\/p>\n<h2><span style=\"color: #000000\">Lagerung und Warnhinweise<\/span><\/h2>\n<p><span style=\"color: #000000\">An einem k\u00fchlen und trockenen Ort aufbewahren. Au\u00dferhalb der Reichweite von Kindern aufbewahren.<\/span><\/p>\n<p><span style=\"color: #000000\">Denken Sie daran, wie wichtig eine abwechslungsreiche Ern\u00e4hrung und eine gesunde Lebensweise sind; ein Nahrungserg\u00e4nzungsmittel ist daher kein Ersatz f\u00fcr eine ausgewogene und abwechslungsreiche Ern\u00e4hrung. Die empfohlene Tagesmenge oder Dosis sollte nicht \u00fcberschritten werden. Von der Einnahme durch schwangere und stillende Frauen und M\u00e4nner sowie Frauen, die eine Schwangerschaft planen, wird abgeraten, da es sowohl f\u00fcr Frauen als auch f\u00fcr M\u00e4nner als Verh\u00fctungsmittel dient.<\/span><\/p>\n<h2><span style=\"color: #000000\">Gut zu wissen<\/span><\/h2>\n<p><span style=\"color: #000000\">Das Produkt ist auch f\u00fcr Tiere geeignet. Bitte konsultieren Sie vor der Anwendung Ihren Tierarzt \u00fcber die Zweckm\u00e4\u00dfigkeit der Einnahme und die empfohlene Tagesmenge.<\/span><\/p>\n<h2><span style=\"color: #000000\">Herkunft<\/span><\/h2>\n<p><span style=\"color: #000000\">Indien<\/span><\/p>\n","protected":false},"excerpt":{"rendered":"<p align=\"JUSTIFY\">Neem ist ein extrem immergr\u00fcner, auff\u00e4lliger Baum aus Indien (Azadirachta Indica). Auf Slowenisch ist er als indisches Maigl\u00f6ckchen bekannt. Alle Teile dieses immergr\u00fcnen Baumes sind n\u00fctzlich; von der Rinde, den Wurzeln, den Samen, den Fr\u00fcchten bis hin zu den Bl\u00e4ttern und Bl\u00fcten. Es ist das am h\u00e4ufigsten verwendete Kraut in der ayurvedischen Volksmedizin und wird seit \u00fcber 2000 Jahren f\u00fcr medizinische Zwecke verwendet.<\/p>\n<p align=\"JUSTIFY\">\ud83d\udc9a Es stimuliert die k\u00f6rpereigenen Abwehrkr\u00e4fte und hat eine positive Wirkung auf das Immunsystem.<br \/>\n\ud83d\udc9a Es reinigt das Blut und entgiftet den K\u00f6rper.<br \/>\n\ud83d\udc9a Sie hat eine positive Wirkung auf Haut, Haare und N\u00e4gel.<br \/>\n\ud83d\udc9a Er wirkt entz\u00fcndungshemmend, antimykotisch und schmerzlindernd.<br \/>\n\ud83d\udc9a Es lindert und beseitigt Verdauungsprobleme.<\/p>\n","protected":false},"featured_media":6284,"comment_status":"open","ping_status":"closed","template":"","meta":{"_acf_changed":false},"product_brand":[],"product_cat":[15,225,224,194,226,231],"product_tag":[],"class_list":{"0":"post-6283","1":"product","2":"type-product","3":"status-publish","4":"has-post-thumbnail","6":"product_cat-uncategorized","7":"product_cat-alle-produkte","8":"product_cat-angebot","9":"product_cat-ayurveda","10":"product_cat-bestseller","11":"product_cat-superfood","13":"first","14":"instock","15":"sale","16":"taxable","17":"shipping-taxable","18":"purchasable","19":"product-type-simple"},"acf":[],"_links":{"self":[{"href":"https:\/\/fengchashop.com\/at\/wp-json\/wp\/v2\/product\/6283","targetHints":{"allow":["GET"]}}],"collection":[{"href":"https:\/\/fengchashop.com\/at\/wp-json\/wp\/v2\/product"}],"about":[{"href":"https:\/\/fengchashop.com\/at\/wp-json\/wp\/v2\/types\/product"}],"replies":[{"embeddable":true,"href":"https:\/\/fengchashop.com\/at\/wp-json\/wp\/v2\/comments?post=6283"}],"wp:featuredmedia":[{"embeddable":true,"href":"https:\/\/fengchashop.com\/at\/wp-json\/wp\/v2\/media\/6284"}],"wp:attachment":[{"href":"https:\/\/fengchashop.com\/at\/wp-json\/wp\/v2\/media?parent=6283"}],"wp:term":[{"taxonomy":"product_brand","embeddable":true,"href":"https:\/\/fengchashop.com\/at\/wp-json\/wp\/v2\/product_brand?post=6283"},{"taxonomy":"product_cat","embeddable":true,"href":"https:\/\/fengchashop.com\/at\/wp-json\/wp\/v2\/product_cat?post=6283"},{"taxonomy":"product_tag","embeddable":true,"href":"https:\/\/fengchashop.com\/at\/wp-json\/wp\/v2\/product_tag?post=6283"}],"curies":[{"name":"wp","href":"https:\/\/api.w.org\/{rel}","templated":true}]}}