{"id":6233,"date":"2022-03-03T18:32:00","date_gmt":"2022-03-03T17:32:00","guid":{"rendered":"https:\/\/fengchashop.com\/at\/product\/acai-beeren-pulver-bio-125-g\/"},"modified":"2025-09-30T12:37:36","modified_gmt":"2025-09-30T10:37:36","slug":"acai-beeren-pulver-bio","status":"publish","type":"product","link":"https:\/\/fengchashop.com\/at\/product\/acai-beeren-pulver-bio\/","title":{"rendered":"Acai Beeren Pulver BIO 125 g"},"content":{"rendered":"<h2><span style=\"color: #000000;\">Acai-Beerenpulver (gefriergetrocknet) BIO<\/span><\/h2>\n<p><span style=\"color: #000000;\">Die S\u00fcdamerikaner verwenden Acai-Beeren seit Jahrhunderten in ihrer K\u00fcche, und die H\u00e4lfte ihrer traditionellen Gerichte enth\u00e4lt zumindest einen Hauch von Acai-Beeren. Sie wachsen auf hohen Palmen im Amazonasgebiet und <strong>enthalten viele f\u00fcr den Menschen n\u00fctzliche N\u00e4hrstoffe<\/strong> &#8211; Vitamine, Mineralien, Antioxidantien und Phyton\u00e4hrstoffe. Sie sind eine hervorragende Quelle f\u00fcr Eisen und Ballaststoffe. Acai-Beerenpulver enth\u00e4lt eine gro\u00dfe Menge an Antioxidantien. Diese bek\u00e4mpfen freie Radikale im menschlichen K\u00f6rper, wehren viele Krankheiten ab und helfen, \u00fcberfl\u00fcssige Pfunde zu verlieren.<\/span><\/p>\n<p><strong><span style=\"color: #000000;\">Die brasilianische schwarze Acai-Beere enth\u00e4lt eine F\u00fclle von heilenden Substanzen, die:<\/span><\/strong><\/p>\n<p><span style=\"color: #000000;\">&#8211; die Verdauung f\u00f6rdert,<\/span><br \/>\n<span style=\"color: #000000;\">&#8211; den K\u00f6rper entschlacken,<\/span><br \/>\n<span style=\"color: #000000;\">&#8211; die Energie steigern und<\/span><br \/>\n<span style=\"color: #000000;\">&#8211; den Schlaf verbessern.<\/span><\/p>\n<p><span style=\"color: #000000;\">Unser Acai-Beerenpulver stammt aus biologischem Anbau. Sie haben eine sehr kompakte Struktur, weshalb wir sie als Premiumqualit\u00e4t einstufen.<\/span><\/p>\n<h2><span style=\"color: #000000;\">Verpackung<\/span><\/h2>\n<p><span style=\"color: #000000;\">In einem undurchl\u00e4ssigen Zip-Lock-Beutel, in dem das Produkt seine ganze Frische und sein Aroma bewahrt. Die Verpackung sch\u00fctzt vor Licht und Luft, da sie aus mehreren Schutzschichten besteht, die die Eigenschaften des Inhalts bewahren.<\/span><\/p>\n<p><span style=\"color: #000000;\">Die Verpackung ist sehr praktisch und recycelbar.<\/span><\/p>\n<h2><span style=\"color: #000000;\">Lagerung und Warnhinweise<\/span><\/h2>\n<p><span style=\"color: #000000;\">An einem k\u00fchlen und trockenen Ort aufbewahren. Au\u00dferhalb der Reichweite von Kindern aufbewahren.<\/span><\/p>\n<p><span style=\"color: #000000;\">Denken Sie daran, wie wichtig eine abwechslungsreiche Ern\u00e4hrung und eine gesunde Lebensweise sind; ein Nahrungserg\u00e4nzungsmittel ist daher kein Ersatz f\u00fcr eine ausgewogene und abwechslungsreiche Ern\u00e4hrung. Die empfohlene Tagesmenge oder Dosis sollte nicht \u00fcberschritten werden. Schwangeren und stillenden Frauen wird immer empfohlen, vor der Einnahme einen Arzt zu konsultieren.<\/span><\/p>\n<h2>Herkunft<\/h2>\n<p><span style=\"color: #000000;\">Brasilien oder Kolumbien<\/span><\/p>\n","protected":false},"excerpt":{"rendered":"<p align=\"JUSTIFY\">Die S\u00fcdamerikaner verwenden Acai-Beeren seit Jahrhunderten in ihrer K\u00fcche, und die H\u00e4lfte ihrer traditionellen Gerichte enth\u00e4lt zumindest einen Hauch von Acai-Beeren. Sie wachsen auf hohen Palmen im Amazonasgebiet und <strong>enthalten viele f\u00fcr den Menschen n\u00fctzliche N\u00e4hrstoffe<\/strong> &#8211; Vitamine, Mineralien, Antioxidantien und Phyton\u00e4hrstoffe. Sie sind eine hervorragende Quelle f\u00fcr Eisen und Ballaststoffe. Acai-Beerenpulver enth\u00e4lt eine gro\u00dfe Menge an Antioxidantien.<\/p>\n<p align=\"JUSTIFY\"><span style=\"color: #000000;\">\ud83d\udc9aSie st\u00e4rken das Immunsystem.<\/span><br \/>\n<span style=\"color: #000000;\">\ud83d\udc9a Sie erh\u00f6hen das Energieniveau.<\/span><br \/>\n<span style=\"color: #000000;\">\ud83d\udc9a Sie helfen bei der Verdauung.<\/span><br \/>\n<span style=\"color: #000000;\">\ud83d\udc9a Verbessern den Schlaf.<\/span><\/p>\n<p align=\"JUSTIFY\">\n","protected":false},"featured_media":6234,"comment_status":"open","ping_status":"closed","template":"","meta":{"_acf_changed":false},"product_brand":[],"product_cat":[15,225,224,231],"product_tag":[],"class_list":{"0":"post-6233","1":"product","2":"type-product","3":"status-publish","4":"has-post-thumbnail","6":"product_cat-uncategorized","7":"product_cat-alle-produkte","8":"product_cat-angebot","9":"product_cat-superfood","11":"first","12":"outofstock","13":"sale","14":"taxable","15":"shipping-taxable","16":"purchasable","17":"product-type-simple"},"acf":[],"_links":{"self":[{"href":"https:\/\/fengchashop.com\/at\/wp-json\/wp\/v2\/product\/6233","targetHints":{"allow":["GET"]}}],"collection":[{"href":"https:\/\/fengchashop.com\/at\/wp-json\/wp\/v2\/product"}],"about":[{"href":"https:\/\/fengchashop.com\/at\/wp-json\/wp\/v2\/types\/product"}],"replies":[{"embeddable":true,"href":"https:\/\/fengchashop.com\/at\/wp-json\/wp\/v2\/comments?post=6233"}],"wp:featuredmedia":[{"embeddable":true,"href":"https:\/\/fengchashop.com\/at\/wp-json\/wp\/v2\/media\/6234"}],"wp:attachment":[{"href":"https:\/\/fengchashop.com\/at\/wp-json\/wp\/v2\/media?parent=6233"}],"wp:term":[{"taxonomy":"product_brand","embeddable":true,"href":"https:\/\/fengchashop.com\/at\/wp-json\/wp\/v2\/product_brand?post=6233"},{"taxonomy":"product_cat","embeddable":true,"href":"https:\/\/fengchashop.com\/at\/wp-json\/wp\/v2\/product_cat?post=6233"},{"taxonomy":"product_tag","embeddable":true,"href":"https:\/\/fengchashop.com\/at\/wp-json\/wp\/v2\/product_tag?post=6233"}],"curies":[{"name":"wp","href":"https:\/\/api.w.org\/{rel}","templated":true}]}}