{"id":6229,"date":"2022-03-03T10:33:34","date_gmt":"2022-03-03T09:33:34","guid":{"rendered":"https:\/\/fengchashop.com\/at\/product\/mucuna-pruriens-bio-250-g\/"},"modified":"2026-04-19T07:54:51","modified_gmt":"2026-04-19T05:54:51","slug":"mucuna-pruriens-bio","status":"publish","type":"product","link":"https:\/\/fengchashop.com\/at\/product\/mucuna-pruriens-bio\/","title":{"rendered":"Mucuna pruriens BIO 250 g"},"content":{"rendered":"<h2><span style=\"color: #000000\">Mucuna pruriens BIO Pulver<\/span><\/h2>\n<p><span style=\"color: #000000\">Mucuna pruriens ist eine tropische H\u00fclsenfrucht, die in Afrika und im tropischen Asien beheimatet ist. Sie ist auch unter dem Namen Samtbohne bekannt. Die Pflanze ist bekannt f\u00fcr ihren<strong> hohen Gehalt an L-Dopa oder Levodopa,<\/strong> einer metabolischen Form von Dopamin. Es handelt sich also um eine Vorstufe des Neurotransmitters Dopamin. Eine unzureichende Dopaminproduktion ist die Ursache f\u00fcr die Symptome der Parkinson-Krankheit. Diese werden h\u00e4ufig durch Medikamente gelindert, die eine Dopaminvorstufe enthalten, da Dopamin im Gegensatz zu Dopamin in der Lage ist, die Blut-Hirn-Schranke zu \u00fcberwinden und somit die<strong> Symptome der Parkinson-Krankheit zu lindern.<\/strong><\/span><\/p>\n<p><span style=\"color: #000000\">Die H\u00fclsenfrucht ist im Ayurveda seit mehr als 4500 Jahren beliebt, wo sie f\u00fcr ihre F\u00e4higkeit bekannt ist, die durch die Parkinson-Krankheit verursachte Neurotoxizit\u00e4t erheblich zu lindern. In manchen Gegenden wird sie auch traditionell als Gegenmittel gegen den Biss bestimmter Giftschlangen verwendet.<\/span><\/p>\n<p><span style=\"color: #000000\">Mucuna pruriens hat eine weitere interessante Wirkung, n\u00e4mlich auf die <strong>Spermienqualit\u00e4t bei ansonsten unfruchtbaren M\u00e4nnern.<\/strong> Die bisherigen Erkenntnisse deuten darauf hin, dass es die Beweglichkeit und die Konzentration der Spermien beeinflussen und so die Fruchtbarkeit verbessern kann. Es hilft auch, sexuelle Probleme bei Frauen zu l\u00f6sen.<\/span><\/p>\n<h2><span style=\"color: #000000\">F\u00fcr wen ist die Einnahme von Mucuna pruriens empfehlenswert?<\/span><\/h2>\n<p><span style=\"color: #000000\">Da Mucuna pruriens eine nat\u00fcrliche Quelle von L-Dopa ist, kann es jedem empfohlen werden, der an der<strong> Parkinson-Krankheit<\/strong> leidet. Als begleitendes Mittel oder zur anf\u00e4nglichen Linderung der Symptome dieser schwierigen Krankheit. Nat\u00fcrlich in diesen F\u00e4llen immer auf Anraten und unter Aufsicht eines Arztes.<\/span><\/p>\n<p><span style=\"color: #000000\">Es kann auch zur Unterst\u00fctzung bei <strong>m\u00e4nnlicher Unfruchtbarkeit<\/strong> verwendet werden, da es die Quantit\u00e4t und Qualit\u00e4t der Spermien beeinflusst.<\/span><\/p>\n<p><span style=\"color: #000000\">Es ist auch eine ausgezeichnete Hilfe f\u00fcr das endokrine System, da es hilft, das <strong>hormonelle Gleichgewicht wiederherzustellen.<\/strong><\/span><\/p>\n<p><span style=\"color: #000000\">Er verbessert das<strong> geistige Wohlbefinden und die Stimmung.<\/strong><\/span><\/p>\n<p><span style=\"color: #000000\">Es hat eine starke<strong> antioxidative Wirkung.<\/strong> Zusammen mit L-Dopa f\u00f6rdert es die Gesundheit des Gehirns und tr\u00e4gt zur Erh\u00f6hung des Dopaminspiegels im Gehirn bei, der ebenfalls mit der Stimmungsregulierung und der Wahrnehmung in Zusammenhang steht. Gleichzeitig verbessert es die Gehirnfunktion, steigert die Konzentration und die intellektuelle Leistungsf\u00e4higkeit.<\/span><\/p>\n<p><span style=\"color: #000000\">Auch in der ayurvedischen Tradition wird die Samtbohne zur positiven F\u00f6rderung der <strong>geistigen Gesundheit und zur besseren Stressbew\u00e4ltigung<\/strong> eingesetzt <strong>.<\/strong><\/span><\/p>\n<p><span style=\"color: #000000\">Mehrere Studien haben auch die Wirkung von Mucuna prurensis auf die <strong>Senkung des Blutzuckerspiegels<\/strong> und damit auf die Vorbeugung von Diabetes untersucht.<\/span><\/p>\n<p><span style=\"color: #000000\">Die Anwesenheit von Serotonin und Levodopa<strong> verbessert den Schlaf-Wach-Rhythmus und f\u00f6rdert den Tiefschlaf und die Entspannung.<\/strong><\/span><\/p>\n<h2><span style=\"color: #000000\">Lagerung und Warnhinweise<\/span><\/h2>\n<p><span style=\"color: #000000\">An einem k\u00fchlen und trockenen Ort aufbewahren. Bewahren Sie das Nahrungserg\u00e4nzungsmittel au\u00dferhalb der Reichweite von Kindern auf!<\/span><\/p>\n<p><span style=\"color: #000000\">Denken Sie daran, wie wichtig eine abwechslungsreiche Ern\u00e4hrung und eine gesunde Lebensweise sind; ein Nahrungserg\u00e4nzungsmittel ist daher kein Ersatz f\u00fcr eine ausgewogene und abwechslungsreiche Ern\u00e4hrung. Die empfohlene Tagesmenge oder Dosis sollte nicht \u00fcberschritten werden. Schwangeren und stillenden Frauen wird von der Einnahme abgeraten, da es negative Auswirkungen auf die Geb\u00e4rmutter und den F\u00f6tus haben kann. Vorsicht ist auch geboten bei der Einnahme von Medikamenten gegen die Parkinson-Krankheit (z. B. MAO-Hemmer) &#8211; in diesem Fall nur unter \u00e4rztlicher Aufsicht verwenden.<\/span><\/p>\n<p><span style=\"color: #000000\">In seltenen F\u00e4llen kann das Produkt bei empfindlichen Personen \u00dcbelkeit, Erbrechen oder Durchfall hervorrufen. In diesem Fall wird von der Einnahme abgeraten.<\/span><\/p>\n<h2><span style=\"color: #000000\">Verpackung<\/span><\/h2>\n<p><span style=\"color: #000000\">Nicht durchl\u00e4ssiger Zip-Lock-Beutel, in dem das Produkt seine Frische und sein Aroma bewahrt. Die Verpackung sch\u00fctzt das Produkt vor Licht und Luft, da sie aus mehreren Schutzschichten besteht, um die Eigenschaften des Inhalts zu erhalten.<\/span><\/p>\n<p><span style=\"color: #000000\">Die Verpackung ist sehr praktisch und recycelbar.<\/span><\/p>\n<h2><span style=\"color: #000000\">Herkunft<\/span><\/h2>\n<p><span style=\"color: #000000\">Indien<\/span><\/p>\n","protected":false},"excerpt":{"rendered":"<p align=\"JUSTIFY\">Mucuna pruriens ist eine tropische H\u00fclsenfrucht, die in Afrika und im tropischen Asien heimisch ist. Sie ist auch als Samtbohne bekannt.<\/p>\n<p align=\"JUSTIFY\"><span style=\"color: #000000\">\ud83d\udc9a Sie ist eine nat\u00fcrliche Quelle von L-Dopa.<\/span><br \/>\n<span style=\"color: #000000\">\ud83d\udc9a Sie hilft bei der Wiederherstellung des hormonellen Gleichgewichts.<\/span><br \/>\n<span style=\"color: #000000\">\ud83d\udc9a Sie verbessert das geistige Wohlbefinden und die Stimmung.<\/span><br \/>\n<span style=\"color: #000000\">\ud83d\udc9a Sie hat antioxidative Eigenschaften.<\/span><\/p>\n<p align=\"JUSTIFY\">\n","protected":false},"featured_media":6230,"comment_status":"open","ping_status":"closed","template":"","meta":{"_acf_changed":false},"product_brand":[],"product_cat":[15,225,224,194,226,231],"product_tag":[],"class_list":{"0":"post-6229","1":"product","2":"type-product","3":"status-publish","4":"has-post-thumbnail","6":"product_cat-uncategorized","7":"product_cat-alle-produkte","8":"product_cat-angebot","9":"product_cat-ayurveda","10":"product_cat-bestseller","11":"product_cat-superfood","13":"first","14":"instock","15":"sale","16":"taxable","17":"shipping-taxable","18":"purchasable","19":"product-type-simple"},"acf":[],"_links":{"self":[{"href":"https:\/\/fengchashop.com\/at\/wp-json\/wp\/v2\/product\/6229","targetHints":{"allow":["GET"]}}],"collection":[{"href":"https:\/\/fengchashop.com\/at\/wp-json\/wp\/v2\/product"}],"about":[{"href":"https:\/\/fengchashop.com\/at\/wp-json\/wp\/v2\/types\/product"}],"replies":[{"embeddable":true,"href":"https:\/\/fengchashop.com\/at\/wp-json\/wp\/v2\/comments?post=6229"}],"wp:featuredmedia":[{"embeddable":true,"href":"https:\/\/fengchashop.com\/at\/wp-json\/wp\/v2\/media\/6230"}],"wp:attachment":[{"href":"https:\/\/fengchashop.com\/at\/wp-json\/wp\/v2\/media?parent=6229"}],"wp:term":[{"taxonomy":"product_brand","embeddable":true,"href":"https:\/\/fengchashop.com\/at\/wp-json\/wp\/v2\/product_brand?post=6229"},{"taxonomy":"product_cat","embeddable":true,"href":"https:\/\/fengchashop.com\/at\/wp-json\/wp\/v2\/product_cat?post=6229"},{"taxonomy":"product_tag","embeddable":true,"href":"https:\/\/fengchashop.com\/at\/wp-json\/wp\/v2\/product_tag?post=6229"}],"curies":[{"name":"wp","href":"https:\/\/api.w.org\/{rel}","templated":true}]}}