{"id":6227,"date":"2022-03-03T10:14:54","date_gmt":"2022-03-03T09:14:54","guid":{"rendered":"https:\/\/fengchashop.com\/at\/product\/mariendistel-pulver-bio-250-g\/"},"modified":"2025-12-18T10:00:09","modified_gmt":"2025-12-18T09:00:09","slug":"mariendistel-pulver-bio","status":"publish","type":"product","link":"https:\/\/fengchashop.com\/at\/product\/mariendistel-pulver-bio\/","title":{"rendered":"Mariendistel Pulver Bio 250 g"},"content":{"rendered":"<h2>Mariendistel Pulver Bio<\/h2>\n<p><span style=\"color: #000000\">Das Pulver des gefleckten Gr\u00fcnkohls (Silybum marianum) ist aus biologischem Anbau und von bester Qualit\u00e4t.<\/span><\/p>\n<p><span style=\"color: #000000\">Das Kraut, das manchmal auch Mariendistel genannt wird, ist am besten<strong> f\u00fcr die Behandlung von Leberkrankheiten<\/strong> bekannt<strong>.<\/strong> Sie wird seit dem antiken Griechenland und Rom kultiviert. Sie gedeiht in vielen Teilen Europas und Asiens.<\/span><\/p>\n<p><span style=\"color: #000000\">Die Mariendistel kann von jedem verzehrt werden, der seine Leber sch\u00fctzen m\u00f6chte, sich ungesund ern\u00e4hrt, unter Sodbrennen oder anderen Verdauungsproblemen leidet oder st\u00e4ndig gestresst ist. Wir sollten nicht vergessen, dass alles, was wir essen und trinken, auch durch die Leber geht. Wie ein Filter entfernt sie giftige Substanzen aus dem K\u00f6rper.<\/span><\/p>\n<p><span style=\"color: #000000\">Insbesondere das Gefleckte Kn\u00f6terichkraut sch\u00fctzt die Leber vor Giftstoffen und <strong>hilft bei der Entgiftung.<\/strong> Es hilft auch bei Lebersch\u00e4den, die durch eine Krebsbehandlung verursacht werden. Die Schl\u00fcsselsubstanz ist <strong>Silymarin.<\/strong> Er sch\u00fctzt die Zellwand, indem er das Eindringen von Schadstoffen verhindert. Silymarin regeneriert und stimuliert auch die Leberzellen. Es wirkt bei Lebersch\u00e4den und Leberentz\u00fcndungen und hilft auch bei Leberzirrhose und Hepatitis.<\/span><\/p>\n<p><span style=\"color: #000000\">Es hilft auch bei <strong>Verdauungsst\u00f6rungen, Kr\u00e4mpfen der inneren Organe, beugt Gallensteinen vor und f\u00f6rdert den Gallenfluss.<\/strong><\/span><\/p>\n<h2><span style=\"color: #000000\">Wie wirkt die Mariendistel?<\/span><\/h2>\n<p><span style=\"color: #000000\">Die Leber ist unser wichtigstes Organ, wenn es darum geht, den K\u00f6rper zu reinigen und zu entgiften. In der modernen Welt &#8211; voller verarbeiteter Lebensmittel und Stress &#8211; ist die Leber oft \u00fcberm\u00e4\u00dfig verstopft, was sich unter anderem negativ auf unsere Gesundheit auswirkt. Die Leber kann ihre Aufgabe nicht oder nur schwer erf\u00fcllen. Dies f\u00fchrt dazu, dass wir uns <strong>unwohl, aufgebl\u00e4ht und m\u00fcde f\u00fchlen.<\/strong> H\u00e4ufig kommt es auch zu einer \u00fcberm\u00e4\u00dfigen Ansammlung von Fett um die Taille und zu \u00dcbergewicht. Ansonsten kann die Erkrankung ohne offensichtliche Symptome verlaufen, aber zu ernsthaften Problemen und Krankheiten f\u00fchren.<\/span><\/p>\n<p><span style=\"color: #000000\">Das gefleckte Springkraut hilft nachweislich, die Leber zu sch\u00fctzen und den K\u00f6rper zu entgiften.<\/span><\/p>\n<p><span style=\"color: #000000\">Aufgrund ihres zentralen Wirkstoffs (Silymarin) wird der Mariendistel auch eine <strong>Wirkung auf die Verringerung oxidativer Prozesse<\/strong> zugeschrieben, indem sie durch ihre antioxidative Wirkung die nat\u00fcrlichen Schutzstoffe erh\u00f6ht und freie Radikale abf\u00e4ngt.<\/span><\/p>\n<h2><span style=\"color: #000000\">F\u00fcr wen wird die Einnahme von Mariendistelpulver empfohlen?<\/span><\/h2>\n<p><span style=\"color: #000000\">Die Mariendistel wird vor allem denjenigen empfohlen, die unter Leberproblemen, Fettleber, Bl\u00e4hungen und Stechen im Rippenbereich leiden. Die Einnahme der Mariendistel ist auch eine ausgezeichnete Entgiftungskur.<strong> Umweltverschmutzung, \u00dcbergewicht<\/strong> oder Fettleibigkeit, der <strong>Verzehr von verarbeiteten und fetthaltigen Lebensmitteln und Alkohol sowie eine \u00fcberm\u00e4\u00dfig sitzende Lebensweise<\/strong> k\u00f6nnen zu einer Fettleber f\u00fchren. Da sich die Erkrankung nur selten mit Symptomen bemerkbar macht oder erst dann auftritt, wenn sie bereits fortgeschritten ist, ist es wichtig,<strong> vorbeugende Ma\u00dfnahmen<\/strong> zu ergreifen<strong>.<\/strong><\/span><\/p>\n<h2><span style=\"color: #000000\">Lagerung und Warnhinweise<\/span><\/h2>\n<p><span style=\"color: #000000\">K\u00fchl und trocken bei einer Temperatur von bis zu 25 \u00b0C aufbewahren. Das Nahrungserg\u00e4nzungsmittel au\u00dferhalb der Reichweite von Kindern aufbewahren!<\/span><\/p>\n<p><span style=\"color: #000000\">Denken Sie daran, wie wichtig eine abwechslungsreiche Ern\u00e4hrung und eine gesunde Lebensweise sind; ein Nahrungserg\u00e4nzungsmittel ist daher kein Ersatz f\u00fcr eine ausgewogene und abwechslungsreiche Ern\u00e4hrung. Die empfohlene Tagesmenge oder Dosis sollte nicht \u00fcberschritten werden. Schwangeren Frauen und stillenden M\u00fcttern wird von der Einnahme abgeraten. Vorsicht ist auch bei der Einnahme bestimmter Diabetes-Medikamente geboten.<\/span><\/p>\n<h2><span style=\"color: #000000\">Verpackung<\/span><\/h2>\n<p><span style=\"color: #000000\">Nicht durchl\u00e4ssiger Zip-Lock-Beutel, in dem das Produkt seine Frische und sein Aroma bewahrt. Die Verpackung sch\u00fctzt das Produkt vor Licht und Luft, da sie aus mehreren Schutzschichten besteht, um die Eigenschaften des Inhalts zu erhalten.<\/span><\/p>\n<p><span style=\"color: #000000\">Die Verpackung ist sehr praktisch und recycelbar.<\/span><\/p>\n<h2><span style=\"color: #000000\">Herkunft<\/span><\/h2>\n<p><span style=\"color: #000000\">Indien<\/span><\/p>\n","protected":false},"excerpt":{"rendered":"<p align=\"JUSTIFY\">Die manchmal auch als Mariendistel bezeichnete Pflanze ist am besten f\u00fcr die Behandlung von Leberkrankheiten bekannt, da sie:<\/p>\n<p align=\"JUSTIFY\"><span style=\"color: #000000\">\ud83d\udc9a sch\u00fctzt die Leber vor Giftstoffen,<\/span><br \/>\n<span style=\"color: #000000\">\ud83d\udc9a hilft bei der Entgiftung,<\/span><br \/>\n<span style=\"color: #000000\">\ud83d\udc9a antioxidative Eigenschaften hat,<\/span><br \/>\n<span style=\"color: #000000\">\ud83d\udc9a lindert Leberkrankheiten.<\/span><\/p>\n<p align=\"JUSTIFY\">\n","protected":false},"featured_media":6228,"comment_status":"open","ping_status":"closed","template":"","meta":{"_acf_changed":false},"product_brand":[],"product_cat":[15,225,224,194,231],"product_tag":[],"class_list":{"0":"post-6227","1":"product","2":"type-product","3":"status-publish","4":"has-post-thumbnail","6":"product_cat-uncategorized","7":"product_cat-alle-produkte","8":"product_cat-angebot","9":"product_cat-ayurveda","10":"product_cat-superfood","12":"first","13":"instock","14":"taxable","15":"shipping-taxable","16":"purchasable","17":"product-type-simple"},"acf":[],"_links":{"self":[{"href":"https:\/\/fengchashop.com\/at\/wp-json\/wp\/v2\/product\/6227","targetHints":{"allow":["GET"]}}],"collection":[{"href":"https:\/\/fengchashop.com\/at\/wp-json\/wp\/v2\/product"}],"about":[{"href":"https:\/\/fengchashop.com\/at\/wp-json\/wp\/v2\/types\/product"}],"replies":[{"embeddable":true,"href":"https:\/\/fengchashop.com\/at\/wp-json\/wp\/v2\/comments?post=6227"}],"wp:featuredmedia":[{"embeddable":true,"href":"https:\/\/fengchashop.com\/at\/wp-json\/wp\/v2\/media\/6228"}],"wp:attachment":[{"href":"https:\/\/fengchashop.com\/at\/wp-json\/wp\/v2\/media?parent=6227"}],"wp:term":[{"taxonomy":"product_brand","embeddable":true,"href":"https:\/\/fengchashop.com\/at\/wp-json\/wp\/v2\/product_brand?post=6227"},{"taxonomy":"product_cat","embeddable":true,"href":"https:\/\/fengchashop.com\/at\/wp-json\/wp\/v2\/product_cat?post=6227"},{"taxonomy":"product_tag","embeddable":true,"href":"https:\/\/fengchashop.com\/at\/wp-json\/wp\/v2\/product_tag?post=6227"}],"curies":[{"name":"wp","href":"https:\/\/api.w.org\/{rel}","templated":true}]}}