{"id":6223,"date":"2022-03-03T09:39:04","date_gmt":"2022-03-03T08:39:04","guid":{"rendered":"https:\/\/fengchashop.com\/at\/product\/tribulus-terrestris-bio-250-g\/"},"modified":"2026-04-18T00:56:27","modified_gmt":"2026-04-17T22:56:27","slug":"tribulus-terrestris-bio","status":"publish","type":"product","link":"https:\/\/fengchashop.com\/at\/product\/tribulus-terrestris-bio\/","title":{"rendered":"Tribulus terrestris BIO 250 g"},"content":{"rendered":"<h2><span style=\"color: #000000\">Tribulus terrestris BIO Pulver<\/span><\/h2>\n<p><span style=\"color: #000000\">Tribulus terrestris (auch <strong>gokshura<\/strong>) ist eine Pflanze, die in unserem Land w\u00e4chst, obwohl sie seltener zu sehen ist. Sie ist auch als <strong>Zahnwurz<\/strong> bekannt <strong>.<\/strong> Da sie in der Welt ziemlich weit verbreitet ist, wird sie manchmal als Unkraut betrachtet. Bei uns w\u00e4chst sie meist an Stra\u00dfenr\u00e4ndern oder Bahngleisen. Es handelt sich um eine niedrig wachsende Pflanze mit kleinen gelben Bl\u00fcten. Aus den extrem harten und stacheligen Fr\u00fcchten der Pflanze werden verschiedene Nahrungserg\u00e4nzungsmittel hergestellt, die<strong> die sexuelle Potenz steigern und den Testosteronspiegel im K\u00f6rper erh\u00f6hen.<\/strong> Aus diesem Grund nimmt sie in der traditionellen chinesischen Medizin und im Ayurveda einen besonderen Platz ein, da sie als <strong>nat\u00fcrliches Aphrodisiakum gilt.<\/strong> Dar\u00fcber hinaus hat es weitere Vorteile, die vor allem f\u00fcr M\u00e4nner gelten. <strong>Er wird bei sexuellen St\u00f6rungen, einschlie\u00dflich erektiler Dysfunktion, eingesetzt.<\/strong><\/span><\/p>\n<p><span style=\"color: #000000\">Da der Zahnstocher den Spiegel des Hormons Testosteron anhebt, wird er auch h\u00e4ufig von Personen verwendet, die ihren Muskeltonus erh\u00f6hen wollen, wie Bodybuilder und Sportler. Athleten schw\u00f6ren auf die Mariendistel wegen ihrer anabolen Wirkung. Denn ein hoher Spiegel des Hormons Testosteron stimuliert die Proteinsynthese. Dies f\u00fchrt bei Sportlern zu einer Zunahme der Muskelmasse und folglich zu mehr Ausdauer, Energie und Kraft.<\/span><\/p>\n<h2><span style=\"color: #000000\">Wer kann von der Einnahme von Tribulus terrestris profitieren?<\/span><\/h2>\n<p><span style=\"color: #000000\">Zu den aktiven Inhaltsstoffen des Tribulus terrestris geh\u00f6ren<strong> Saponine, Flavonoide, Alkaloide, Glykoside und Ligninamide.<\/strong> Das gemeine Zahnwurz enth\u00e4lt <strong>luteinisierendes Hormon,<\/strong> von dem angenommen wird, dass es die Hoden zur Produktion des Hormons Testosteron anregt. Dieses reguliert die Funktion der Hoden bei M\u00e4nnern und der Eierst\u00f6cke bei Frauen. Daher spielt es eine wichtige Rolle f\u00fcr den Menstruationszyklus der Frau.<\/span><\/p>\n<p><span style=\"color: #000000\">Bei M\u00e4nnern im mittleren Alter treten \u00e4hnliche hormonelle Ver\u00e4nderungen auf wie bei Frauen in den Wechseljahren. Infolge des sinkenden Testosteronspiegels wird das Gleichgewicht der Sexualhormone gest\u00f6rt, was bei M\u00e4nnern zu \u00e4hnlichen Problemen f\u00fchrt wie bei Frauen in den Wechseljahren. Dieses Ph\u00e4nomen wird als <strong>Andropause<\/strong> oder m\u00e4nnliche Menopause bezeichnet. Die Andropause ist h\u00e4ufig f\u00fcr die Probleme verantwortlich, die bei M\u00e4nnern im mittleren Lebensalter (irgendwann nach dem 40. Lebensjahr) auftreten. Ein niedriger Testosteronspiegel kann zu einem Abfall der Energie, einem Anstieg des Cholesterinspiegels und des Blutzuckerspiegels, einer Verschlechterung des Ged\u00e4chtnisses und der Konzentrationsf\u00e4higkeit, unruhigem Schlaf, hohem Blutdruck und anderen \u00e4hnlichen Problemen wie Reizbarkeit, Unruhe und einer Zunahme der Fettpolster um die Taille f\u00fchren. Ein normaler, d.h. h\u00f6herer Testosteronspiegel bei M\u00e4nnern ist auch wichtig f\u00fcr ein gesundes Herz und gesunde Blutgef\u00e4\u00dfe.<\/span><\/p>\n<p><span style=\"color: #000000\">Die Einnahme von Tribulus terrestris ist also in mehreren Bereichen der Gesundheit und des Wohlbefindens des Mannes von Vorteil. Es eignet sich jedoch vor allem f\u00fcr Menschen mittleren und h\u00f6heren Alters, die bereits unter den Auswirkungen einer nachlassenden Potenz und eines nachlassenden Sexualtriebs leiden. Obwohl es eher f\u00fcr M\u00e4nner gedacht ist, da es den Spiegel des m\u00e4nnlichen Sexualhormons Testosteron anhebt,<strong> kann es auch von Frauen<\/strong> als nat\u00fcrliches Aphrodisiakum<strong> verwendet<\/strong> werden. Es kann auch die weibliche Fruchtbarkeit steigern und bei Menstruations- und Wechseljahrsbeschwerden helfen. Da es das nat\u00fcrliche Gleichgewicht des weiblichen Hormons unterst\u00fctzen kann, wirkt es sich auch positiv auf unser psychisches Wohlbefinden aus.<\/span><\/p>\n<h2><span style=\"color: #000000\">Lagerung und Warnhinweise<\/span><\/h2>\n<p><span style=\"color: #000000\">An einem k\u00fchlen und trockenen Ort aufbewahren. Bewahren Sie das Nahrungserg\u00e4nzungsmittel au\u00dferhalb der Reichweite von Kindern auf!<\/span><\/p>\n<p><span style=\"color: #000000\">Denken Sie daran, wie wichtig eine abwechslungsreiche Ern\u00e4hrung und eine gesunde Lebensweise sind; ein Nahrungserg\u00e4nzungsmittel ist daher kein Ersatz f\u00fcr eine ausgewogene und abwechslungsreiche Ern\u00e4hrung. Die empfohlene Tagesmenge oder Dosis sollte nicht \u00fcberschritten werden. Nicht geeignet f\u00fcr Kinder, Schwangere und stillende M\u00fctter.<\/span><\/p>\n<p><span style=\"color: #000000\">Da es zu einer Vergr\u00f6\u00dferung der Prostata f\u00fchren kann, wird es nicht f\u00fcr M\u00e4nner mit einer vergr\u00f6\u00dferten Prostata empfohlen. Auch bei Frauen, die an Brust- oder Geb\u00e4rmutterkrebs erkrankt sind, wird von der Einnahme abgeraten.<\/span><\/p>\n<h2><span style=\"color: #000000\">Verpackung<\/span><\/h2>\n<p><span style=\"color: #000000\">Nicht durchl\u00e4ssiger Zip-Lock-Beutel, in dem das Produkt seine Frische und sein Aroma bewahrt. Die Verpackung sch\u00fctzt das Produkt vor Licht und Luft, da sie aus mehreren Schutzschichten besteht, um die Eigenschaften des Inhalts zu erhalten.<\/span><\/p>\n<p><span style=\"color: #000000\">Die Verpackung ist sehr praktisch und recycelbar.<\/span><\/p>\n<h2><span style=\"color: #000000\">Herkunft<\/span><\/h2>\n<p><span style=\"color: #000000\">Indien<\/span><\/p>\n","protected":false},"excerpt":{"rendered":"<p align=\"JUSTIFY\"><span style=\"color: #000000\">Tribulus terrestris (auch <strong><em>gokshura<\/em><\/strong>) ist eine Pflanze, die auch hier w\u00e4chst, obwohl sie seltener zu sehen ist. Sie ist als<strong> Zahnwurz<\/strong> bekannt. Bei uns w\u00e4chst sie meist an Stra\u00dfenr\u00e4ndern oder Bahngleisen. Es handelt sich um eine niedrig wachsende Pflanze mit kleinen gelben Bl\u00fcten. Die extrem harten und stacheligen Fr\u00fcchte der Pflanze werden zur Herstellung verschiedener sexualit\u00e4tsf\u00f6rdernder Nahrungserg\u00e4nzungsmittel und verwendet:<\/span><\/p>\n<p align=\"JUSTIFY\"><span style=\"color: #000000\">\ud83d\udc9a ist ein nat\u00fcrliches Aphrodisiakum,<\/span><br \/>\n<span style=\"color: #000000\">\ud83d\udc9a erh\u00f6ht den Testosteronspiegel im K\u00f6rper,<\/span><br \/>\n<span style=\"color: #000000\">\ud83d\udc9a mildert die Symptome der Andropause,<\/span><br \/>\n<span style=\"color: #000000\">\ud83d\udc9a reduziert Probleme im Zusammenhang mit sexueller Dysfunktion.<\/span><\/p>\n","protected":false},"featured_media":6224,"comment_status":"open","ping_status":"closed","template":"","meta":{"_acf_changed":false},"product_brand":[],"product_cat":[15,225,224,226,231],"product_tag":[],"class_list":{"0":"post-6223","1":"product","2":"type-product","3":"status-publish","4":"has-post-thumbnail","6":"product_cat-uncategorized","7":"product_cat-alle-produkte","8":"product_cat-angebot","9":"product_cat-bestseller","10":"product_cat-superfood","12":"first","13":"instock","14":"sale","15":"taxable","16":"shipping-taxable","17":"purchasable","18":"product-type-simple"},"acf":[],"_links":{"self":[{"href":"https:\/\/fengchashop.com\/at\/wp-json\/wp\/v2\/product\/6223","targetHints":{"allow":["GET"]}}],"collection":[{"href":"https:\/\/fengchashop.com\/at\/wp-json\/wp\/v2\/product"}],"about":[{"href":"https:\/\/fengchashop.com\/at\/wp-json\/wp\/v2\/types\/product"}],"replies":[{"embeddable":true,"href":"https:\/\/fengchashop.com\/at\/wp-json\/wp\/v2\/comments?post=6223"}],"wp:featuredmedia":[{"embeddable":true,"href":"https:\/\/fengchashop.com\/at\/wp-json\/wp\/v2\/media\/6224"}],"wp:attachment":[{"href":"https:\/\/fengchashop.com\/at\/wp-json\/wp\/v2\/media?parent=6223"}],"wp:term":[{"taxonomy":"product_brand","embeddable":true,"href":"https:\/\/fengchashop.com\/at\/wp-json\/wp\/v2\/product_brand?post=6223"},{"taxonomy":"product_cat","embeddable":true,"href":"https:\/\/fengchashop.com\/at\/wp-json\/wp\/v2\/product_cat?post=6223"},{"taxonomy":"product_tag","embeddable":true,"href":"https:\/\/fengchashop.com\/at\/wp-json\/wp\/v2\/product_tag?post=6223"}],"curies":[{"name":"wp","href":"https:\/\/api.w.org\/{rel}","templated":true}]}}