{"id":6207,"date":"2022-03-03T08:52:04","date_gmt":"2022-03-03T07:52:04","guid":{"rendered":"https:\/\/fengchashop.com\/at\/product\/moringa-bio-250-g\/"},"modified":"2026-04-18T01:19:08","modified_gmt":"2026-04-17T23:19:08","slug":"moringa-bio","status":"publish","type":"product","link":"https:\/\/fengchashop.com\/at\/product\/moringa-bio\/","title":{"rendered":"Moringa BIO 250 g"},"content":{"rendered":"<h2><span style=\"color: #000000\">Moringa Pulver Bio<\/span><\/h2>\n<p><span style=\"color: #000000\">Moringa ist eine seit Tausenden von Jahren bekannte Pflanze, die in der traditionellen Medizin verwendet wird. Es gibt mindestens 100 verschiedene Namen f\u00fcr diesen kleinen, aber schnell wachsenden Tropenbaum, dessen Bl\u00e4tter als eines der <strong>n\u00e4hrstoffreichsten Gem\u00fcse gelten.<\/strong><\/span><\/p>\n<p><span style=\"color: #000000\">Moringa wird wegen seines<strong> hohen Anteils an Ballaststoffen und seines hohen N\u00e4hrwerts<\/strong> als Gem\u00fcse eingestuft, denn 100 Gramm Moringa enthalten:<\/span><\/p>\n<p><span style=\"color: #000000\">&#8211; die gleiche Menge an Eiwei\u00df wie in einem Ei,<\/span><br \/>\n<span style=\"color: #000000\">&#8211; die gleiche Menge an Eisen wie ein Steak,<\/span><br \/>\n<span style=\"color: #000000\">&#8211; die gleiche Menge an Vitamin C wie eine Orange,<\/span><br \/>\n<span style=\"color: #000000\">&#8211; die gleiche Menge an Kalzium wie in einem Glas Milch.<\/span><\/p>\n<p><span style=\"color: #000000\">Es enth\u00e4lt au\u00dferdem Vitamin B3, Vitamin A, Magnesium, Antioxidantien, essentielle Aminos\u00e4uren, Flavonoide, Phenols\u00e4uren und andere N\u00e4hrstoffe, die Moringa zu einem nat\u00fcrlichen Multivitamin machen.<\/span><\/p>\n<p><span style=\"color: #000000\">Aufgrund ihres extrem breiten Wirkungsspektrums wurde sie zur <strong>Pflanze des Jahres<\/strong> 2018 gek\u00fcrt <strong>.<\/strong> Sie ist au\u00dferdem eine der am besten erforschten Pflanzen der Welt, wobei einige ihrer Wirkungen auf den menschlichen K\u00f6rper wissenschaftlich nachgewiesen wurden. Unter ihnen sind die folgenden besonders hervorzuheben:<\/span><\/p>\n<ul>\n<li><span style=\"color: #000000\">antioxidative und entz\u00fcndungshemmende Wirkung,<\/span><\/li>\n<li><span style=\"color: #000000\">Hormonregulierung,<\/span><\/li>\n<li><span style=\"color: #000000\">Regulierung des Blutzuckers, der Speichelfunktion und damit der Insulinaussch\u00fcttung,<\/span><\/li>\n<li><span style=\"color: #000000\">Regulierung des Hormonhaushalts,<\/span><\/li>\n<li><span style=\"color: #000000\">Verbesserung des Blutbildes (H\u00e4moglobin), au\u00dferdem sch\u00fctzt es Herz und Gehirn,<\/span><\/li>\n<li><span style=\"color: #000000\">Anregung der Leberfunktion und der Verdauung,<\/span><\/li>\n<li><span style=\"color: #000000\">verbessert das Hautbild,<\/span><\/li>\n<li><span style=\"color: #000000\">regt die Aussch\u00fcttung des Gl\u00fcckshormons an und hebt so die Stimmung.<\/span><\/li>\n<\/ul>\n<h2><span style=\"color: #000000\">Warum wird Moringa so sehr empfohlen?<\/span><\/h2>\n<p><span style=\"color: #000000\">Getrocknete Moringabl\u00e4tter sind leicht zu lagern und zu verwenden. Der Verzehr von 30 Gramm Moringa pro Tag deckt den Tagesbedarf an Vitamin A, 80 % des Tagesbedarfs an Kalzium, 60 % des Tagesbedarfs an Eisen und fast 40 % des Tagesbedarfs an Eiwei\u00df. Moringa enth\u00e4lt viel Eiwei\u00df, darunter alle 8 essentiellen Aminos\u00e4uren, eine breite Palette von Vitaminen und Mineralien, eine gro\u00dfe Menge an Phyton\u00e4hrstoffen und Antioxidantien.<\/span><\/p>\n<p><span style=\"color: #000000\">Moringa ist bekannt daf\u00fcr,<strong> Mangelern\u00e4hrung<\/strong> zu bek\u00e4mpfen<strong>, Entz\u00fcndungen zu lindern, die Durchblutung zu f\u00f6rdern und Infektionen vorzubeugen.<\/strong> Da es alle 8 essentiellen Aminos\u00e4uren enth\u00e4lt (zus\u00e4tzlich zu 10 weiteren Aminos\u00e4uren), ist es ein<strong> vollst\u00e4ndiges Protein, was<\/strong> unter den Pflanzen eine echte Seltenheit ist und mit tierischen Proteinen verglichen werden kann. Da es pflanzlichen Ursprungs ist, ist es ein hervorragender Ersatz f\u00fcr alle, die kein Fleisch essen und mit Moringa den Eiwei\u00dfmangel in ihrer Ern\u00e4hrung ausgleichen k\u00f6nnen.<\/span><br \/>\n<span style=\"color: #000000\">Moringa h\u00e4lt die <strong>Knochen stark und gesund<\/strong> (dank Kalzium und Magnesium),<strong> pflegt die Haut, reguliert den Blutdruck, regt die Verdauung und das Immunsystem an<\/strong> und hilft, \u00fcberfl\u00fcssige Pfunde zu verlieren (es enth\u00e4lt viele Ballaststoffe, aber wenig Fett und Kalorien).<\/span><\/p>\n<h2><span style=\"color: #000000\">Lagerung und Warnhinweise<\/span><\/h2>\n<p><span style=\"color: #000000\">K\u00fchl und trocken bei einer Temperatur von bis zu 25 \u00b0C lagern. Das Nahrungserg\u00e4nzungsmittel au\u00dferhalb der Reichweite von Kindern aufbewahren!<\/span><\/p>\n<p><span style=\"color: #000000\">Denken Sie daran, wie wichtig eine abwechslungsreiche Ern\u00e4hrung und eine gesunde Lebensweise sind; ein Nahrungserg\u00e4nzungsmittel ist daher kein Ersatz f\u00fcr eine ausgewogene und abwechslungsreiche Ern\u00e4hrung. Die empfohlene Tagesmenge oder Dosis sollte nicht \u00fcberschritten werden. Schwangeren und stillenden Frauen wird immer empfohlen, vor der Einnahme einen Arzt zu konsultieren. Ansonsten sind keine unerw\u00fcnschten Wirkungen von Moringa bekannt, so dass der Verzehr auch w\u00e4hrend der Schwangerschaft und Stillzeit unbedenklich ist.<\/span><\/p>\n<h2><span style=\"color: #000000\">Verpackung<\/span><\/h2>\n<p><span style=\"color: #000000\">Undurchl\u00e4ssiger Zip-Lock-Beutel, in dem das Produkt seine ganze Frische und sein Aroma bewahrt. Die Verpackung sch\u00fctzt das Produkt vor Licht und Luft, da sie aus mehreren Schutzschichten besteht, die die Eigenschaften des Inhalts bewahren.<\/span><\/p>\n<p><span style=\"color: #000000\">Die Verpackung ist sehr praktisch und recycelbar.<\/span><\/p>\n<h2><span style=\"color: #000000\">Herkunft<\/span><\/h2>\n<p><span style=\"color: #000000\">Tansania<\/span><\/p>\n","protected":false},"excerpt":{"rendered":"<p align=\"JUSTIFY\"><span style=\"color: #000000\">Der kleine, schnell wachsende Moringa-Baum, dessen Bl\u00e4tter zu den n\u00e4hrstoffreichsten Gem\u00fcsesorten z\u00e4hlen, gedeiht in den Tropen.<\/span><br \/>\n<span style=\"color: #000000\">Moringa wird wegen seines hohen Ballaststoffgehalts und seines hohen N\u00e4hrwerts als Gem\u00fcse eingestuft: 100 Gramm Moringa enthalten:<\/span><\/p>\n<p align=\"JUSTIFY\"><span style=\"color: #000000\">\ud83d\udc9a die gleiche Menge an Eiwei\u00df wie in einem Ei,<\/span><br \/>\n<span style=\"color: #000000\">\ud83d\udc9a die gleiche Menge an Eisen wie ein Steak,<\/span><br \/>\n<span style=\"color: #000000\">\ud83d\udc9a die gleiche Menge an Vitamin C wie eine Orange, und<\/span><br \/>\n<span style=\"color: #000000\">\ud83d\udc9a die gleiche Menge an Kalzium wie in einem Glas Milch.<\/span><\/p>\n","protected":false},"featured_media":6208,"comment_status":"open","ping_status":"closed","template":"","meta":{"_acf_changed":false},"product_brand":[],"product_cat":[15,225,224,194,231],"product_tag":[],"class_list":{"0":"post-6207","1":"product","2":"type-product","3":"status-publish","4":"has-post-thumbnail","6":"product_cat-uncategorized","7":"product_cat-alle-produkte","8":"product_cat-angebot","9":"product_cat-ayurveda","10":"product_cat-superfood","12":"first","13":"instock","14":"taxable","15":"shipping-taxable","16":"purchasable","17":"product-type-simple"},"acf":[],"_links":{"self":[{"href":"https:\/\/fengchashop.com\/at\/wp-json\/wp\/v2\/product\/6207","targetHints":{"allow":["GET"]}}],"collection":[{"href":"https:\/\/fengchashop.com\/at\/wp-json\/wp\/v2\/product"}],"about":[{"href":"https:\/\/fengchashop.com\/at\/wp-json\/wp\/v2\/types\/product"}],"replies":[{"embeddable":true,"href":"https:\/\/fengchashop.com\/at\/wp-json\/wp\/v2\/comments?post=6207"}],"wp:featuredmedia":[{"embeddable":true,"href":"https:\/\/fengchashop.com\/at\/wp-json\/wp\/v2\/media\/6208"}],"wp:attachment":[{"href":"https:\/\/fengchashop.com\/at\/wp-json\/wp\/v2\/media?parent=6207"}],"wp:term":[{"taxonomy":"product_brand","embeddable":true,"href":"https:\/\/fengchashop.com\/at\/wp-json\/wp\/v2\/product_brand?post=6207"},{"taxonomy":"product_cat","embeddable":true,"href":"https:\/\/fengchashop.com\/at\/wp-json\/wp\/v2\/product_cat?post=6207"},{"taxonomy":"product_tag","embeddable":true,"href":"https:\/\/fengchashop.com\/at\/wp-json\/wp\/v2\/product_tag?post=6207"}],"curies":[{"name":"wp","href":"https:\/\/api.w.org\/{rel}","templated":true}]}}