{"id":6188,"date":"2022-02-22T11:26:11","date_gmt":"2022-02-22T10:26:11","guid":{"rendered":"https:\/\/fengchashop.com\/at\/product\/maca-schwarzpulver-bio-250-g\/"},"modified":"2026-04-19T08:07:58","modified_gmt":"2026-04-19T06:07:58","slug":"mac-schwarzpulver-bio","status":"publish","type":"product","link":"https:\/\/fengchashop.com\/at\/product\/mac-schwarzpulver-bio\/","title":{"rendered":"Maca Schwarzpulver BIO 250 g"},"content":{"rendered":"<h2><span style=\"color: #000000\">Maca schwarz Pulver BIO<\/span><\/h2>\n<p><span style=\"color: #000000\">Maca ist eine Wurzelpflanze, die im peruanischen Hochland und in den Anden gedeiht, wo sie extremen Wetterbedingungen und gro\u00dfen Temperaturunterschieden zwischen Tag und Nacht ausgesetzt ist. Sie wird auch <strong>peruanischer Ginseng<\/strong> genannt <strong>.<\/strong> Da sie praktisch unbesiegbar ist, haben sich die alten Inkas ihre aktiven Eigenschaften zunutze gemacht, die besonders gut f\u00fcr die <strong>m\u00e4nnliche Potenz<\/strong> sind und eine positive Wirkung auf die allgemeine Gesundheit haben. Aus letzterem Grund gilt sie als \u00e4u\u00dferst wertvolles Superfood.<\/span><\/p>\n<p><span style=\"color: #000000\">Der medizinische Teil der Muskatbl\u00fcte ist die Knolle, die viele <strong>Vitamine, Mineralien und Aminos\u00e4uren enth\u00e4lt.<\/strong> Aufgrund ihrer hormon\u00e4hnlichen Eigenschaften reguliert sie den \u00d6strogen- und Progesteronspiegel bzw. das Testosteron, was sich positiv auf unser Wohlbefinden auswirkt und uns Kraft und Ausdauer verleiht. Ihr Gehalt an wichtigen Vitaminen wie Vitamin B1, B12, C und E sowie an Fetts\u00e4uren, Mineralien und Aminos\u00e4uren (darunter 7 essentielle, d.h. solche, die unser K\u00f6rper braucht) macht Maca zu einem der wirksamsten, begehrtesten und empfehlenswertesten nat\u00fcrlichen Superfoods mit einer jahrtausendealten Tradition.<\/span><\/p>\n<p><span style=\"color: #000000\">Sie ist ein<strong> adaptogenes Kraut, das<\/strong> <strong>Energie, Ausdauer, Vitalit\u00e4t und k\u00f6rperliche Kraft steigert.<\/strong> Es hilft uns, auf Stress zu reagieren und uns leichter an Ver\u00e4nderungen anzupassen. Am h\u00e4ufigsten kommt es in den Anden in Zentralperu vor, unter rauen Bedingungen und in sehr gro\u00dfen H\u00f6hen &#8211; \u00fcber 4000 m. Er ist ein Kreuzbl\u00fctler wie Brokkoli, Blumenkohl, R\u00fcben, Kohl, Gr\u00fcnkohl und Rettich. Der essbare Teil der Pflanze ist die Wurzel oder Knolle. Es gibt sie in verschiedenen Farben, von wei\u00df bis schwarz. Die beliebtesten Farben sind <strong>gelb, rot und schwarz.<\/strong> Die einfache gelbe Maca wird f\u00fcr den t\u00e4glichen und langfristigen Verzehr verwendet. Die rote und die schwarze Maca gelten als heilige Sorten und werden bei chronischen therapeutischen Problemen verwendet. Gelbe Maca ist neutral. Rot gilt als f\u00fcr die innere weibliche Energie. Schwarz steht f\u00fcr die <strong>\u00e4u\u00dfere, m\u00e4nnliche Energie.<\/strong> Die einheimischen Schamanen wissen genau, welche Art oder welches Verh\u00e4ltnis von Maca eine Person mit Problemen zu sich nehmen sollte.<\/span><\/p>\n<p><span style=\"color: #000000\">Sie hat einen sehr s\u00fc\u00dfen Geschmack und eine breite Palette von Verwendungsm\u00f6glichkeiten.<\/span><\/p>\n<p><span style=\"color: #000000\">Die schwarze Maca macht nur etwa 10 % der weltweiten Produktion aller Maca-Arten aus. Sie wird auch wegen ihrer medizinischen Verwendung sehr gesch\u00e4tzt.<\/span><\/p>\n<h2><span style=\"color: #000000\">Warum die schwarze Maca?<\/span><\/h2>\n<p><span style=\"color: #000000\">Die schwarze Maca gilt als nat\u00fcrliches Viagra. Sie hat einen bedeutenden Einfluss auf die Anzahl und die Beweglichkeit der Spermatozoen. Sie wird daher besonders von Paaren gesch\u00e4tzt, die nicht schwanger werden k\u00f6nnen. Au\u00dferdem verleiht sie Kraft, verbessert die Stimmung, vertreibt Stress und \u00c4ngste, verbessert das Ged\u00e4chtnis und die Konzentration, wirkt als nat\u00fcrliches Antidepressivum und verbessert den Schlaf.<\/span><\/p>\n<p><span style=\"color: #000000\">Unsere Maca stammt aus den biologischen Hochgebirgsfarmen Perus und ist zu 100% <strong>biologisch.<\/strong> Jede Charge wird analysiert und zertifiziert.<\/span><\/p>\n<h2><span style=\"color: #000000\">Warum sollten Sie unsere Maca bestellen?<\/span><\/h2>\n<p><span style=\"color: #000000\">Unser Maca-Pulver stammt aus <strong>kontrolliert biologischem Anbau, wird<\/strong> sorgf\u00e4ltig getrocknet und zu einem mehlartigen Pulver vermahlen. Au\u00dferdem achten wir regelm\u00e4\u00dfig darauf, dass unsere Matzevorr\u00e4te immer <strong>frisch<\/strong> sind! Aus diesem Grund bereiten wir die Mischung auch sorgf\u00e4ltig selbst zu, denn nur so k\u00f6nnen wir ihre Integrit\u00e4t mit frischen Zutaten im richtigen Verh\u00e4ltnis gew\u00e4hrleisten.<\/span><\/p>\n<p><span style=\"color: #000000\">Die Maca stammt aus biologischen Hochgebirgsfarmen in Peru, und wir haben jede Charge analysiert und validiert.<\/span><\/p>\n<h2><span style=\"color: #000000\">Lagerung und Warnhinweise<\/span><\/h2>\n<p><span style=\"color: #000000\">K\u00fchl und trocken bei einer Temperatur von bis zu 25 \u00b0C lagern. Das Nahrungserg\u00e4nzungsmittel f\u00fcr Kinder unzug\u00e4nglich aufbewahren!<\/span><\/p>\n<p><span style=\"color: #000000\">Denken Sie daran, wie wichtig eine abwechslungsreiche Ern\u00e4hrung und eine gesunde Lebensweise sind; ein Nahrungserg\u00e4nzungsmittel ist daher kein Ersatz f\u00fcr eine ausgewogene und abwechslungsreiche Ern\u00e4hrung. Die empfohlene Tagesmenge oder Dosis sollte nicht \u00fcberschritten werden. Schwangeren und stillenden Frauen wird immer empfohlen, vor der Einnahme einen Arzt zu konsultieren.<\/span><\/p>\n<h2><span style=\"color: #000000\">Verpackung<\/span><\/h2>\n<p><span style=\"color: #000000\">Undurchl\u00e4ssiger Zip-Lock-Beutel, in dem das Produkt seine ganze Frische und sein Aroma bewahrt. Die Verpackung sch\u00fctzt das Produkt vor Licht und Luft, da sie aus mehreren Schutzschichten besteht, um die Eigenschaften des Inhalts zu erhalten.<\/span><\/p>\n<p><span style=\"color: #000000\">Die Verpackung ist sehr praktisch und recycelbar.<\/span><\/p>\n<h2><span style=\"color: #000000\">Herkunft<\/span><\/h2>\n<p><span style=\"color: #000000\">Peru<\/span><\/p>\n","protected":false},"excerpt":{"rendered":"<p align=\"JUSTIFY\">Maca ist eine Wurzelpflanze, die im Hochland der peruanischen Anden gedeiht, wo sie<strong> extremen Wetterbedingungen<\/strong> und gro\u00dfen Temperaturunterschieden zwischen Tag und Nacht ausgesetzt ist. Der medizinische Teil der Maca ist die Knolle, die viele<strong> Vitamine, Mineralien und Aminos\u00e4uren<\/strong> enth\u00e4lt. Mit wichtigen Vitaminen wie Vitamin B1, B12, C und E sowie Fetts\u00e4uren, Mineralien und Aminos\u00e4uren ist Maca eines der wirksamsten, begehrtesten und empfehlenswertesten nat\u00fcrlichen Superfoods mit einer jahrtausendealten Tradition.<\/p>\n<p align=\"JUSTIFY\">\ud83d\udc9a F\u00fcr externe m\u00e4nnliche Energie.<br \/>\n\ud83d\udc9a F\u00fcr ein H\u00f6chstma\u00df an Gesundheit und Vitalit\u00e4t.<br \/>\n\ud83d\udc9a Verbessert die Stimmung, wehrt Stress und \u00c4ngste ab.<br \/>\n\ud83d\udc9a Steigert Vitalit\u00e4t und Kraft.<\/p>\n","protected":false},"featured_media":6189,"comment_status":"open","ping_status":"closed","template":"","meta":{"_acf_changed":false},"product_brand":[],"product_cat":[15,231],"product_tag":[],"class_list":{"0":"post-6188","1":"product","2":"type-product","3":"status-publish","4":"has-post-thumbnail","6":"product_cat-uncategorized","7":"product_cat-superfood","9":"first","10":"instock","11":"sale","12":"taxable","13":"shipping-taxable","14":"purchasable","15":"product-type-simple"},"acf":[],"_links":{"self":[{"href":"https:\/\/fengchashop.com\/at\/wp-json\/wp\/v2\/product\/6188","targetHints":{"allow":["GET"]}}],"collection":[{"href":"https:\/\/fengchashop.com\/at\/wp-json\/wp\/v2\/product"}],"about":[{"href":"https:\/\/fengchashop.com\/at\/wp-json\/wp\/v2\/types\/product"}],"replies":[{"embeddable":true,"href":"https:\/\/fengchashop.com\/at\/wp-json\/wp\/v2\/comments?post=6188"}],"wp:featuredmedia":[{"embeddable":true,"href":"https:\/\/fengchashop.com\/at\/wp-json\/wp\/v2\/media\/6189"}],"wp:attachment":[{"href":"https:\/\/fengchashop.com\/at\/wp-json\/wp\/v2\/media?parent=6188"}],"wp:term":[{"taxonomy":"product_brand","embeddable":true,"href":"https:\/\/fengchashop.com\/at\/wp-json\/wp\/v2\/product_brand?post=6188"},{"taxonomy":"product_cat","embeddable":true,"href":"https:\/\/fengchashop.com\/at\/wp-json\/wp\/v2\/product_cat?post=6188"},{"taxonomy":"product_tag","embeddable":true,"href":"https:\/\/fengchashop.com\/at\/wp-json\/wp\/v2\/product_tag?post=6188"}],"curies":[{"name":"wp","href":"https:\/\/api.w.org\/{rel}","templated":true}]}}