{"id":6184,"date":"2022-02-22T10:31:14","date_gmt":"2022-02-22T09:31:14","guid":{"rendered":"https:\/\/fengchashop.com\/at\/product\/ganoderma-lucidum-reishi-bio-kapseln-120-kapseln\/"},"modified":"2026-01-29T16:46:53","modified_gmt":"2026-01-29T15:46:53","slug":"ganoderma-lucidum-reishi-bio-kapseln","status":"publish","type":"product","link":"https:\/\/fengchashop.com\/at\/product\/ganoderma-lucidum-reishi-bio-kapseln\/","title":{"rendered":"Ganoderma lucidum (Reishi) BIO Kapseln 120 Kapseln"},"content":{"rendered":"<h2><span style=\"color: #000000\">Ganoderma lucidum (Reishi) BIO<\/span><\/h2>\n<p><span style=\"color: #000000\">Der Ganoderma lucidum, auch als <strong>Pilz der Unsterblichkeit<\/strong> bekannt, wird in der traditionellen chinesischen Medizin seit mindestens einigen Jahrtausenden verwendet. Er ist daf\u00fcr bekannt, das<strong> allgemeine Wohlbefinden und das Immunsystem zu verbessern.<\/strong> Dar\u00fcber hinaus hat er zahlreiche weitere positive Auswirkungen auf unsere Gesundheit. Unter anderem kann sie einen unausgeglichenen K\u00f6rper in einen gesunden umwandeln und dabei helfen, eine gute k\u00f6rperliche Verfassung aufrechtzuerhalten und das lebenswichtige Gleichgewicht unseres K\u00f6rpers zu bewahren.<\/span><\/p>\n<p><span style=\"color: #000000\">In der traditionellen chinesischen Medizin wird es <strong>seit mindestens 4000 Jahren verwendet.<\/strong> In der westlichen Welt hat er jedoch erst in j\u00fcngster Zeit besonderes Interesse gefunden. In Asien gilt Ganoderma als ein Pilz, der <strong>die Langlebigkeit f\u00f6rdert und die Gesundheit st\u00e4rkt.<\/strong> Es wird auch angenommen, dass er sich auf unsere geistige und psychische Gesundheit auswirkt. Viele glauben, dass er Spannungen l\u00f6st, beruhigt, Ged\u00e4chtnis und Konzentration verbessert und den Willen st\u00e4rkt.<\/span><\/p>\n<p><span style=\"color: #000000\">Die Produktion unseres Ganoderma lucidum wird streng kontrolliert, ohne Verwendung von Chemikalien oder Pestiziden und zu 100% <strong>biologisch<\/strong>. Die Qualit\u00e4t der Pilze wird regelm\u00e4\u00dfig von unabh\u00e4ngigen Labors in Slowenien und den USA kontrolliert.<\/span><\/p>\n<h2><span style=\"color: #000000\">Was enth\u00e4lt er und f\u00fcr wen ist er geeignet?<\/span><\/h2>\n<p><span style=\"color: #000000\">Der Ganoderma lucidum besteht aus <strong>komplexen Polysacchariden, Triterpenoiden, Vitaminen<\/strong> (A, B2, B3, B6, Fols\u00e4ure usw.) und<strong> bioaktiven Mineralien<\/strong> (Germanium, Eisen, Magnesium, Zink, Kupfer, Mangan usw.). Sie ist auch eine nat\u00fcrliche Quelle von Beta-Glucan, das eine wichtige Rolle beim Aufbau eines <strong>gesunden Immunsystems<\/strong> spielt. Alle diese Elemente sind in gro\u00dfen Mengen im Pilz vorhanden und haben daher eine \u00e4u\u00dferst positive Wirkung auf unseren K\u00f6rper.<\/span><\/p>\n<p><span style=\"color: #000000\">Der Reishi ist einer der bew\u00e4hrtesten Heilpilze. Seine aktiven Eigenschaften wurden auch<strong> wissenschaftlich nachgewiesen<\/strong>. Auch unsere Heilpilze werden regelm\u00e4\u00dfig in Zusammenarbeit mit slowenischen und ausl\u00e4ndischen Forschungsinstituten untersucht.<\/span><\/p>\n<p><span style=\"color: #000000\">In Pulverform enth\u00e4lt der Ganoderma lucidum viele N\u00e4hrstoffe. Studien in verschiedenen L\u00e4ndern der Welt haben zahlreiche positive Wirkungen bei regelm\u00e4\u00dfigem Verzehr von Ganoderma lucidum festgestellt. Wir empfehlen daher den Verzehr von Ganoderma lucidum so gut wie jedem. Vor allem denjenigen, die von den folgenden Wirkungen profitieren w\u00fcrden:<\/span><\/p>\n<p><span style=\"color: #000000\"> &#8211; Stimuliert das Immunsystem,<\/span><\/p>\n<p><span style=\"color: #000000\"> &#8211; hat eine krebshemmende Wirkung,<\/span><\/p>\n<p><span style=\"color: #000000\"> &#8211; verbessert die Blutzirkulation,<\/span><\/p>\n<p><span style=\"color: #000000\"> &#8211; reguliert den Blutdruck, den Cholesterinspiegel und den Blutzucker bei Diabetes,<\/span><\/p>\n<p><span style=\"color: #000000\"> &#8211; hat eine antiallergische Wirkung,<\/span><\/p>\n<p><span style=\"color: #000000\"> &#8211; beugt Hepatitis vor,<\/span><\/p>\n<p><span style=\"color: #000000\"> &#8211; hat die Funktion, das Herz und das Gef\u00e4\u00dfsystem gesund zu erhalten,<\/span><\/p>\n<p><span style=\"color: #000000\"> &#8211; ist ein starkes Antioxidans, das freie Radikale abf\u00e4ngt,<\/span><\/p>\n<p><span style=\"color: #000000\"> &#8211; reduziert die Nebenwirkungen der Chemotherapie,<\/span><\/p>\n<p><span style=\"color: #000000\"> &#8211; hilft bei Arteriosklerose und Multipler Sklerose,<\/span><\/p>\n<p><span style=\"color: #000000\"> &#8211; hilft bei Asthma und Bronchitis,<\/span><\/p>\n<p><span style=\"color: #000000\"> &#8211; hat eine entz\u00fcndungshemmende Wirkung,<\/span><\/p>\n<p><span style=\"color: #000000\"> &#8211; hilft bei Depressionen, Stress, Nervosit\u00e4t, Angst, Unruhe, M\u00fcdigkeit, Schlafst\u00f6rungen,<\/span><\/p>\n<p><span style=\"color: #000000\"> &#8211; hilft bei Magenverstimmungen, Darmgeschw\u00fcren, Gastritis, Fettstoffwechselst\u00f6rungen, beschleunigt die Verdauung und verhindert Darmentz\u00fcndungen und Sodbrennen,<\/span><\/p>\n<p><span style=\"color: #000000\"> &#8211; lindert Wechseljahrsbeschwerden und stimuliert die Libido,<\/span><\/p>\n<p><span style=\"color: #000000\"> &#8211; beugt Thrombose, Herzrhythmusst\u00f6rungen und Herzinfarkten vor,<\/span><\/p>\n<p><span style=\"color: #000000\"> &#8211; beruhigt und beugt allergischen Reaktionen wie anaphylaktischem Schock, Urtikaria, Bronchialasthma vor,<\/span><\/p>\n<p><span style=\"color: #000000\"> &#8211; hilft bei Entz\u00fcndungen des Nervensystems, Herpes zoster, Neurodermitis und atopischer Dermatitis,<\/span><\/p>\n<p><span style=\"color: #000000\"> &#8211; hilft auch bei Migr\u00e4ne, Erk\u00e4ltungen, \u00d6demen, Gicht, reduziert \u00dcbergewicht und so weiter.<\/span><\/p>\n<p><span style=\"color: #000000\">Und was hier sehr wichtig ist, ist, dass Ganoderma lucidum ein 100% <strong>nat\u00fcrliches Produkt<\/strong> ist, das uns auf nat\u00fcrliche Weise helfen kann. Er lindert die Symptome unserer Probleme und wirkt sich positiv auf unser allgemeines Wohlbefinden aus.<\/span><\/p>\n<h2><span style=\"color: #000000\">Warum Pilze?<\/span><\/h2>\n<p><span style=\"color: #000000\">Pilze sind sehr interessant. Sie sind weder Pflanzen noch Tiere, aber was sie sind, sind sicherlich erstaunliche Organismen, die es geschafft haben, fast seit Anbeginn der Welt zu \u00fcberleben. Sie haben eine besondere \u00dcberlebensstrategie entwickelt, die sie bis heute erhalten hat. Und auch wir Menschen k\u00f6nnen von diesen Vorteilen profitieren, indem wir Heilpilze konsumieren. Sie bringen uns auf k\u00f6rperlicher Ebene ins Gleichgewicht und sch\u00fctzen uns vor vielen Krankheiten. Sie k\u00f6nnen eine <strong>vorbeugende<\/strong> oder<strong> unterst\u00fctzende Heilbehandlung<\/strong> f\u00fcr viele (moderne) Krankheiten sein, ob konventionell oder unkonventionell. Traditionell wird den Pilzen eine Wirkung bei Krebs, Autoimmunerkrankungen und Allergien zugeschrieben. Sie sind auch gut f\u00fcr ein gesundes und starkes Immunsystem. Die Gesundheitsforschung der letzten Jahrzehnte, als Pilze in der westlichen Welt an Interesse gewannen, hat jedoch viele ihrer therapeutischen Wirkungen best\u00e4tigt.<\/span><\/p>\n<p><span style=\"color: #000000\">Da bestimmte nat\u00fcrliche Wirkstoffe f\u00fcr uns unverdaulich oder schwer verdaulich sind, ist es sehr wichtig, nur die besten Pilzpulver zu verzehren. Die Pilze m\u00fcssen ordnungsgem\u00e4\u00df angebaut, getrocknet und zubereitet werden. Sie m\u00fcssen zu einem feinen, st\u00fcckchenfreien Pulver gemahlen werden. Die Farbe des Pulvers ist heller, h\u00e4ngt aber ansonsten auch von der Art des verzehrten Pilzes ab. Da Pilze gerade deshalb so wirksam sind, weil sie die F\u00e4higkeit haben, alles &#8211; Gutes und Schlechtes &#8211; aus der Umwelt aufzunehmen, ist es wichtig, Pilze aus biologischem Anbau zu verwenden.<\/span><\/p>\n<h2><span style=\"color: #000000\">Verpackung<\/span><\/h2>\n<p><span style=\"color: #000000\">Das Produkt ist in einem sauberen Glasbeh\u00e4lter mit einer Schicht aus schwarzer, lichtdichter Folie verpackt. Der Deckel sorgt f\u00fcr einen auslaufsicheren Verschluss, so dass Au\u00dfenger\u00fcche den Inhalt der Flasche nicht beeintr\u00e4chtigen k\u00f6nnen. Ansonsten ist das Glas selbst ebenfalls undurchl\u00e4ssig, geruchsneutral und beeintr\u00e4chtigt den Geschmack des Inhalts in keiner Weise. Solche Verpackungen sind au\u00dferdem frei von umweltsch\u00e4dlichen Kunststoffen und somit \u00f6kologischer und nachhaltiger. In der Tat ist es die ideale Verpackung, die aus nat\u00fcrlichen und nachhaltigen Zutaten hergestellt wird und f\u00fcr Spitzenqualit\u00e4t steht.<\/span><\/p>\n<h2><span style=\"color: #000000\">Lagerung und Warnhinweise<\/span><\/h2>\n<p><span style=\"color: #000000\">An einem k\u00fchlen und trockenen Ort aufbewahren. Bewahren Sie das Nahrungserg\u00e4nzungsmittel au\u00dferhalb der Reichweite von Kindern auf!<\/span><\/p>\n<p><span style=\"color: #000000\">Denken Sie daran, wie wichtig eine abwechslungsreiche Ern\u00e4hrung und eine gesunde Lebensweise sind; ein Nahrungserg\u00e4nzungsmittel ist daher kein Ersatz f\u00fcr eine ausgewogene und abwechslungsreiche Ern\u00e4hrung. Die empfohlene Tagesmenge oder Dosis sollte nicht \u00fcberschritten werden. Schwangeren und stillenden Frauen wird immer empfohlen, vor der Einnahme einen Arzt zu konsultieren.<\/span><\/p>\n<h2><span style=\"color: #000000\">Gut zu wissen<\/span><\/h2>\n<p><span style=\"color: #000000\">Das Produkt ist auch f\u00fcr Tiere geeignet. In den meisten F\u00e4llen erweisen sich Heilpilze als \u00e4u\u00dferst wirksam bei der St\u00e4rkung des Immunsystems, der Beseitigung von Allergien und Hautkrankheiten sowie bei viralen und bakteriellen Infektionen. Bitte konsultieren Sie vor der Anwendung Ihren Tierarzt \u00fcber die Zweckm\u00e4\u00dfigkeit der Einnahme und die empfohlene Tagesmenge.<\/span><\/p>\n<h2><span style=\"color: #000000\">Herkunft<\/span><\/h2>\n<p><span style=\"color: #000000\">Slowenien<\/span><\/p>\n","protected":false},"excerpt":{"rendered":"<p align=\"JUSTIFY\">Ganoderma lucidum, auch bekannt als der <strong>Pilz der Unsterblichkeit<\/strong>, wird in der traditionellen chinesischen Medizin seit mindestens einigen Jahrtausenden verwendet. Es ist bekannt, dass er das<strong> allgemeine Wohlbefinden und das Immunsystem verbessert<\/strong>. Dar\u00fcber hinaus hat er zahlreiche weitere positive Auswirkungen auf unsere Gesundheit. Es wird in der traditionellen chinesischen Medizin <strong>seit mindestens 4000 Jahren<\/strong> verwendet.<\/p>\n<p>\ud83d\udc9a Stimuliert das Immunsystem.<br \/>\n\ud83d\udc9a Verbessert die Blutzirkulation.<br \/>\n\ud83d\udc9a Es hat die Funktion, ein gesundes Herz und Gef\u00e4\u00dfsystem zu erhalten.<br \/>\n\ud83d\udc9a Es ist ein starkes Antioxidans, das freie Radikale abf\u00e4ngt.<br \/>\n\ud83d\udc9a Es hat eine positive Wirkung auf eine Reihe von Gesundheitsproblemen.<\/p>\n","protected":false},"featured_media":6185,"comment_status":"open","ping_status":"closed","template":"","meta":{"_acf_changed":false},"product_brand":[],"product_cat":[15,225,224,228],"product_tag":[],"class_list":{"0":"post-6184","1":"product","2":"type-product","3":"status-publish","4":"has-post-thumbnail","6":"product_cat-uncategorized","7":"product_cat-alle-produkte","8":"product_cat-angebot","9":"product_cat-heilpilze","11":"first","12":"outofstock","13":"taxable","14":"shipping-taxable","15":"purchasable","16":"product-type-simple"},"acf":[],"_links":{"self":[{"href":"https:\/\/fengchashop.com\/at\/wp-json\/wp\/v2\/product\/6184","targetHints":{"allow":["GET"]}}],"collection":[{"href":"https:\/\/fengchashop.com\/at\/wp-json\/wp\/v2\/product"}],"about":[{"href":"https:\/\/fengchashop.com\/at\/wp-json\/wp\/v2\/types\/product"}],"replies":[{"embeddable":true,"href":"https:\/\/fengchashop.com\/at\/wp-json\/wp\/v2\/comments?post=6184"}],"wp:featuredmedia":[{"embeddable":true,"href":"https:\/\/fengchashop.com\/at\/wp-json\/wp\/v2\/media\/6185"}],"wp:attachment":[{"href":"https:\/\/fengchashop.com\/at\/wp-json\/wp\/v2\/media?parent=6184"}],"wp:term":[{"taxonomy":"product_brand","embeddable":true,"href":"https:\/\/fengchashop.com\/at\/wp-json\/wp\/v2\/product_brand?post=6184"},{"taxonomy":"product_cat","embeddable":true,"href":"https:\/\/fengchashop.com\/at\/wp-json\/wp\/v2\/product_cat?post=6184"},{"taxonomy":"product_tag","embeddable":true,"href":"https:\/\/fengchashop.com\/at\/wp-json\/wp\/v2\/product_tag?post=6184"}],"curies":[{"name":"wp","href":"https:\/\/api.w.org\/{rel}","templated":true}]}}