{"id":6166,"date":"2022-02-22T08:17:03","date_gmt":"2022-02-22T07:17:03","guid":{"rendered":"https:\/\/fengchashop.com\/at\/product\/pleurotus-ostreatus-oyster-mushroom-bio-125-g\/"},"modified":"2026-05-07T10:18:51","modified_gmt":"2026-05-07T08:18:51","slug":"pleurotus-ostreatus-oyster-mushroom-bio","status":"publish","type":"product","link":"https:\/\/fengchashop.com\/at\/product\/pleurotus-ostreatus-oyster-mushroom-bio\/","title":{"rendered":"Pleurotus ostreatus (Oyster Mushroom) BIO 125 g"},"content":{"rendered":"<h2><span style=\"color: #000000\">Pleurotus ostreatus (Oyster Mushroom) BIO Pulver<\/span><\/h2>\n<p><span style=\"color: #000000\">Pleurotus ostreatus (Oyster Mushroom) ist ein gut erforschter Heilpilz. Er ist auch als<strong> Buchen-Austernpilz<\/strong> bekannt und ein Speisepilz, der in unserem Land w\u00e4chst. Zusammen mit Ganoderma lucidum und Cordyceps ist er einer <strong>der 6 bekanntesten Heilpilze hier<\/strong>zulande.<\/span><\/p>\n<p><span style=\"color: #000000\">Aus den Trichomen und dem Myzel k\u00f6nnen zahlreiche N\u00e4hrstoffe gewonnen werden. Die Forschung hat auch eine antimikrobielle Aktivit\u00e4t gegen grampositive und gramnegative Bakterien und eine antimykotische Aktivit\u00e4t gegen verschiedene Pilzarten gezeigt.<\/span><\/p>\n<p><span style=\"color: #000000\">Da sie eine reichhaltige <strong>Quelle von Antioxidantien<\/strong> und anderen Wirkstoffen sind, ist ihr Potenzial f\u00fcr eine antitumorale, immunmodulatorische, genoprotektive, entz\u00fcndungshemmende, antivirale, antiphlogistische, hypocholesterin\u00e4mische, blutdrucksenkende und blutzuckersenkende Wirkung mehr als gesichert. K\u00fcrzlich haben Untersuchungen gezeigt, dass der Buchen-Austernpilz eine <strong>bifidogene Wirkung<\/strong> hat, das hei\u00dft, dass er das Wachstum von Bifidobacterium bifidum, B. breve, B. animalis und B. longum stimulieren kann. Es handelt sich also auch um ein <strong>Pr\u00e4biotikum, das<\/strong> die Darmmikrobiota zum Wohle der Gesundheit des menschlichen Wirtes verbessert. Ein gesundes Verh\u00e4ltnis von Mikroorganismen im Darm tr\u00e4gt dazu bei, die N\u00e4hrstoffe aus der Nahrung besser und leichter zu extrahieren und die Energie zu regulieren. Sie spielen eine wichtige Rolle f\u00fcr die Gesundheit des Verdauungssystems, wirken sich aber auch auf das Immunsystem aus &#8211; der komplexeste Teil des Immunsystems befindet sich im Darm, weshalb man oft h\u00f6rt, dass die Gesundheit des Darms f\u00fcr eine gute Immunantwort und damit f\u00fcr die allgemeine Gesundheit so wichtig ist.<\/span><\/p>\n<p><span style=\"color: #000000\">Der Heilpilz wird in der traditionellen chinesischen Medizin zur Behandlung einer Vielzahl von Beschwerden eingesetzt.<\/span><\/p>\n<p><span style=\"color: #000000\">Die Produktion unseres Pleurotus ostreatus wird streng kontrolliert, ohne Verwendung von Chemikalien oder Pestiziden und<strong> zu 100 % biologisch.<\/strong> Die Qualit\u00e4t der Pilze wird regelm\u00e4\u00dfig von unabh\u00e4ngigen Laboratorien in Slowenien und den USA kontrolliert.<\/span><\/p>\n<h2><span style=\"color: #000000\">Was enth\u00e4lt er und f\u00fcr wen ist er geeignet?<\/span><\/h2>\n<p><span style=\"color: #000000\">Pleurotus ostreatus besteht aus einer Vielzahl von N\u00e4hrstoffen wie<strong> Polysacchariden, Proteinen, Flavonoiden, Phenolen, Beta-Glucanen<\/strong> usw. Aktive Polysaccharide und Phenole sind biologisch wertvolle Organismen. Die Buchenauster, die gew\u00f6hnlich auf Buchenholz w\u00e4chst, ist auch eine reiche Quelle f\u00fcr die Vitamine B, C und D, Mineralsalze, Antioxidantien und Selen.<\/span><\/p>\n<p><span style=\"color: #000000\"><strong> Lovastatin<\/strong>, ein wichtiger Wirkstoff, der die Synthese von k\u00f6rpereigenem Cholesterin hemmt, wirkt sich positiv auf die Regulierung des Gesamtcholesterinspiegels im Blut aus.<\/span><\/p>\n<p><span style=\"color: #000000\">Die Buchenauster enth\u00e4lt wenig Fett (haupts\u00e4chlich unges\u00e4ttigte Fetts\u00e4uren) und Vitamin D2, ist reich an Ballaststoffen und eine gute Quelle f\u00fcr Eiwei\u00df und essentielle Aminos\u00e4uren. Dar\u00fcber hinaus enth\u00e4lt sie pharmakologisch wirksame Substanzen, die helfen k\u00f6nnen:<\/span><\/p>\n<ul>\n<li><span style=\"color: #000000\">Regulierung des Gesamtcholesterinspiegels (erh\u00f6ht das gute HDL-Cholesterin und senkt das schlechte LDL-Cholesterin), des Blutdrucks und des Blutzuckers,<\/span><\/li>\n<li><span style=\"color: #000000\">Blutgerinnseln vorzubeugen,<\/span><\/li>\n<li><span style=\"color: #000000\">Schutz vor freien Radikalen,<\/span><\/li>\n<li><span style=\"color: #000000\">heilen und hemmen Entz\u00fcndungen,<\/span><\/li>\n<li><span style=\"color: #000000\">die Immunit\u00e4t durch St\u00e4rkung des Immunsystems f\u00f6rdern,<\/span><\/li>\n<li><span style=\"color: #000000\">beugt altersbedingten Krankheiten vor,<\/span><\/li>\n<li><span style=\"color: #000000\">Schutz vor Infektionen der Atemwege,<\/span><\/li>\n<li><span style=\"color: #000000\">Alterung vorbeugen,<\/span><\/li>\n<li><span style=\"color: #000000\">Tumoren vorbeugen.<\/span><\/li>\n<\/ul>\n<p><span style=\"color: #000000\">Alle Elemente der Pilze sind in gro\u00dfen Mengen vorhanden und haben eine sehr positive Wirkung auf unseren K\u00f6rper.<\/span><\/p>\n<p><span style=\"color: #000000\">Und was hier besonders wichtig ist: Pleurotus ostreatus ist ein 100%iges Naturprodukt, das uns auf nat\u00fcrliche Weise helfen kann. Er lindert die Symptome unserer Probleme und wirkt sich positiv auf unser allgemeines Wohlbefinden aus.<\/span><\/p>\n<h2><span style=\"color: #000000\">Warum Pilze?<\/span><\/h2>\n<p><span style=\"color: #000000\">Pilze sind sehr interessant. Sie sind weder Pflanzen noch Tiere, aber was sie sind, sind sicherlich erstaunliche Organismen, die es geschafft haben, fast seit Anbeginn der Welt zu \u00fcberleben. Sie haben eine besondere \u00dcberlebensstrategie entwickelt, die sie bis heute erhalten hat. Und auch wir Menschen k\u00f6nnen von diesen Vorteilen profitieren, indem wir Heilpilze konsumieren. Sie bringen uns auf k\u00f6rperlicher Ebene ins Gleichgewicht und sch\u00fctzen uns vor vielen Krankheiten. Sie k\u00f6nnen eine <strong>vorbeugende<\/strong> oder <strong>unterst\u00fctzende Heilbehandlung<\/strong> f\u00fcr viele (moderne) Krankheiten sein, ob konventionell oder unkonventionell. Traditionell wird den Pilzen eine Wirkung bei Krebs, Autoimmunerkrankungen und Allergien zugeschrieben. Sie sind auch gut f\u00fcr ein gesundes und starkes Immunsystem. Die Gesundheitsforschung der letzten Jahrzehnte, als Pilze in der westlichen Welt an Interesse gewannen, hat jedoch viele ihrer therapeutischen Wirkungen best\u00e4tigt.<\/span><\/p>\n<p><span style=\"color: #000000\">Da bestimmte nat\u00fcrliche Wirkstoffe f\u00fcr uns unverdaulich oder schwer verdaulich sind, ist es sehr wichtig, nur die besten Pilzpulver zu verzehren. Die Pilze m\u00fcssen ordnungsgem\u00e4\u00df angebaut, getrocknet und zubereitet werden. Sie m\u00fcssen zu einem feinen, st\u00fcckchenfreien Pulver gemahlen werden. Die Farbe des Pulvers ist heller, h\u00e4ngt aber ansonsten auch von der Art des verzehrten Pilzes ab. Da Pilze gerade deshalb so wirksam sind, weil sie die F\u00e4higkeit haben, alles &#8211; Gute und Schlechte &#8211; aus der Umwelt aufzunehmen, ist es wichtig, biologisch angebaute Pilze zu verwenden.<\/span><\/p>\n<h2><span style=\"color: #000000\">Verpackung<\/span><\/h2>\n<p><span style=\"color: #000000\">Undurchl\u00e4ssiger Zip-Lock-Beutel, in dem das Produkt seine ganze Frische und sein Aroma bewahrt. Die Verpackung sch\u00fctzt das Produkt vor Licht und Luft, da sie aus mehreren Schutzschichten besteht, die die Eigenschaften des Inhalts bewahren.<\/span><\/p>\n<p><span style=\"color: #000000\">Die Verpackung ist sehr praktisch und recycelbar.<\/span><\/p>\n<h2><span style=\"color: #000000\">Lagerung und Warnhinweise<\/span><\/h2>\n<p><span style=\"color: #000000\">An einem k\u00fchlen und trockenen Ort aufbewahren. Bewahren Sie das Nahrungserg\u00e4nzungsmittel au\u00dferhalb der Reichweite von Kindern auf!<\/span><\/p>\n<p><span style=\"color: #000000\">Denken Sie daran, wie wichtig eine abwechslungsreiche Ern\u00e4hrung und eine gesunde Lebensweise sind; ein Nahrungserg\u00e4nzungsmittel ist daher kein Ersatz f\u00fcr eine ausgewogene und abwechslungsreiche Ern\u00e4hrung. Die empfohlene Tagesmenge oder Dosis sollte nicht \u00fcberschritten werden. Schwangeren und stillenden Frauen wird immer empfohlen, vor der Einnahme einen Arzt zu konsultieren.<\/span><\/p>\n<h2><span style=\"color: #000000\">Gut zu wissen<\/span><\/h2>\n<p><span style=\"color: #000000\">Das Produkt ist auch f\u00fcr Tiere geeignet. In den meisten F\u00e4llen erweisen sich Heilpilze als \u00e4u\u00dferst wirksam bei der St\u00e4rkung des Immunsystems, der Beseitigung von Allergien und Hautkrankheiten sowie bei viralen und bakteriellen Infektionen. Bitte konsultieren Sie vor der Anwendung Ihren Tierarzt \u00fcber die Zweckm\u00e4\u00dfigkeit der Einnahme und die empfohlene Tagesmenge.<\/span><\/p>\n<h2><span style=\"color: #000000\">Herkunft<\/span><\/h2>\n<p><span style=\"color: #000000\">Slowenien<\/span><\/p>\n","protected":false},"excerpt":{"rendered":"<p align=\"JUSTIFY\"><span style=\"color: #000000\">Pleurotus ostreatus (Oyster Mushroom) ist ein gut erforschter Heilpilz. Er wird auch als Buchenausternpilz bezeichnet und ist ein Speisepilz, der hier w\u00e4chst. Zusammen mit Ganoderma lucidum und Cordyceps ist er einer der 6 bekanntesten Heilpilze, da er hilft:<\/span><\/p>\n<p><span style=\"color: #000000\">\ud83d\udc9a reguliert das Gesamtcholesterin (erh\u00f6ht das gute HDL-Cholesterin und senkt das schlechte LDL-Cholesterin), den Blutdruck und den Blutzucker,<br \/>\n\ud83d\udc9a vor freien Radikalen zu sch\u00fctzen,<br \/>\n\ud83d\udc9a heilen und hemmen Entz\u00fcndungen,<br \/>\n\ud83d\udc9a erh\u00f6hen die Immunit\u00e4t durch St\u00e4rkung des Immunsystems.<\/span><\/p>\n","protected":false},"featured_media":6167,"comment_status":"open","ping_status":"closed","template":"","meta":{"_acf_changed":false},"product_brand":[],"product_cat":[15,225,224,228],"product_tag":[],"class_list":{"0":"post-6166","1":"product","2":"type-product","3":"status-publish","4":"has-post-thumbnail","6":"product_cat-uncategorized","7":"product_cat-alle-produkte","8":"product_cat-angebot","9":"product_cat-heilpilze","11":"first","12":"instock","13":"taxable","14":"shipping-taxable","15":"purchasable","16":"product-type-simple"},"acf":[],"_links":{"self":[{"href":"https:\/\/fengchashop.com\/at\/wp-json\/wp\/v2\/product\/6166","targetHints":{"allow":["GET"]}}],"collection":[{"href":"https:\/\/fengchashop.com\/at\/wp-json\/wp\/v2\/product"}],"about":[{"href":"https:\/\/fengchashop.com\/at\/wp-json\/wp\/v2\/types\/product"}],"replies":[{"embeddable":true,"href":"https:\/\/fengchashop.com\/at\/wp-json\/wp\/v2\/comments?post=6166"}],"wp:featuredmedia":[{"embeddable":true,"href":"https:\/\/fengchashop.com\/at\/wp-json\/wp\/v2\/media\/6167"}],"wp:attachment":[{"href":"https:\/\/fengchashop.com\/at\/wp-json\/wp\/v2\/media?parent=6166"}],"wp:term":[{"taxonomy":"product_brand","embeddable":true,"href":"https:\/\/fengchashop.com\/at\/wp-json\/wp\/v2\/product_brand?post=6166"},{"taxonomy":"product_cat","embeddable":true,"href":"https:\/\/fengchashop.com\/at\/wp-json\/wp\/v2\/product_cat?post=6166"},{"taxonomy":"product_tag","embeddable":true,"href":"https:\/\/fengchashop.com\/at\/wp-json\/wp\/v2\/product_tag?post=6166"}],"curies":[{"name":"wp","href":"https:\/\/api.w.org\/{rel}","templated":true}]}}