{"id":6163,"date":"2022-02-22T07:42:04","date_gmt":"2022-02-22T06:42:04","guid":{"rendered":"https:\/\/fengchashop.com\/at\/product\/poria-cocos-bio-125-g\/"},"modified":"2026-05-10T14:11:52","modified_gmt":"2026-05-10T12:11:52","slug":"poria-cocos-bio","status":"publish","type":"product","link":"https:\/\/fengchashop.com\/at\/product\/poria-cocos-bio\/","title":{"rendered":"Poria cocos BIO 125 g"},"content":{"rendered":"<h2><span style=\"color: #000000\">Poria cocos BIO Pulver<\/span><\/h2>\n<p><span style=\"color: #000000\">Der Poria cocos ist ein in der traditionellen chinesischen Medizin und in Japan<strong> \u00e4u\u00dferst beliebter Heilpilz<\/strong>. Er wird auch Wolfiporia extensa, Matsuhodo oder Chinesischer Feigenkaktus genannt. Er w\u00e4chst unterirdisch und ist nach seiner \u00c4hnlichkeit mit der Kokosnuss benannt. In der chinesischen Medizin wird sie haupts\u00e4chlich<strong> zur St\u00e4rkung der Milz und f\u00fcr die allgemeine Gesundheit<\/strong> verwendet<strong>.<\/strong><\/span><\/p>\n<p><span style=\"color: #000000\">Die Produktion unserer Poria cocos wird streng kontrolliert, ohne Verwendung von Chemikalien oder Pestiziden und zu 100% <strong>biologisch.<\/strong> Die Qualit\u00e4t der Pilze wird regelm\u00e4\u00dfig von unabh\u00e4ngigen Labors in Slowenien und den USA kontrolliert.<\/span><\/p>\n<h2><span style=\"color: #000000\">Was enth\u00e4lt er und f\u00fcr wen ist er geeignet?<\/span><\/h2>\n<p><span style=\"color: #000000\">Zu den aktiven Bestandteilen des Poria cocos geh\u00f6ren<strong> Polysaccharide, Triterpene, Sterole, Ergosterole, S\u00e4uren, Cholin, Phosphor und Mineralstoffe<\/strong> (Kalzium, Kupfer, Eisen, Magnesium, Mangan, Kalium, Natrium und Zink). Von besonderer Bedeutung ist die Substanz Poriyatin, mit der zahlreiche Studien die positiven Auswirkungen des Verzehrs von Poria cocos in Verbindung bringen.<\/span><\/p>\n<p><span style=\"color: #000000\">In Pulverform enth\u00e4lt Poria cocos zahlreiche N\u00e4hrstoffe, und seine positive Wirkung ist wissenschaftlich erwiesen. Studien in verschiedenen L\u00e4ndern der Welt haben eine Reihe von positiven Wirkungen im Zusammenhang mit dem regelm\u00e4\u00dfigen Verzehr von Poria cocos festgestellt:<\/span><\/p>\n<ul>\n<li><span style=\"color: #000000\">steigert die<strong> Energie und Vitalit\u00e4t,<\/strong><\/span><\/li>\n<li><span style=\"color: #000000\">verbessert das <strong>Immunsystem,<\/strong><\/span><\/li>\n<li><span style=\"color: #000000\">wirkt <strong>entz\u00fcndungshemmend,<\/strong><\/span><\/li>\n<li><span style=\"color: #000000\">senkt den <strong>Blutzucker,<\/strong><\/span><\/li>\n<li><span style=\"color: #000000\">hat eine <strong>beruhigende Wirkung,<\/strong><\/span><\/li>\n<li><span style=\"color: #000000\">ist<strong> harntreibend,<\/strong><\/span><\/li>\n<li><span style=\"color: #000000\">verbessert die Magenfunktion,<\/span><\/li>\n<li><span style=\"color: #000000\">hat eine antitumorale und antibakterielle Wirkung.<\/span><\/li>\n<\/ul>\n<p><span style=\"color: #000000\">Alle Elemente des Pilzes sind in gro\u00dfen Mengen vorhanden und haben eine sehr positive Wirkung auf unseren K\u00f6rper.<\/span><\/p>\n<p><span style=\"color: #000000\">Und was sehr wichtig ist, ist, dass Poria cocos ein 100% nat\u00fcrliches Produkt ist, das uns auf nat\u00fcrliche Weise helfen kann. Er lindert die Symptome unserer Probleme und wirkt sich positiv auf unser allgemeines Wohlbefinden aus.<\/span><\/p>\n<h2><span style=\"color: #000000\">Warum Pilze?<\/span><\/h2>\n<p><span style=\"color: #000000\">Pilze sind sehr interessant. Sie sind weder Pflanzen noch Tiere, aber was sie sind, sind sicherlich unglaubliche Organismen, die es geschafft haben zu \u00fcberleben, und zwar fast seit Anbeginn der Welt. Sie haben eine besondere \u00dcberlebensstrategie entwickelt, die sie bis heute erhalten hat. Und auch wir Menschen k\u00f6nnen von diesen Vorteilen profitieren, indem wir Heilpilze konsumieren. Sie bringen uns auf k\u00f6rperlicher Ebene ins Gleichgewicht und sch\u00fctzen uns vor vielen Krankheiten. Sie k\u00f6nnen eine<strong> vorbeugende<\/strong> oder<strong> unterst\u00fctzende Heilbehandlung<\/strong> f\u00fcr viele (moderne) Krankheiten sein, ob konventionell oder unkonventionell. Traditionell wird den Pilzen eine Wirkung bei Krebs, Autoimmunerkrankungen und Allergien zugeschrieben. Sie sind auch gut f\u00fcr ein gesundes und starkes Immunsystem. Die medizinische Forschung der letzten Jahrzehnte, in denen Pilze in der westlichen Welt an Interesse gewonnen haben, hat jedoch viele ihrer therapeutischen Wirkungen best\u00e4tigt.<\/span><\/p>\n<p><span style=\"color: #000000\">Da bestimmte nat\u00fcrliche Wirkstoffe f\u00fcr uns unverdaulich oder schwer verdaulich sind, ist es sehr wichtig, nur die besten Pilzpulver zu verzehren. Die Pilze m\u00fcssen ordnungsgem\u00e4\u00df angebaut, getrocknet und zubereitet werden. Sie m\u00fcssen zu einem feinen, st\u00fcckchenfreien Pulver gemahlen werden. Die Farbe des Pulvers ist heller, h\u00e4ngt aber ansonsten auch von der Art des verzehrten Pilzes ab. Da Pilze gerade deshalb so wirksam sind, weil sie die F\u00e4higkeit haben, alles &#8211; Gute und Schlechte &#8211; aus der Umwelt aufzunehmen, ist es wichtig, biologisch angebaute Pilze zu verwenden.<\/span><\/p>\n<h2><span style=\"color: #000000\">Verpackung<\/span><\/h2>\n<p><span style=\"color: #000000\">Undurchl\u00e4ssiger Zip-Lock-Beutel, in dem das Produkt seine ganze Frische und sein Aroma bewahrt. Die Verpackung sch\u00fctzt das Produkt vor Licht und Luft, da sie aus mehreren Schutzschichten besteht, die die Eigenschaften des Inhalts bewahren.<\/span><\/p>\n<p><span style=\"color: #000000\">Die Verpackung ist sehr praktisch und recycelbar.<\/span><\/p>\n<h2><span style=\"color: #000000\">Lagerung und Warnhinweise<\/span><\/h2>\n<p><span style=\"color: #000000\">An einem k\u00fchlen und trockenen Ort aufbewahren. Bewahren Sie das Nahrungserg\u00e4nzungsmittel au\u00dferhalb der Reichweite von Kindern auf!<\/span><\/p>\n<p><span style=\"color: #000000\">Denken Sie daran, wie wichtig eine abwechslungsreiche Ern\u00e4hrung und eine gesunde Lebensweise sind; ein Nahrungserg\u00e4nzungsmittel ist daher kein Ersatz f\u00fcr eine ausgewogene und abwechslungsreiche Ern\u00e4hrung. Die empfohlene Tagesmenge oder Dosis sollte nicht \u00fcberschritten werden. Schwangeren und stillenden Frauen wird immer empfohlen, vor der Einnahme einen Arzt zu konsultieren.<\/span><\/p>\n<h2><span style=\"color: #000000\">Gut zu wissen<\/span><\/h2>\n<p><span style=\"color: #000000\">Das Produkt ist auch f\u00fcr Tiere geeignet. In den meisten F\u00e4llen erweisen sich Heilpilze als \u00e4u\u00dferst wirksam bei der St\u00e4rkung des Immunsystems, der Beseitigung von Allergien und Hautkrankheiten sowie bei viralen und bakteriellen Infektionen. Bitte konsultieren Sie vor der Anwendung Ihren Tierarzt \u00fcber die Zweckm\u00e4\u00dfigkeit der Einnahme und die empfohlene Tagesmenge.<\/span><\/p>\n<h2><span style=\"color: #000000\">Herkunft<\/span><\/h2>\n<p><span style=\"color: #000000\">Slowenien<\/span><\/p>\n","protected":false},"excerpt":{"rendered":"<p align=\"JUSTIFY\">Poria cocos ist ein \u00e4u\u00dferst beliebter Heilpilz in der traditionellen chinesischen Medizin und in Japan. Er wird auch Wolfiporia extensa, Matsuhodo oder Chinesischer Feigenkaktus genannt. In der chinesischen Medizin wird er haupts\u00e4chlich zur St\u00e4rkung der Milz und f\u00fcr die allgemeine Gesundheit verwendet.<\/p>\n<p>\ud83d\udc9a Sie steigert die Energie und Vitalit\u00e4t.<br \/>\n\ud83d\udc9a Verbessert das Immunsystem.<br \/>\n\ud83d\udc9a Sie wirkt entz\u00fcndungshemmend.<br \/>\n\ud83d\udc9a Senkt den Blutzucker.<\/p>\n","protected":false},"featured_media":6164,"comment_status":"open","ping_status":"closed","template":"","meta":{"_acf_changed":false},"product_brand":[],"product_cat":[15,225,224,228],"product_tag":[],"class_list":{"0":"post-6163","1":"product","2":"type-product","3":"status-publish","4":"has-post-thumbnail","6":"product_cat-uncategorized","7":"product_cat-alle-produkte","8":"product_cat-angebot","9":"product_cat-heilpilze","11":"first","12":"outofstock","13":"taxable","14":"shipping-taxable","15":"purchasable","16":"product-type-simple"},"acf":[],"_links":{"self":[{"href":"https:\/\/fengchashop.com\/at\/wp-json\/wp\/v2\/product\/6163","targetHints":{"allow":["GET"]}}],"collection":[{"href":"https:\/\/fengchashop.com\/at\/wp-json\/wp\/v2\/product"}],"about":[{"href":"https:\/\/fengchashop.com\/at\/wp-json\/wp\/v2\/types\/product"}],"replies":[{"embeddable":true,"href":"https:\/\/fengchashop.com\/at\/wp-json\/wp\/v2\/comments?post=6163"}],"wp:featuredmedia":[{"embeddable":true,"href":"https:\/\/fengchashop.com\/at\/wp-json\/wp\/v2\/media\/6164"}],"wp:attachment":[{"href":"https:\/\/fengchashop.com\/at\/wp-json\/wp\/v2\/media?parent=6163"}],"wp:term":[{"taxonomy":"product_brand","embeddable":true,"href":"https:\/\/fengchashop.com\/at\/wp-json\/wp\/v2\/product_brand?post=6163"},{"taxonomy":"product_cat","embeddable":true,"href":"https:\/\/fengchashop.com\/at\/wp-json\/wp\/v2\/product_cat?post=6163"},{"taxonomy":"product_tag","embeddable":true,"href":"https:\/\/fengchashop.com\/at\/wp-json\/wp\/v2\/product_tag?post=6163"}],"curies":[{"name":"wp","href":"https:\/\/api.w.org\/{rel}","templated":true}]}}