{"id":6160,"date":"2022-02-22T06:44:59","date_gmt":"2022-02-22T05:44:59","guid":{"rendered":"https:\/\/fengchashop.com\/at\/product\/shiitake-lentinula-edodes-bio-eu-herkunft-125-g\/"},"modified":"2026-04-14T23:15:51","modified_gmt":"2026-04-14T21:15:51","slug":"shiitake-lentinula-edodes-bio-eu-herkunft","status":"publish","type":"product","link":"https:\/\/fengchashop.com\/at\/product\/shiitake-lentinula-edodes-bio-eu-herkunft\/","title":{"rendered":"Shiitake (Lentinula edodes) BIO EU Herkunft 125 g"},"content":{"rendered":"<h2><span style=\"color: #000000\">Shiitake (Lentinula edodes) BIO-Pulver<\/span><\/h2>\n<p><span style=\"color: #000000\">Lentinula edodes oder Shiitake ist <strong>einer der wichtigsten Heilpilze in der traditionellen chinesischen Medizin<\/strong>. Er wird dort seit mindestens 2000 Jahren verwendet und wird oft als die<strong>&#8222;K\u00f6nigin der Pilze<\/strong>&#8220; bezeichnet. Auch in der asiatischen K\u00fcche wird er h\u00e4ufig verwendet. Im Slowenischen wird er als<strong> essbarer Nazob\u010danec bezeichnet.<\/strong><\/span><\/p>\n<p><span style=\"color: #000000\">In Pulverform enth\u00e4lt der Shiitake zahlreiche N\u00e4hrstoffe, und seine positiven Wirkungen sind wissenschaftlich erwiesen. Studien in verschiedenen L\u00e4ndern der Welt haben zahlreiche positive Wirkungen des regelm\u00e4\u00dfigen Verzehrs von Shiitake-Pilzen festgestellt. Insbesondere<strong> st\u00e4rkt er das Immunsystem und hat eine vorbeugende Wirkung auf eine Reihe von Erkrankungen der inneren Organe.<\/strong><\/span><\/p>\n<p><span style=\"color: #000000\">Shiitake-Pilze sind aufgrund ihrer <strong>antiviralen Wirkung, ihrer positiven Auswirkungen auf die Leber und ihrer blutzuckersenkenden<\/strong> Wirkung h\u00e4ufig Gegenstand von Untersuchungen <strong>.<\/strong><\/span><\/p>\n<p><span style=\"color: #000000\">Die Produktion unserer Lentinula edodes wird streng kontrolliert, ohne Einsatz von Chemikalien oder Pestiziden und<strong> zu 100 % biologisch<\/strong>. Die Qualit\u00e4t der Pilze wird regelm\u00e4\u00dfig von unabh\u00e4ngigen Laboratorien in Slowenien und den USA kontrolliert.<\/span><\/p>\n<h2><span style=\"color: #000000\">Was enth\u00e4lt er und f\u00fcr wen ist er geeignet?<\/span><\/h2>\n<p><span style=\"color: #000000\">Shiitake-Pilze bestehen aus Aminos\u00e4uren (Isoleucin, Leucin, Lysin, Methionin, Phenylalanin, Threonin und Valin), Vitaminen (B1, B2, B12), Mineralsalzen (Kalium, Kalzium, Phosphor, Eisen und Zink), Polysacchariden (das wichtigste ist das \u03b2-Glucan Lentinan) und anderen Antioxidantien. Aus diesem Grund ist der Pilz auch f\u00fcr Vegetarier und Veganer zu empfehlen, da er eine reichhaltige Eiwei\u00dfquelle mit essentiellen Aminos\u00e4uren, Vitaminen, Mineralien usw. ist.<\/span><\/p>\n<p><span style=\"color: #000000\">Der Shiitake-Pilz zeichnet sich<strong> durch den Inhaltsstoff Lentinin aus<\/strong>, dem eine antivirale und krebshemmende Wirkung zugeschrieben wird. Lentinin ist ein komplexes Polysaccharid, das als<strong> immunstimulierend gilt<\/strong> und Bestandteil mehrerer nat\u00fcrlicher immunst\u00e4rkender Pr\u00e4parate ist (Beta-1,3-Glucan).<\/span><\/p>\n<p><span style=\"color: #000000\">Alle Elemente des Pilzes sind in gro\u00dfen Mengen vorhanden und haben eine sehr positive Wirkung auf unseren K\u00f6rper.<\/span><\/p>\n<p><span style=\"color: #000000\">Der Shiitake ist neben dem bunten Knollenbl\u00e4tterpilz (Trametes versicolor) einer <strong>der am besten untersuchten Pilze<\/strong> und erfreut sich aufgrund seiner zahlreichen pharmakologisch aktiven Substanzen <strong>gro\u00dfer Beliebtheit.<\/strong> Auch seine heilende Wirkung ist wissenschaftlich erwiesen. Er wird vor allem gegen verschiedene Krebsarten und zur Kontrolle des Cholesterinspiegels eingesetzt.<\/span><\/p>\n<p><span style=\"color: #000000\">Aufgrund seiner Zusammensetzung verf\u00fcgt er \u00fcber ein unglaublich breites Wirkungsspektrum, darunter:<\/span><\/p>\n<p><span style=\"color: #000000\"> &#8211; Anti-Krebs- und Anti-Tumor-Eigenschaften,<\/span><br \/>\n<span style=\"color: #000000\"> &#8211; <strong> st\u00e4rkt das Immunsystem<\/strong>,<\/span><br \/>\n<span style=\"color: #000000\">&#8211;<strong> Senkung von Blutdruck, Cholesterin und Zucker,<\/strong><\/span><br \/>\n<span style=\"color: #000000\"> &#8211; a<strong> ntioxidativ und entz\u00fcndungshemmend,<\/strong><\/span><br \/>\n<span style=\"color: #000000\">&#8211;<strong> verhindert das Wachstum von bakteriellen und viralen Infektionen,<\/strong><\/span><br \/>\n<span style=\"color: #000000\">&#8211; hilft bei Bronchitis und <strong>Allergien,<\/strong><\/span><br \/>\n<span style=\"color: #000000\"> &#8211; in Kombination mit einer konventionellen Chemotherapie bietet es Krebspatienten ein l\u00e4ngeres und besseres Leben.<\/span><\/p>\n<p><span style=\"color: #000000\">Und was hier sehr wichtig ist, ist, dass der Shiitake-Pilz ein<strong> 100%iges Naturprodukt<\/strong> ist, das uns auf nat\u00fcrliche Weise helfen kann. Er lindert die Symptome unserer Probleme und wirkt sich positiv auf unser allgemeines Wohlbefinden aus.<\/span><\/p>\n<h2><span style=\"color: #000000\">Warum Pilze?<\/span><\/h2>\n<p><span style=\"color: #000000\">Pilze sind sehr interessant. Sie sind weder Pflanzen noch Tiere, aber was sie sind, sind sicherlich unglaubliche Organismen, die es geschafft haben zu \u00fcberleben, und zwar fast seit Anbeginn der Welt. Sie haben eine besondere \u00dcberlebensstrategie entwickelt, die sie bis heute erhalten hat. Und auch wir Menschen k\u00f6nnen von diesen Vorteilen profitieren, indem wir Heilpilze konsumieren. Sie bringen uns auf k\u00f6rperlicher Ebene ins Gleichgewicht und sch\u00fctzen uns vor vielen Krankheiten. Sie k\u00f6nnen eine<strong> vorbeugende<\/strong> oder<strong> unterst\u00fctzende Heilbehandlung<\/strong> f\u00fcr viele (moderne) Krankheiten sein, ob konventionell oder unkonventionell. Traditionell wird den Pilzen eine Wirkung bei Krebs, Autoimmunerkrankungen und Allergien zugeschrieben. Sie sind auch gut f\u00fcr ein gesundes und starkes Immunsystem. Die medizinische Forschung der letzten Jahrzehnte, in denen Pilze in der westlichen Welt an Interesse gewonnen haben, hat jedoch viele ihrer therapeutischen Wirkungen best\u00e4tigt.<\/span><\/p>\n<p><span style=\"color: #000000\">Da bestimmte nat\u00fcrliche Wirkstoffe f\u00fcr uns unverdaulich oder schwer verdaulich sind, ist es sehr wichtig, nur die besten Pilzpulver zu verzehren. Die Pilze m\u00fcssen ordnungsgem\u00e4\u00df angebaut, getrocknet und zubereitet werden. Sie m\u00fcssen zu einem feinen, st\u00fcckchenfreien Pulver gemahlen werden. Die Farbe des Pulvers ist heller, h\u00e4ngt aber ansonsten auch von der Art des verzehrten Pilzes ab. Da Pilze gerade deshalb so wirksam sind, weil sie die F\u00e4higkeit haben, alles &#8211; Gute und Schlechte &#8211; aus der Umwelt aufzunehmen, ist es wichtig, biologisch angebaute Pilze zu verwenden.<\/span><\/p>\n<h2><span style=\"color: #000000\">Verpackung<\/span><\/h2>\n<p><span style=\"color: #000000\">Undurchl\u00e4ssiger Zip-Lock-Beutel, in dem das Produkt seine ganze Frische und sein Aroma bewahrt. Die Verpackung sch\u00fctzt das Produkt vor Licht und Luft, da sie aus mehreren Schutzschichten besteht, die die Eigenschaften des Inhalts bewahren.<\/span><\/p>\n<p><span style=\"color: #000000\">Die Verpackung ist sehr praktisch und recycelbar.<\/span><\/p>\n<h2><span style=\"color: #000000\">Lagerung und Warnhinweise<\/span><\/h2>\n<p><span style=\"color: #000000\">An einem k\u00fchlen und trockenen Ort aufbewahren. Bewahren Sie das Nahrungserg\u00e4nzungsmittel au\u00dferhalb der Reichweite von Kindern auf!<\/span><\/p>\n<p><span style=\"color: #000000\">Denken Sie daran, wie wichtig eine abwechslungsreiche Ern\u00e4hrung und eine gesunde Lebensweise sind; ein Nahrungserg\u00e4nzungsmittel ist daher kein Ersatz f\u00fcr eine ausgewogene und abwechslungsreiche Ern\u00e4hrung. Die empfohlene Tagesmenge oder Dosis sollte nicht \u00fcberschritten werden. Schwangeren und stillenden Frauen wird immer empfohlen, vor der Einnahme einen Arzt zu konsultieren.<\/span><\/p>\n<h2><span style=\"color: #000000\">Gut zu wissen<\/span><\/h2>\n<p><span style=\"color: #000000\">Das Produkt ist auch f\u00fcr Tiere geeignet. In den meisten F\u00e4llen erweisen sich Heilpilze als \u00e4u\u00dferst wirksam bei der St\u00e4rkung des Immunsystems, der Beseitigung von Allergien und Hautkrankheiten sowie bei viralen und bakteriellen Infektionen. Bitte konsultieren Sie vor der Anwendung Ihren Tierarzt \u00fcber die Zweckm\u00e4\u00dfigkeit der Einnahme und die empfohlene Tagesmenge.<\/span><\/p>\n<h2><span style=\"color: #000000\">Herkunft<\/span><\/h2>\n<p><span style=\"color: #000000\">EU<\/span><\/p>\n","protected":false},"excerpt":{"rendered":"<p align=\"JUSTIFY\">Lentinula edodes, oder Shiitake, ist einer der wichtigsten Heilpilze in der traditionellen chinesischen Medizin. Er wird dort seit mindestens 2000 Jahren verwendet und wird oft als die &#8222;K\u00f6nigin der Pilze&#8220; bezeichnet, die:<\/p>\n<p><span style=\"color: #000000\">\ud83d\udc9a Anti-Krebs- und Anti-Tumor-Eigenschaften,<br \/>\n\ud83d\udc9a das Immunsystem st\u00e4rkt,<br \/>\n\ud83d\udc9a den Blutdruck, den Cholesterinspiegel und den Zuckergehalt senkt,<br \/>\n\ud83d\udc9a antioxidativ und entz\u00fcndungshemmend,<br \/>\n\ud83d\udc9a verhindert das Wachstum von bakteriellen und viralen Infektionen.<\/span><\/p>\n","protected":false},"featured_media":6161,"comment_status":"open","ping_status":"closed","template":"","meta":{"_acf_changed":false},"product_brand":[],"product_cat":[15,225,224,228],"product_tag":[],"class_list":{"0":"post-6160","1":"product","2":"type-product","3":"status-publish","4":"has-post-thumbnail","6":"product_cat-uncategorized","7":"product_cat-alle-produkte","8":"product_cat-angebot","9":"product_cat-heilpilze","11":"first","12":"instock","13":"taxable","14":"shipping-taxable","15":"purchasable","16":"product-type-simple"},"acf":[],"_links":{"self":[{"href":"https:\/\/fengchashop.com\/at\/wp-json\/wp\/v2\/product\/6160","targetHints":{"allow":["GET"]}}],"collection":[{"href":"https:\/\/fengchashop.com\/at\/wp-json\/wp\/v2\/product"}],"about":[{"href":"https:\/\/fengchashop.com\/at\/wp-json\/wp\/v2\/types\/product"}],"replies":[{"embeddable":true,"href":"https:\/\/fengchashop.com\/at\/wp-json\/wp\/v2\/comments?post=6160"}],"wp:featuredmedia":[{"embeddable":true,"href":"https:\/\/fengchashop.com\/at\/wp-json\/wp\/v2\/media\/6161"}],"wp:attachment":[{"href":"https:\/\/fengchashop.com\/at\/wp-json\/wp\/v2\/media?parent=6160"}],"wp:term":[{"taxonomy":"product_brand","embeddable":true,"href":"https:\/\/fengchashop.com\/at\/wp-json\/wp\/v2\/product_brand?post=6160"},{"taxonomy":"product_cat","embeddable":true,"href":"https:\/\/fengchashop.com\/at\/wp-json\/wp\/v2\/product_cat?post=6160"},{"taxonomy":"product_tag","embeddable":true,"href":"https:\/\/fengchashop.com\/at\/wp-json\/wp\/v2\/product_tag?post=6160"}],"curies":[{"name":"wp","href":"https:\/\/api.w.org\/{rel}","templated":true}]}}