{"id":6151,"date":"2022-02-11T22:15:52","date_gmt":"2022-02-11T21:15:52","guid":{"rendered":"https:\/\/fengchashop.com\/at\/product\/ashwagandha-pulver-bio-250-g\/"},"modified":"2026-05-11T14:19:00","modified_gmt":"2026-05-11T12:19:00","slug":"ashwagandha-pulver-bio","status":"publish","type":"product","link":"https:\/\/fengchashop.com\/at\/product\/ashwagandha-pulver-bio\/","title":{"rendered":"Ashwagandha Pulver BIO 250 g"},"content":{"rendered":"<h2><span style=\"color: #000000\">Ashwagandha (Ashwagandha) Pulver BIO<\/span><\/h2>\n<p><span style=\"color: #000000\">Ashwagandha ist ein wesentliches Kraut im Ayurveda und eine der am meisten verehrten Pflanzen, die auch als<strong> indischer Ginseng<\/strong> bekannt ist, da sie im Ayurveda in \u00e4hnlicher Weise wie Ginseng in der traditionellen chinesischen Medizin verwendet wird. Botanisch gesehen sind die beiden Pflanzen nicht miteinander verwandt. Er wird seit Tausenden von Jahren zu medizinischen Zwecken verwendet, da er <strong>sich positiv auf das allgemeine Wohlbefinden auswirkt und uns Energie gibt<\/strong>. Sie gilt als Superfood, das uns hilft, das hormonelle Gleichgewicht wiederherzustellen. Er wirkt sowohl auf die Hormone als auch auf die Fortpflanzungsorgane. Er stellt die Nebennieren und die Schilddr\u00fcse wieder her. Da sie adaptogen ist, wird sie im Ayurveda bei Hyper- und Hypoaktivit\u00e4t der Schilddr\u00fcse eingesetzt.<\/span><\/p>\n<h2><span style=\"color: #000000\">Was sind die Vorteile der Einnahme von Ashwagandha?<\/span><\/h2>\n<p><span style=\"color: #000000\">Es wird angenommen, dass Ashwagandha eine positive Wirkung hat auf:<\/span><\/p>\n<p><span style=\"color: #000000\"> &#8211; Gesteigerte <strong>Gehirnleistung,<\/strong><\/span><br \/>\n<span style=\"color: #000000\"> &#8211; erh\u00f6hte <strong>Energie und Ausdauer,<\/strong><\/span><br \/>\n<span style=\"color: #000000\"><strong>&#8211; Bew\u00e4ltigung von Alltagsstress und Linderung von Angstzust\u00e4nden und Depressionen,<\/strong><\/span><br \/>\n<span style=\"color: #000000\"> &#8211; Verringerung von<strong> Schlaflosigkeit,<\/strong><\/span><br \/>\n<span style=\"color: #000000\"><strong>&#8211; Linderung von Schmerzen und Entz\u00fcndungen,<\/strong><\/span><br \/>\n<span style=\"color: #000000\"> &#8211; S<strong>teigerung des Sexualtriebs und der Fruchtbarkeit<\/strong> bei beiden Geschlechtern,<\/span><br \/>\n<span style=\"color: #000000\">&#8211; Verlangsamung <strong>des Alterungsprozesses des<\/strong> K\u00f6rpers.<\/span><\/p>\n<p><span style=\"color: #000000\">Die Wurzel der Pflanze enth\u00e4lt die meisten Wirkstoffe, die eine positive Wirkung auf verschiedene Gesundheitsprobleme haben. Sie kann gegessen oder auf die Haut oder die betroffene Stelle aufgetragen werden. Sie ist sehr vielseitig und wird daher in drei verschiedenen traditionellen Arzneimitteln gesch\u00e4tzt.<\/span><\/p>\n<p><span style=\"color: #000000\">Er wird auch als indischer Ginseng bezeichnet, weil er die Denkf\u00e4higkeit oder die Gehirnfunktion (\u00e4hnlich wie Ginseng) steigern kann. Generell sch\u00fctzt er das Gehirn vor den Auswirkungen des modernen Lebensstils. Er hat eine ausgezeichnete Wirkung auf das gesamte Nervensystem und wird daher h\u00e4ufig zur <strong>\u00dcberwindung von Stress, Angst und Depressionen<\/strong> eingesetzt <strong>.<\/strong> In letzter Zeit ist er Gegenstand zahlreicher Forschungsarbeiten, die auch Verbindungen zur Behandlung der Alzheimer-Krankheit und Demenz aufweisen.<\/span><\/p>\n<h2><span style=\"color: #000000\">F\u00fcr wen ist die Einnahme von Ashwagandha empfehlenswert?<\/span><\/h2>\n<p><span style=\"color: #000000\">Obwohl Ashwagandha ein sehr breites Wirkungsspektrum hat, wird die Einnahme vor allem denjenigen empfohlen, die eine nat\u00fcrliche L\u00f6sung f\u00fcr Situationen wie<strong> Stress,<\/strong> mangelnden Sexualtrieb und Probleme <strong>in den Wechseljahren suchen.<\/strong> Es kann auch zur <strong>Verbesserung des Ged\u00e4chtnisses, der Konzentration und der Leistungsf\u00e4higkeit, des<\/strong> Blutbildes sowie zur Unterst\u00fctzung der Gewichtsabnahme und zur Erh\u00f6hung der Widerstandsf\u00e4higkeit gegen Erk\u00e4ltungen und andere Infektionen eingenommen werden. Aufgrund seiner bemerkenswerten entz\u00fcndungshemmenden Wirkung wird es auch zur Linderung von Problemen bei allen Arten von <strong>rheumatischen Erkrankungen<\/strong> und entz\u00fcndeten Gelenken eingesetzt. Er hilft auch, den Muskeltonus zu erhalten und die Gelenke beweglich zu halten. Seine Verwendung wird Menschen empfohlen, die einen niedrigen Schilddr\u00fcsenhormonspiegel haben. Obwohl Ashwagandha ein unbedenkliches Lebensmittel ist und auch als Alternative bei ernsten Gesundheitszust\u00e4nden verwendet wird, wird empfohlen, vor der Einnahme einen Arzt zu konsultieren.<\/span><\/p>\n<h2><span style=\"color: #000000\">Lagerung und Warnhinweise<\/span><\/h2>\n<p><span style=\"color: #000000\">K\u00fchl und trocken bei einer Temperatur von bis zu 25 \u00b0C lagern. Das Nahrungserg\u00e4nzungsmittel f\u00fcr Kinder unzug\u00e4nglich aufbewahren!<\/span><\/p>\n<p><span style=\"color: #000000\">Denken Sie daran, wie wichtig eine abwechslungsreiche Ern\u00e4hrung und eine gesunde Lebensweise sind; ein Nahrungserg\u00e4nzungsmittel ist daher kein Ersatz f\u00fcr eine ausgewogene und abwechslungsreiche Ern\u00e4hrung. Die empfohlene Tagesmenge oder Dosis sollte nicht \u00fcberschritten werden. Schwangeren und stillenden Frauen sowie Personen mit einer Schilddr\u00fcsen\u00fcberfunktion wird von der Einnahme abgeraten.<\/span><\/p>\n<h2><span style=\"color: #000000\">Verpackung<\/span><\/h2>\n<p><span style=\"color: #000000\">Undurchl\u00e4ssiger Zip-Lock-Beutel, in dem das Produkt seine ganze Frische und sein Aroma bewahrt. Die Verpackung sch\u00fctzt das Produkt vor Licht und Luft, da sie aus mehreren Schutzschichten besteht, um die Eigenschaften des Inhalts zu erhalten.<\/span><\/p>\n<p><span style=\"color: #000000\">Die Verpackung ist sehr praktisch und recycelbar.<\/span><\/p>\n<h2><span style=\"color: #000000\">Herkunft<\/span><\/h2>\n<p><span style=\"color: #000000\">Indien<\/span><\/p>\n","protected":false},"excerpt":{"rendered":"<p align=\"JUSTIFY\">Ashwagandha ist ein wesentliches Kraut im Ayurveda und eine der am meisten verehrten Pflanzen, die auch als <b>indischer Ginseng<\/b> bekannt ist <b>,<\/b> da sie im Ayurveda in \u00e4hnlicher Weise wie Ginseng in der traditionellen chinesischen Medizin verwendet wird. Sie wird seit Tausenden von Jahren zu medizinischen Zwecken verwendet, da sie <b>sich positiv auf das allgemeine Wohlbefinden auswirkt<\/b> und uns Energie verleiht. Es wird angenommen, dass Ashwagandha eine positive Wirkung hat auf:<\/p>\n<p align=\"JUSTIFY\">\ud83d\udc9a Gesteigerte Gehirnleistung,<br \/>\n\ud83d\udc9a erh\u00f6hte Energie und Ausdauer,<br \/>\n\ud83d\udc9a Bew\u00e4ltigung des t\u00e4glichen Stresses,<br \/>\n\ud83d\udc9a Verringerung von Schlaflosigkeit.<\/p>\n","protected":false},"featured_media":6152,"comment_status":"open","ping_status":"closed","template":"","meta":{"_acf_changed":false},"product_brand":[],"product_cat":[15,224,194,226,238,231,229],"product_tag":[],"class_list":{"0":"post-6151","1":"product","2":"type-product","3":"status-publish","4":"has-post-thumbnail","6":"product_cat-uncategorized","7":"product_cat-angebot","8":"product_cat-ayurveda","9":"product_cat-bestseller","10":"product_cat-gute-angebote","11":"product_cat-superfood","12":"product_cat-wieder-auf-lager","14":"first","15":"instock","16":"sale","17":"taxable","18":"shipping-taxable","19":"purchasable","20":"product-type-simple"},"acf":[],"_links":{"self":[{"href":"https:\/\/fengchashop.com\/at\/wp-json\/wp\/v2\/product\/6151","targetHints":{"allow":["GET"]}}],"collection":[{"href":"https:\/\/fengchashop.com\/at\/wp-json\/wp\/v2\/product"}],"about":[{"href":"https:\/\/fengchashop.com\/at\/wp-json\/wp\/v2\/types\/product"}],"replies":[{"embeddable":true,"href":"https:\/\/fengchashop.com\/at\/wp-json\/wp\/v2\/comments?post=6151"}],"wp:featuredmedia":[{"embeddable":true,"href":"https:\/\/fengchashop.com\/at\/wp-json\/wp\/v2\/media\/6152"}],"wp:attachment":[{"href":"https:\/\/fengchashop.com\/at\/wp-json\/wp\/v2\/media?parent=6151"}],"wp:term":[{"taxonomy":"product_brand","embeddable":true,"href":"https:\/\/fengchashop.com\/at\/wp-json\/wp\/v2\/product_brand?post=6151"},{"taxonomy":"product_cat","embeddable":true,"href":"https:\/\/fengchashop.com\/at\/wp-json\/wp\/v2\/product_cat?post=6151"},{"taxonomy":"product_tag","embeddable":true,"href":"https:\/\/fengchashop.com\/at\/wp-json\/wp\/v2\/product_tag?post=6151"}],"curies":[{"name":"wp","href":"https:\/\/api.w.org\/{rel}","templated":true}]}}