{"id":6145,"date":"2022-11-02T22:07:00","date_gmt":"2022-11-02T21:07:00","guid":{"rendered":"https:\/\/fengchashop.com\/at\/product\/flohsamenschalen-psilium-99-rein-bio-250-g\/"},"modified":"2025-08-18T11:56:22","modified_gmt":"2025-08-18T09:56:22","slug":"flohsamenschalen-psilium-99-rein-bio","status":"publish","type":"product","link":"https:\/\/fengchashop.com\/at\/product\/flohsamenschalen-psilium-99-rein-bio\/","title":{"rendered":"Flohsamenschalen (Psilium) 99% rein BIO 250 g"},"content":{"rendered":"<h2><span style=\"color: #000000;\">Psilium oder Flohsamenschalen BIO 99% rein<\/span><\/h2>\n<p>Psyllium, oder Flohsamenschalen, ist die Samenschale einer Pflanze namens Plantago. Psyllium wird als Nahrungserg\u00e4nzungsmittel bei Magen-Darm-Beschwerden eingesetzt, die sich vor allem im Darm manifestieren. Der extrem hohe Ballaststoffgehalt <strong>hilft bei Verstopfung, beseitigt Bl\u00e4hungen und vermittelt ein S\u00e4ttigungsgef\u00fchl<\/strong>. 99 % Reinheit bedeuten, dass das Produkt hoch gereinigt und daher volumin\u00f6ser ist. Kurz gesagt &#8211; es ist eine<strong> Premium-Version der indischen Distel<\/strong>.<\/p>\n<p>Dass unsere allgemeine Gesundheit und unser Wohlbefinden zu einem gro\u00dfen Teil von der Funktion und Gesundheit unseres Darms abh\u00e4ngen, kann jeder best\u00e4tigen. Wie wichtig ein gesunder Darm als Schl\u00fcsselorgan unseres K\u00f6rpers ist, wird uns jedoch erst bewusst, wenn wir Probleme mit Verstopfung, Durchfall, Bl\u00e4hungen oder andere ernstere Gesundheitsprobleme bekommen.<\/p>\n<p>Die regelm\u00e4\u00dfige<strong> Einnahme von Ballaststoffen ist<\/strong> wichtig, da sie die Darmentleerung erleichtern. Die Mariendistel spielt dabei eine wichtige Rolle, denn die Samenschalen quellen bei Kontakt mit Wasser schnell auf und bilden ein Gel, das die Kontraktion des Darms anregt und so einen regelm\u00e4\u00dfigen und leichteren Stuhlgang erm\u00f6glicht. Auf diese Weise wird unser Darm auf nat\u00fcrliche Weise gereinigt und von Verstopfungen befreit, die sonst zu verschiedenen Entz\u00fcndungen oder zum Wachstum von schlechten Bakterien f\u00fchren k\u00f6nnen, die f\u00fcr unser Wohlbefinden und unsere Gesundheit sch\u00e4dlich sind.<\/p>\n<p>Unsere Version der indischen Distel ist die richtige Wahl f\u00fcr Sie, weil sie:<\/p>\n<ul>\n<li><span style=\"color: #000000;\"><strong>99%<\/strong> gereinigt,<\/span><\/li>\n<li><span style=\"color: #000000;\"><strong>leichter zu verdauen<\/strong> ist,<\/span><\/li>\n<li><span style=\"color: #000000;\">von bester oder<strong> h\u00f6chster Qualit\u00e4t<\/strong>,<\/span><\/li>\n<li><span style=\"color: #000000;\">aus <strong>kontrolliert biologischem Anbau<\/strong>.<\/span><\/li>\n<\/ul>\n<h2>Wie wirkt die Mariendistel und bei welchen Problemen hilft sie?<\/h2>\n<p>Da sie wirklich bemerkenswerte Eigenschaften hat, wird sie all jenen empfohlen, die sich um ihre Gesundheit und ihr allgemeines Wohlbefinden k\u00fcmmern m\u00f6chten, und sie wird besonders empfohlen f\u00fcr:<\/p>\n<ul>\n<li><span style=\"color: #000000;\">F\u00fcr alle, die unter h\u00e4ufiger und wiederkehrender <strong>Verstopfung und Bl\u00e4hungen<\/strong> leiden.<\/span><\/li>\n<li><span style=\"color: #000000;\">F\u00fcr ein besseres allgemeines Wohlbefinden und zur Vorbeugung von M\u00fcdigkeit.<\/span><\/li>\n<li><span style=\"color: #000000;\">Zur Unterst\u00fctzung<strong> bei der Gewichtsabnahme<\/strong>, da es uns ein S\u00e4ttigungsgef\u00fchl vermittelt und auch sehr gut auf unseren Stoffwechsel wirkt, indem es ihn auf nat\u00fcrliche Weise anregt.<\/span><\/li>\n<li><span style=\"color: #000000;\">F\u00fcr alle, die ein nat\u00fcrliches Abf\u00fchrmittel ohne allgemeine unerw\u00fcnschte Wirkungen wie Bl\u00e4hungen und V\u00f6llegef\u00fchl w\u00fcnschen.<\/span><\/li>\n<li><span style=\"color: #000000;\">Unter \u00e4rztlicher Aufsicht auch bei Problemen mit<strong> hohem Cholesterinspiegel<\/strong>, Diabetes, H\u00e4morrhoiden, Reizdarm, Morbus Chron, etc.<\/span><\/li>\n<li>Dar\u00fcber hinaus ist unser Produkt auch f\u00fcr Vegetarier und Veganer geeignet. Es ist glutenfrei und universell einsetzbar beim Backen und Kochen.<\/li>\n<\/ul>\n<h2><span style=\"color: #000000;\">Wem wird es empfohlen?<\/span><\/h2>\n<p>Psilium wird jedem empfohlen, der unter h\u00e4ufiger Verstopfung oder anderen Formen von Verdauungsst\u00f6rungen leidet, auch solchen, die mit Krankheiten zusammenh\u00e4ngen. Andererseits hilft Psyllium auch bei Durchfall und Diarrh\u00f6e, indem es die Passage des Stuhls durch den Dickdarm verlangsamt.<\/p>\n<p>Psyllium wird auch f\u00fcr diejenigen empfohlen, die ein paar Pfunde verlieren oder ein gesundes Gewicht halten wollen, da es ein S\u00e4ttigungsgef\u00fchl vermittelt. Au\u00dferdem tr\u00e4gt er zur Erhaltung einer gesunden Darmmikroflora bei, da er als Pr\u00e4biotikum wirkt.<\/p>\n<p>Ballaststoffe geh\u00f6ren zu den Kohlenhydraten, die vom K\u00f6rper nicht verdaut werden k\u00f6nnen. Daher haben sie fast keinen Kalorienwert. Ballaststoffe erleichtern jedoch die Passage des Stuhls durch den Darm und verhindern Stuhlverstopfungen. Daher kann die Aufnahme von Psyllium in die regelm\u00e4\u00dfige Ern\u00e4hrung f\u00fcr jeden Menschen von Vorteil sein.<\/p>\n<h2><span style=\"color: #000000;\">Verpackung<\/span><\/h2>\n<p>Undurchl\u00e4ssiger Zip-Lock-Beutel, in dem das Produkt seine ganze Frische und sein Aroma bewahrt. Die Verpackung sch\u00fctzt vor Licht und Luft, da sie aus mehreren Schutzschichten besteht, die die Eigenschaften des Inhalts bewahren.<\/p>\n<p>Die Verpackung ist sehr praktisch und recycelbar.<\/p>\n<h2>Lagerung und Warnhinweise<\/h2>\n<p>An einem k\u00fchlen und trockenen Ort aufbewahren. Au\u00dferhalb der Reichweite von Kindern aufbewahren.<\/p>\n<p>Denken Sie daran, wie wichtig eine abwechslungsreiche Ern\u00e4hrung und eine gesunde Lebensweise sind; ein Nahrungserg\u00e4nzungsmittel ist daher kein Ersatz f\u00fcr eine ausgewogene und abwechslungsreiche Ern\u00e4hrung. Die empfohlene Tagesmenge oder Dosis sollte nicht \u00fcberschritten werden. Schwangeren und stillenden Frauen wird immer empfohlen, vor der Einnahme einen Arzt zu konsultieren.<\/p>\n<p>Es wird empfohlen, es nicht gleichzeitig mit Arzneimitteln einzunehmen, da es deren Aufnahme verlangsamen kann.<\/p>\n<h2>Herkunft<\/h2>\n<p><span style=\"color: #000000;\">Indien<\/span><\/p>\n","protected":false},"excerpt":{"rendered":"<p align=\"JUSTIFY\">Psyllium, auch Flohsamenschalen genannt, ist die Samenschale einer Pflanze namens Plantago. Psyllium wird als Nahrungserg\u00e4nzungsmittel bei <strong>Magen-Darm-Problemen<\/strong> verwendet, die sich haupts\u00e4chlich im <strong>Darm<\/strong> manifestieren. Da er wirklich bemerkenswerte Eigenschaften besitzt, wird er all jenen empfohlen, die sich um ihre Gesundheit und ihr <strong>allgemeines Wohlbefinden<\/strong> k\u00fcmmern wollen<strong>.<\/strong><\/p>\n<p align=\"JUSTIFY\">\ud83d\udc9a Hilft bei Verstopfung,<br \/>\n\ud83d\udc9a lindert Bl\u00e4hungen,<br \/>\n\ud83d\udc9a gibt ein Gef\u00fchl der S\u00e4ttigung,<br \/>\n\ud83d\udc9a hilft bei der Gewichtsabnahme.<\/p>\n","protected":false},"featured_media":6146,"comment_status":"open","ping_status":"closed","template":"","meta":{"_acf_changed":false},"product_brand":[],"product_cat":[15,225,224,194,231],"product_tag":[],"class_list":{"0":"post-6145","1":"product","2":"type-product","3":"status-publish","4":"has-post-thumbnail","6":"product_cat-uncategorized","7":"product_cat-alle-produkte","8":"product_cat-angebot","9":"product_cat-ayurveda","10":"product_cat-superfood","12":"first","13":"instock","14":"sale","15":"taxable","16":"shipping-taxable","17":"purchasable","18":"product-type-simple"},"acf":[],"_links":{"self":[{"href":"https:\/\/fengchashop.com\/at\/wp-json\/wp\/v2\/product\/6145","targetHints":{"allow":["GET"]}}],"collection":[{"href":"https:\/\/fengchashop.com\/at\/wp-json\/wp\/v2\/product"}],"about":[{"href":"https:\/\/fengchashop.com\/at\/wp-json\/wp\/v2\/types\/product"}],"replies":[{"embeddable":true,"href":"https:\/\/fengchashop.com\/at\/wp-json\/wp\/v2\/comments?post=6145"}],"wp:featuredmedia":[{"embeddable":true,"href":"https:\/\/fengchashop.com\/at\/wp-json\/wp\/v2\/media\/6146"}],"wp:attachment":[{"href":"https:\/\/fengchashop.com\/at\/wp-json\/wp\/v2\/media?parent=6145"}],"wp:term":[{"taxonomy":"product_brand","embeddable":true,"href":"https:\/\/fengchashop.com\/at\/wp-json\/wp\/v2\/product_brand?post=6145"},{"taxonomy":"product_cat","embeddable":true,"href":"https:\/\/fengchashop.com\/at\/wp-json\/wp\/v2\/product_cat?post=6145"},{"taxonomy":"product_tag","embeddable":true,"href":"https:\/\/fengchashop.com\/at\/wp-json\/wp\/v2\/product_tag?post=6145"}],"curies":[{"name":"wp","href":"https:\/\/api.w.org\/{rel}","templated":true}]}}