{"id":6141,"date":"2022-02-11T21:55:28","date_gmt":"2022-02-11T20:55:28","guid":{"rendered":"https:\/\/fengchashop.com\/at\/product\/maca-tabletten-bio-125-g\/"},"modified":"2026-04-15T12:54:37","modified_gmt":"2026-04-15T10:54:37","slug":"mac-tabletten-bio","status":"publish","type":"product","link":"https:\/\/fengchashop.com\/at\/product\/mac-tabletten-bio\/","title":{"rendered":"Maca Tabletten BIO 125 g"},"content":{"rendered":"<h2><span style=\"color: #000000\">Maca-Tabletten BIO<\/span><\/h2>\n<p><span style=\"color: #000000\">Maca ist eine Pflanze, die in den letzten Jahren zu einem der wichtigsten Bestandteile von Nahrungserg\u00e4nzungsmitteln geworden ist, und ihre Popularit\u00e4t hat sie in viele Haushalte gebracht. Sie ist auch als <strong>peruanischer Ginseng<\/strong> bekannt. Und obwohl sie traditionell zur Steigerung der Fruchtbarkeit und des Sexualtriebs, zur Beseitigung von Ersch\u00f6pfungszust\u00e4nden und zur St\u00e4rkung der k\u00f6rperlichen Kraft verwendet wird, kann der Verzehr von Maca uns noch viel mehr bringen.<\/span><\/p>\n<p><span style=\"color: #000000\">Es ist ein adaptogenes Kraut, das <strong>Energie, Ausdauer, Vitalit\u00e4t und k\u00f6rperliche Kraft steigert<\/strong>. Sie hilft uns, auf Stress zu reagieren und sich leichter an Ver\u00e4nderungen anzupassen. Sie gedeiht am besten in den Anden in Zentralperu, unter rauen Bedingungen und in sehr gro\u00dfen H\u00f6hen &#8211; \u00fcber 4000 m. Er ist ein Kreuzbl\u00fctler wie Brokkoli, Blumenkohl, R\u00fcben, Kohl, Gr\u00fcnkohl und Radieschen. Der essbare Teil der Pflanze ist die Wurzel oder Knolle. Es gibt sie in verschiedenen Farben, von wei\u00df bis schwarz. Die beliebtesten Farben sind<strong> gelb, rot und schwarz<\/strong>. Die einfache gelbe Maca wird f\u00fcr den t\u00e4glichen und langfristigen Verzehr verwendet. Die rote und die schwarze Maca gelten als heilige Sorten und werden bei chronischen therapeutischen Problemen verwendet.<\/span><\/p>\n<p><span style=\"color: #000000\">Die Maca-Knolle wird am h\u00e4ufigsten in Pulverform konsumiert. Maca in Tablettenform ist jedoch einfacher zu handhaben und leichter zu dosieren. Unsere Maca-Tabletten werden biologisch hergestellt.<\/span><\/p>\n<p><span style=\"color: #000000\">Bei welchen Problemen hilft Maca und f\u00fcr wen ist es empfehlenswert?<\/span><\/p>\n<p><span style=\"color: #000000\">Maca ist eine adaptogene Pflanze, das hei\u00dft, sie passt sich den Bed\u00fcrfnissen des Einzelnen an. Adaptogene st\u00e4rken die Organsysteme (Atemwege, Verdauung, Harnwege usw.), ohne sie jedoch \u00fcberm\u00e4\u00dfig zu stimulieren oder auf andere Weise in ihrer Funktion zu beeintr\u00e4chtigen. Adaptogene werden f\u00fcr Menschen empfohlen, die Hilfe ben\u00f6tigen bei:<\/span><\/p>\n<p><span style=\"color: #000000\"> &#8211; Probleme mit <strong>Stimmungsschwankungen<\/strong> zu \u00fcberwinden,<\/span><\/p>\n<p><span style=\"color: #000000\"> &#8211; bei Unfruchtbarkeit und Problemen <strong>in den Wechseljahren<\/strong>,<\/span><\/p>\n<p><span style=\"color: #000000\"> &#8211; zur Steigerung der<strong> geistigen und k\u00f6rperlichen Leistungsf\u00e4higkeit<\/strong>,<\/span><\/p>\n<p><span style=\"color: #000000\">&#8211; Steigerung der <strong>sexuellen Potenz,<\/strong><\/span><\/p>\n<p><span style=\"color: #000000\"> &#8211; viele andere Gesundheitsprobleme.<\/span><\/p>\n<h2><span style=\"color: #000000\">Was sind die wichtigsten Eigenschaften von Maca?<\/span><\/h2>\n<p><strong><span style=\"color: #000000\">Sie ist sehr nahrhaft<\/span><\/strong><\/p>\n<p><span style=\"color: #000000\">Maca ist eine ausgezeichnete Quelle f\u00fcr mehrere<strong> wichtige Vitamine und Mineralien<\/strong> wie Vitamin C, A, E, B2, B6, B12, Kupfer, Magnesium, Selen, Kalzium, Kalium, Natrium, Phosphor, Mangan und Eisen. Er ist eine gute Quelle f\u00fcr Kohlenhydrate, Aminos\u00e4uren und Fette und enth\u00e4lt eine betr\u00e4chtliche Menge an Ballaststoffen und anderen Phyton\u00e4hrstoffen. Au\u00dferdem enth\u00e4lt er verschiedene Pflanzenstoffe wie Glucosinolate, Polyphenole und Phytosterole, die die<strong> Aufnahme von Cholesterin<\/strong> hemmen und sogar dessen Spiegel im Blut senken k\u00f6nnen.<\/span><\/p>\n<p><strong><span style=\"color: #000000\">Steigert die Libido<\/span><\/strong><\/p>\n<p><span style=\"color: #000000\">Steigert den Sexualtrieb bei M\u00e4nnern und Frauen. Er ist ein nat\u00fcrliches Aphrodisiakum. Beseitigt erektile Dysfunktion. Maca steigert das <strong>sexuelle Verlangen <\/strong>und diese Behauptung wird durch verschiedene Studien gest\u00fctzt. Eine Studie aus dem Jahr 2010, die vier klinische Studien mit insgesamt 131 Teilnehmern umfasste, zeigte, dass Maca das sexuelle Verlangen nach mindestens sechsw\u00f6chiger Einnahme verbessert. Eine andere Studie zeigte, dass Maca sexuelle Funktionsst\u00f6rungen verringert, die durch Medikamente zur Behandlung von Depressionen verursacht werden.<\/span><\/p>\n<p><strong><span style=\"color: #000000\">Steigert die Fruchtbarkeit<\/span><\/strong><\/p>\n<p><span style=\"color: #000000\">Maca erh\u00f6ht die Fruchtbarkeit bei M\u00e4nnern und Frauen. Eine \u00dcberpr\u00fcfung von f\u00fcnf kleinen Studien ergab, dass Maca <strong>die Spermienproduktion erh\u00f6ht und die Samenqualit\u00e4t<\/strong> bei unfruchtbaren, aber ansonsten gesunden M\u00e4nnern verbessert. Nach viermonatigem Maca-Konsum nahmen Volumen, Anzahl und Beweglichkeit der Spermien zu. Bei Frauen<strong> reguliert sie den Menstruationszyklus<\/strong> und lindert die Symptome von PMS und Menstruationsschmerzen.<\/span><\/p>\n<p><strong><span style=\"color: #000000\">Verringert die Gr\u00f6\u00dfe der Prostata<\/span><\/strong><\/p>\n<p><span style=\"color: #000000\">Einige Studien haben gezeigt, dass die rote Maca die Gr\u00f6\u00dfe der Prostata reduziert, da sie einen hohen Anteil an Glucosinolaten enth\u00e4lt. Sie werden auch mit einem geringeren<strong> Risiko f\u00fcr Prostatakrebs<\/strong> und einer ges\u00fcnderen Prostata in Verbindung gebracht.<\/span><\/p>\n<p><strong><span style=\"color: #000000\">Hormonelles Gleichgewicht<\/span><\/strong><\/p>\n<p><span style=\"color: #000000\">Unterst\u00fctzt das endokrine System, das unter anderem f\u00fcr den Sauerstofftransport im K\u00f6rper zust\u00e4ndig ist. Es <strong>stimuliert die Funktion der Dr\u00fcsen<\/strong> (Hypothalamus, Hypophyse, Nebenniere, Schilddr\u00fcse) und regt so die Produktion von Hormonen (Progesteron, Testosteron, DHEA) an und reguliert die Funktion des gesamten Hormonsystems. Das reibungslose Funktionieren des endokrinen Systems ist auch mit dem reibungslosen Funktionieren des Immunsystems verbunden. Wenn das Gleichgewicht im endokrinen System irgendwo gest\u00f6rt ist, ist die F\u00e4higkeit unserer Abwehrmechanismen reduziert.<\/span><\/p>\n<p><strong><span style=\"color: #000000\">Lindert die Symptome der Menopause und Andropause (m\u00e4nnliche Wechseljahre)<\/span><\/strong><\/p>\n<p><span style=\"color: #000000\">Der nat\u00fcrliche R\u00fcckgang des \u00d6strogens in den Wechseljahren kann eine Reihe unangenehmer Symptome wie <strong>Hitzewallungen, vaginale Trockenheit, Stimmungsschwankungen, Schlafst\u00f6rungen und Reizbarkeit<\/strong> hervorrufen. Eine Studie an Frauen in den Wechseljahren ergab, dass Maca dazu beitr\u00e4gt, Wechseljahrsbeschwerden, einschlie\u00dflich Hitzewallungen und Schlafst\u00f6rungen, zu lindern. Maca tr\u00e4gt auch zum Schutz der Knochengesundheit bei und verringert das Risiko von Osteoporose. Es verlangsamt den Alterungsprozess.<\/span><\/p>\n<p><strong><span style=\"color: #000000\">Verbessert die Stimmung<\/span><\/strong><\/p>\n<p><span style=\"color: #000000\">Mehrere Studien haben bereits gezeigt, dass Maca die<strong> Stimmung und das geistige Wohlbefinden verbessern<\/strong> kann, da sie Flavonide enth\u00e4lt. Sie reduziert auch Angstzust\u00e4nde und Symptome von Depressionen, insbesondere bei Frauen in den Wechseljahren. Sie hilft, Stress und nerv\u00f6se Anspannung abzubauen, indem sie die Sauerstoffmenge im Blut erh\u00f6ht.<\/span><\/p>\n<p><strong><span style=\"color: #000000\">Steigert die Energie und die sportliche Leistung<\/span><\/strong><\/p>\n<p><span style=\"color: #000000\">Maca wird auch von<strong> Sportlern<\/strong> verwendet. Sie hilft uns, Muskelmasse aufzubauen, Kraft, Energie und Ausdauer zu steigern und die sportliche Leistung zu verbessern. Der Verzehr von Maca kann die <strong>sportliche<\/strong><strong> Leistung<\/strong> verbessern, insbesondere bei Ausdauertraining. Es hilft bei chronischer M\u00fcdigkeit. Es steigert die Vitalit\u00e4t des K\u00f6rpers und die geistige und k\u00f6rperliche Energie.<\/span><\/p>\n<p><strong><span style=\"color: #000000\">Gut f\u00fcr Lernen und Ged\u00e4chtnis<\/span><\/strong><\/p>\n<p><span style=\"color: #000000\">Maca kann <strong>die Gehirnfunktion verbessern<\/strong> und wirkt sich positiv auf das Lernen, die Konzentration und das Ged\u00e4chtnis aus. Traditionell wird sie von der indigenen Bev\u00f6lkerung Perus verwendet, um die schulischen Leistungen der Kinder zu verbessern. In diesem Fall hat sich die schwarze Maca als am wirksamsten erwiesen.<\/span><\/p>\n<h2><span style=\"color: #000000\">Lagerung und Warnhinweise<\/span><\/h2>\n<p><span style=\"color: #000000\">K\u00fchl und trocken bei einer Temperatur von bis zu 25 \u00b0C lagern. Au\u00dferhalb der Reichweite von Kindern aufbewahren!<\/span><\/p>\n<p><span style=\"color: #000000\">Denken Sie daran, wie wichtig eine abwechslungsreiche Ern\u00e4hrung und eine gesunde Lebensweise sind; ein Nahrungserg\u00e4nzungsmittel ist daher kein Ersatz f\u00fcr eine ausgewogene und abwechslungsreiche Ern\u00e4hrung. Die empfohlene Tagesmenge oder Dosis sollte nicht \u00fcberschritten werden. Schwangeren und stillenden Frauen wird immer empfohlen, vor der Einnahme einen Arzt zu konsultieren.<\/span><\/p>\n<h2><span style=\"color: #000000\">Verpackung<\/span><\/h2>\n<p><span style=\"color: #000000\">Undurchl\u00e4ssiger Zip-Lock-Beutel, in dem das Produkt seine ganze Frische und sein Aroma bewahrt. Die Verpackung sch\u00fctzt das Produkt vor Licht und Luft, da sie aus mehreren Schutzschichten besteht, um die Eigenschaften des Inhalts zu erhalten.<\/span><\/p>\n<p><span style=\"color: #000000\">Die Verpackung ist sehr praktisch und recycelbar.<\/span><\/p>\n<h2><span style=\"color: #000000\">Herkunft<\/span><\/h2>\n<p><span style=\"color: #000000\">Peru<\/span><\/p>\n","protected":false},"excerpt":{"rendered":"<p align=\"JUSTIFY\">Maca ist eine Wurzelpflanze, die im Hochland der peruanischen Anden gedeiht, wo sie<strong> extremen Wetterbedingungen<\/strong> und gro\u00dfen Temperaturunterschieden zwischen Tag und Nacht ausgesetzt ist. Der medizinische Teil der Maca ist die Knolle, die viele<strong> Vitamine, Mineralien und Aminos\u00e4uren<\/strong> enth\u00e4lt. Mit wichtigen Vitaminen wie Vitamin B1, B12, C und E sowie Fetts\u00e4uren, Mineralien und Aminos\u00e4uren ist die Maca eines der wirksamsten, begehrtesten und empfehlenswertesten nat\u00fcrlichen Superfoods mit einer jahrtausendealten Tradition. Es wird f\u00fcr Menschen empfohlen, die Hilfe ben\u00f6tigen bei:<\/p>\n<p align=\"JUSTIFY\">\ud83d\udc9a Stimmungsschwankungen zu \u00fcberwinden,<br \/>\n\ud83d\udc9a Unfruchtbarkeit und Wechseljahrsbeschwerden,<br \/>\n\ud83d\udc9a zur Steigerung der geistigen und k\u00f6rperlichen Leistungsf\u00e4higkeit,<br \/>\n\ud83d\udc9a Steigerung der sexuellen Potenz,<br \/>\n\ud83d\udc9a viele andere Gesundheitsprobleme.<\/p>\n","protected":false},"featured_media":6142,"comment_status":"open","ping_status":"closed","template":"","meta":{"_acf_changed":false},"product_brand":[],"product_cat":[15,225,224,231],"product_tag":[],"class_list":{"0":"post-6141","1":"product","2":"type-product","3":"status-publish","4":"has-post-thumbnail","6":"product_cat-uncategorized","7":"product_cat-alle-produkte","8":"product_cat-angebot","9":"product_cat-superfood","11":"first","12":"instock","13":"sale","14":"taxable","15":"shipping-taxable","16":"purchasable","17":"product-type-simple"},"acf":[],"_links":{"self":[{"href":"https:\/\/fengchashop.com\/at\/wp-json\/wp\/v2\/product\/6141","targetHints":{"allow":["GET"]}}],"collection":[{"href":"https:\/\/fengchashop.com\/at\/wp-json\/wp\/v2\/product"}],"about":[{"href":"https:\/\/fengchashop.com\/at\/wp-json\/wp\/v2\/types\/product"}],"replies":[{"embeddable":true,"href":"https:\/\/fengchashop.com\/at\/wp-json\/wp\/v2\/comments?post=6141"}],"wp:featuredmedia":[{"embeddable":true,"href":"https:\/\/fengchashop.com\/at\/wp-json\/wp\/v2\/media\/6142"}],"wp:attachment":[{"href":"https:\/\/fengchashop.com\/at\/wp-json\/wp\/v2\/media?parent=6141"}],"wp:term":[{"taxonomy":"product_brand","embeddable":true,"href":"https:\/\/fengchashop.com\/at\/wp-json\/wp\/v2\/product_brand?post=6141"},{"taxonomy":"product_cat","embeddable":true,"href":"https:\/\/fengchashop.com\/at\/wp-json\/wp\/v2\/product_cat?post=6141"},{"taxonomy":"product_tag","embeddable":true,"href":"https:\/\/fengchashop.com\/at\/wp-json\/wp\/v2\/product_tag?post=6141"}],"curies":[{"name":"wp","href":"https:\/\/api.w.org\/{rel}","templated":true}]}}