{"id":6095,"date":"2022-02-11T19:06:19","date_gmt":"2022-02-11T18:06:19","guid":{"rendered":"https:\/\/fengchashop.com\/at\/product\/maitake-bio-125-g\/"},"modified":"2026-04-12T09:43:26","modified_gmt":"2026-04-12T07:43:26","slug":"maitake-bio","status":"publish","type":"product","link":"https:\/\/fengchashop.com\/at\/product\/maitake-bio\/","title":{"rendered":"Maitake BIO 125 g"},"content":{"rendered":"<h2><span style=\"color: #000000\">Maitake (Grifola frondosa) BIO<\/span><\/h2>\n<p><span style=\"color: #000000\">Grifola frondosa, oder<strong> gro\u00dfer loser Pilz<\/strong>, ist ein sehr gro\u00dfer Speisepilz, der in Japan haupts\u00e4chlich f\u00fcr kulinarische Zwecke verwendet wird. Er hat eine angenehme Textur und einen guten Geschmack. Er wird auch als Nahrungserg\u00e4nzungsmittel in der traditionellen chinesischen Medizin verwendet. Matiake wird <strong>f\u00fcr eine umfassende Gesundheit und k\u00f6rperliche Vitalit\u00e4t<\/strong> verwendet<strong>.<\/strong> Es wirkt ausgleichend auf den Organismus, st\u00e4rkt das Immunsystem und verbessert die Blutwerte. Seine Beliebtheit hat vor allem in j\u00fcngster Zeit zugenommen, da es bei der Behandlung verschiedener Krebsarten helfen kann und viele andere positive Wirkungen hat.<\/span><\/p>\n<p><span style=\"color: #000000\">Die Produktion unseres medizinischen Maitake-Pilzes wird streng kontrolliert, ohne Verwendung von Chemikalien oder Pestiziden und<strong> zu 100 % biologisch<\/strong>. Die Qualit\u00e4t der Pilze wird regelm\u00e4\u00dfig von unabh\u00e4ngigen Labors in Slowenien und den USA kontrolliert.<\/span><\/p>\n<h2><span style=\"color: #000000\">Was enth\u00e4lt er und f\u00fcr wen ist er geeignet?<\/span><\/h2>\n<p><span style=\"color: #000000\">Der Maitake ist reich an Mineralien (Kalium, Kalzium, Magnesium usw.), Vitaminen (B2, D2, Niacin), Ballaststoffen, Eiwei\u00df, Aminos\u00e4uren, Polysacchariden (z.B. \u03b2-Glucan) und anderen Antioxidantien (z.B. das Pr\u00e4biotikum Trehalose). Neben den verschiedenen Polysacchariden sind \u03b2-D-Glucan und Ergosterol (Provitamin D2) die Quelle der medizinischen Wirkung des Pilzes. Der regelm\u00e4\u00dfige Verzehr des Pilzes hilft, die k\u00f6rperliche Vitalit\u00e4t zu erhalten, er hilft auch bei chronischer M\u00fcdigkeit und hat hervorragende antioxidative Eigenschaften. \u00c4hnlich wie der Ganoderma lucidum kann der Maitake als ein Pilz eingestuft werden, der<strong> sich durch seine Wirkstoffe positiv auf unser allgemeines Wohlbefinden und unser Immunsystem auswirken<\/strong> kann. So wird der Maitake zur Verbesserung der allgemeinen Gesundheit und k\u00f6rperlichen Vitalit\u00e4t und zur Vorbeugung von chronischer M\u00fcdigkeit eingesetzt.<\/span><\/p>\n<p><span style=\"color: #000000\">Weitere positive medizinische Wirkungen, die dieser nach wie vor sehr beliebte Pilz hat, finden sich in den folgenden Zeilen:<\/span><\/p>\n<p><span style=\"color: #000000\"> &#8211; <strong>St\u00e4rkt das Immunsystem<\/strong> und verbessert das allgemeine Wohlbefinden,<\/span><\/p>\n<p><span style=\"color: #000000\"> &#8211; a<strong>ntioxidative<\/strong> Eigenschaften <strong>,<\/strong><\/span><\/p>\n<p><span style=\"color: #000000\"> &#8211; hilft bei<strong> chronischer M\u00fcdigkeit,<\/strong><\/span><\/p>\n<p><span style=\"color: #000000\"> &#8211; es kann uns helfen, die<strong> Nebenwirkungen von Chemo- und Strahlentherapie zu ertragen,<\/strong><\/span><\/p>\n<p><span style=\"color: #000000\"> &#8211; hat eine positive Wirkung auf die Knochen und unterst\u00fctzt die Behandlung von<strong> Osteoporose,<\/strong><\/span><\/p>\n<p><span style=\"color: #000000\"> &#8211; <strong>reguliert den Cholesterinspiegel, senkt den Blutdruck und beugt der Entstehung von Diabetes vor<\/strong>, w\u00e4hrend es bei Patienten mit Typ-2-Diabetes den Blutzuckerspiegel senken kann,<\/span><\/p>\n<p><span style=\"color: #000000\"> &#8211; a<strong>ntiviral und antimikrobiell,<\/strong><\/span><\/p>\n<p><span style=\"color: #000000\"> &#8211; verhindert das Wachstum und die Metastasierung von Tumoren,<\/span><\/p>\n<p><span style=\"color: #000000\"> &#8211; hilft bei der Gewichtskontrolle,<\/span><\/p>\n<p><span style=\"color: #000000\"> &#8211; auch wirksam bei der Behandlung von chronischer Hepatitis B, HIV und dem<strong> Wachstum von Candida albicans.<\/strong><\/span><\/p>\n<p><span style=\"color: #000000\">Alle Elemente des Pilzes sind in gro\u00dfen Mengen vorhanden und haben eine sehr positive Wirkung auf unseren K\u00f6rper.<\/span><\/p>\n<p><span style=\"color: #000000\">In Pulverform enth\u00e4lt er viele N\u00e4hrstoffe, und seine positive Wirkung ist auch wissenschaftlich erwiesen. Studien aus verschiedenen L\u00e4ndern der Welt haben zahlreiche positive Wirkungen des regelm\u00e4\u00dfigen Verzehrs von Maitake-Pilzen festgestellt.<\/span><\/p>\n<p><span style=\"color: #000000\">Das Wichtigste dabei ist, dass der Maitake ein 100%iges Naturprodukt ist, das uns auf nat\u00fcrliche Weise helfen kann. Er verbessert die Symptome unserer Probleme und wirkt sich positiv auf unser allgemeines Wohlbefinden aus. Es ist daher f\u00fcr jeden gedacht, der in irgendeiner Weise von seinen Vorteilen profitieren m\u00f6chte. Von der Verbesserung der Funktion des Immunsystems, als Hilfe bei Candida, zur Unterst\u00fctzung bei der Behandlung von Krebserkrankungen, f\u00fcr das allgemeine Wohlbefinden, usw. Da Pilze gerade deshalb so wirksam sind, weil sie die F\u00e4higkeit haben, alles &#8211; Gutes und Schlechtes &#8211; aus der Umwelt aufzunehmen, ist es wichtig, zu biologisch angebauten Pilzen zu greifen.<\/span><\/p>\n<h2><span style=\"color: #000000\">Warum Pilze?<\/span><\/h2>\n<p><span style=\"color: #000000\">Pilze sind sehr interessant. Sie sind weder Pflanzen noch Tiere, aber was sie sind, sind sicherlich unglaubliche Organismen, die es geschafft haben, zu \u00fcberleben, und zwar fast seit Anbeginn der Welt. Sie haben eine besondere \u00dcberlebensstrategie entwickelt, die sie bis heute erhalten hat. Und auch wir Menschen k\u00f6nnen von diesen Vorteilen profitieren, indem wir Heilpilze konsumieren. Sie bringen uns auf k\u00f6rperlicher Ebene ins Gleichgewicht und sch\u00fctzen uns vor vielen Krankheiten. Sie k\u00f6nnen eine<strong> vorbeugende<\/strong> oder <strong>unterst\u00fctzende Heilbehandlung<\/strong> f\u00fcr viele (moderne) Krankheiten sein, ob konventionell oder unkonventionell. Traditionell werden Pilzen Wirkungen bei Krebs, Autoimmunkrankheiten und Allergien zugeschrieben. Sie sind auch gut f\u00fcr ein gesundes und starkes Immunsystem. Die Gesundheitsforschung der letzten Jahrzehnte, als Pilze in der westlichen Welt an Interesse gewannen, hat jedoch viele ihrer therapeutischen Wirkungen best\u00e4tigt.<\/span><\/p>\n<p><span style=\"color: #000000\">Da bestimmte nat\u00fcrliche Wirkstoffe f\u00fcr uns unverdaulich oder schwer verdaulich sind, ist es sehr wichtig, nur die besten Pilzpulver zu verzehren. Die Pilze m\u00fcssen ordnungsgem\u00e4\u00df angebaut, getrocknet und zubereitet werden. Sie m\u00fcssen zu einem feinen, st\u00fcckchenfreien Pulver gemahlen werden. Die Farbe des Pulvers ist heller, h\u00e4ngt aber ansonsten auch von der Art des verzehrten Pilzes ab.<\/span><\/p>\n<h2><span style=\"color: #000000\">Verpackung<\/span><\/h2>\n<p><span style=\"color: #000000\">Undurchl\u00e4ssiger Zip-Lock-Beutel, in dem das Produkt seine ganze Frische und sein Aroma bewahrt. Die Verpackung sch\u00fctzt das Produkt vor Licht und Luft, da sie aus mehreren Schutzschichten besteht, die die Eigenschaften des Inhalts bewahren.<\/span><\/p>\n<p><span style=\"color: #000000\">Die Verpackung ist sehr praktisch und recycelbar.<\/span><\/p>\n<h2><span style=\"color: #000000\">Lagerung und Warnhinweise<\/span><\/h2>\n<p><span style=\"color: #000000\">An einem k\u00fchlen und trockenen Ort aufbewahren. Bewahren Sie das Nahrungserg\u00e4nzungsmittel au\u00dferhalb der Reichweite von Kindern auf!<\/span><\/p>\n<p><span style=\"color: #000000\">Denken Sie daran, wie wichtig eine abwechslungsreiche Ern\u00e4hrung und eine gesunde Lebensweise sind; ein Nahrungserg\u00e4nzungsmittel ist daher kein Ersatz f\u00fcr eine ausgewogene und abwechslungsreiche Ern\u00e4hrung. Die empfohlene Tagesmenge oder Dosis sollte nicht \u00fcberschritten werden. Schwangeren und stillenden Frauen wird immer empfohlen, vor der Einnahme einen Arzt zu konsultieren.<\/span><\/p>\n<h2><span style=\"color: #000000\">Gut zu wissen<\/span><\/h2>\n<p><span style=\"color: #000000\">Das Produkt ist auch f\u00fcr Tiere geeignet. In den meisten F\u00e4llen erweisen sich Heilpilze als \u00e4u\u00dferst wirksam bei der St\u00e4rkung des Immunsystems, der Beseitigung von Allergien und Hautkrankheiten sowie bei viralen und bakteriellen Infektionen. Bitte konsultieren Sie vor der Anwendung Ihren Tierarzt \u00fcber die Zweckm\u00e4\u00dfigkeit der Einnahme und die empfohlene Tagesmenge.<\/span><\/p>\n<h2><span style=\"color: #000000\">Herkunft<\/span><\/h2>\n<p><span style=\"color: #000000\">Slowenien<\/span><\/p>\n","protected":false},"excerpt":{"rendered":"<p align=\"JUSTIFY\">Grifola frondosa, auch <strong>Gro\u00dfer Knollenbl\u00e4tterpilz<\/strong> genannt, ist ein sehr gro\u00dfer Speisepilz. Er wird auch als Nahrungserg\u00e4nzungsmittel in der traditionellen chinesischen Medizin verwendet. Matiacs werden <strong>zur Verbesserung der Gesundheit und der k\u00f6rperlichen Vitalit\u00e4t im Allgemeinen<\/strong> verwendet.<\/p>\n<p>\ud83d\udc9a St\u00e4rkt das Immunsystem.<br \/>\n\ud83d\udc9a Verbessert das allgemeine Wohlbefinden.<br \/>\n\ud83d\udc9a Er hat antioxidative Eigenschaften.<br \/>\n\ud83d\udc9a Hilft bei chronischer M\u00fcdigkeit.<\/p>\n","protected":false},"featured_media":6096,"comment_status":"open","ping_status":"closed","template":"","meta":{"_acf_changed":false},"product_brand":[],"product_cat":[15,225,224,228],"product_tag":[],"class_list":{"0":"post-6095","1":"product","2":"type-product","3":"status-publish","4":"has-post-thumbnail","6":"product_cat-uncategorized","7":"product_cat-alle-produkte","8":"product_cat-angebot","9":"product_cat-heilpilze","11":"first","12":"instock","13":"taxable","14":"shipping-taxable","15":"purchasable","16":"product-type-simple"},"acf":[],"_links":{"self":[{"href":"https:\/\/fengchashop.com\/at\/wp-json\/wp\/v2\/product\/6095","targetHints":{"allow":["GET"]}}],"collection":[{"href":"https:\/\/fengchashop.com\/at\/wp-json\/wp\/v2\/product"}],"about":[{"href":"https:\/\/fengchashop.com\/at\/wp-json\/wp\/v2\/types\/product"}],"replies":[{"embeddable":true,"href":"https:\/\/fengchashop.com\/at\/wp-json\/wp\/v2\/comments?post=6095"}],"wp:featuredmedia":[{"embeddable":true,"href":"https:\/\/fengchashop.com\/at\/wp-json\/wp\/v2\/media\/6096"}],"wp:attachment":[{"href":"https:\/\/fengchashop.com\/at\/wp-json\/wp\/v2\/media?parent=6095"}],"wp:term":[{"taxonomy":"product_brand","embeddable":true,"href":"https:\/\/fengchashop.com\/at\/wp-json\/wp\/v2\/product_brand?post=6095"},{"taxonomy":"product_cat","embeddable":true,"href":"https:\/\/fengchashop.com\/at\/wp-json\/wp\/v2\/product_cat?post=6095"},{"taxonomy":"product_tag","embeddable":true,"href":"https:\/\/fengchashop.com\/at\/wp-json\/wp\/v2\/product_tag?post=6095"}],"curies":[{"name":"wp","href":"https:\/\/api.w.org\/{rel}","templated":true}]}}