{"id":5849,"date":"2022-02-11T16:44:16","date_gmt":"2022-02-11T15:44:16","guid":{"rendered":"https:\/\/fengchashop.com\/at\/product\/ganoderma-lucidum-glanzender-lackporling-reishi-bio-125-g\/"},"modified":"2026-04-26T19:32:21","modified_gmt":"2026-04-26T17:32:21","slug":"ganoderma-lucidum-glaenzender-lackporling-eu-reishi-bio-herkunft","status":"publish","type":"product","link":"https:\/\/fengchashop.com\/at\/product\/ganoderma-lucidum-glaenzender-lackporling-eu-reishi-bio-herkunft\/","title":{"rendered":"Ganoderma lucidum (Gl\u00e4nzender Lackporling) EU &#8211; Reishi BIO Herkunft 125 g"},"content":{"rendered":"<h2><span style=\"color: #000000\">Ganoderma lucidum (Gl\u00e4nzender Lackporling) \u2013 Reishi &#8211; Heilpilz<\/span><\/h2>\n<p><span style=\"color: #000000\">Der Ganoderma lucidum (Reishi), auch <strong>Pilz der Unsterblichkeit<\/strong> genannt, wird in der Traditionellen Chinesischen Medizin schon mindestens einige Jahrtausende verwendet. Es ist bekannt, dass er das <strong>allgemeine Wohlbefinden und Immunsystem verbessert<\/strong>. Au\u00dferdem hat er auch noch andere Wirkungen auf unsere Gesundheit.<\/span><\/p>\n<p><span style=\"color: #000000\">Der Ganoderma lucidum kann auch einen unausgeglichenen K\u00f6rper in einen gesunden K\u00f6rper verwandeln. Der Pilz h\u00e4lt unseren K\u00f6rper immer in Form und gleichzeitig erh\u00e4lt er die vitale Ausgeglichenheit unseres K\u00f6rpers.<\/span><\/p>\n<p><span style=\"color: #000000\">In Asien gilt Ganoderma als ein Pilz, der Langlebigkeit und Gesundheit f\u00f6rdert. Es wird auch angenommen, dass es sich auf unsere geistige und psychische Gesundheit auswirkt. Viele glauben, dass sie Spannungen abbaut, beruhigt, Ged\u00e4chtnis und Konzentration verbessert und den Willen st\u00e4rkt.<\/span><\/p>\n<p><span style=\"color: #000000\">Unser Anbau des Ganoderma lucidum wird streng kontrolliert, ohne Einsatz von Chemikalien oder Pestiziden und ist <strong>100% \u00f6kologisch<\/strong>. Die Qualit\u00e4t der Pilze wird regelm\u00e4\u00dfig von unabh\u00e4ngigen Laboratorien in Slowenien und den USA kontrolliert.<\/span><\/p>\n<h2><span style=\"color: #000000\">Was enth\u00e4lt sie und f\u00fcr wen ist sie bestimmt?<\/span><\/h2>\n<p><span style=\"color: #000000\">Der Ganoderma lucidum besteht aus komplexen <strong>Polysacchariden, Triterpenoiden, Vitaminen<\/strong> (A, B2, B3, B6, Fols\u00e4ure&#8230;) und bioaktiven <strong>Mineralstoffen<\/strong> (Germanium, Eisen, Magnesium, Zink, Kupfer, Mangan&#8230;). Alle Elemente im Pilz sind in gro\u00dfen Mengen vorhanden und haben einen sehr positiven Effekt auf unseren K\u00f6rper. Der Ganoderma lucidum ist ein 100%-iges Naturprodukt.<\/span><\/p>\n<p><span style=\"color: #000000\">In Form von Staub enth\u00e4lt der Ganoderma lucidum viele nahrhafte Inhaltsstoffe, dessen <strong>positive Effekte<\/strong> auch wissenschaftlich bewiesen wurden. Studien, die in verschiedenen L\u00e4ndern weltweit durchgef\u00fchrt wurden, haben die zahlreichen n\u00fctzlichen Wirkungen bei einer regelm\u00e4\u00dfigen Einnahme des Ganoderma lucidum bewiesen. Unsere Heilpilze werden auch regelm\u00e4\u00dfig in Zusammenarbeit mit slowenischen und ausl\u00e4ndischen Forschungsinstituten untersucht.<\/span><\/p>\n<p><span style=\"color: #000000\">Wohltuende (heilende) Wirkung des Ganoderma lucidum:<\/span><\/p>\n<p><span style=\"color: #000000\"> \ud83d\udc9a stimmuliert das Immunsystem<\/span><\/p>\n<p><span style=\"color: #000000\">\ud83d\udc9a wirkt dem Krebs entgegen<\/span><\/p>\n<p><span style=\"color: #000000\"> \ud83d\udc9a verbessert die Blutzirkulierung<\/span><\/p>\n<p><span style=\"color: #000000\"> \ud83d\udc9a regelt den Blutdruck, Holesterol und den Blutzucker bei Diabetes<\/span><\/p>\n<p><span style=\"color: #000000\"> \ud83d\udc9a hat eine anti-allergene Wirkung<\/span><\/p>\n<p><span style=\"color: #000000\"> \ud83d\udc9a beugt Hepatitis vor<\/span><\/p>\n<p><span style=\"color: #000000\"> \ud83d\udc9a hat die Funktion, das Herz und das Gef\u00e4\u00dfsystem gesund zu erhalten<\/span><\/p>\n<p><span style=\"color: #000000\"> \ud83d\udc9a ist ein starkes Oxydationsmittel, das freie Radikale entfernt<\/span><\/p>\n<p><span style=\"color: #000000\"> \ud83d\udc9a verringert die Nebenwirkungen bei der Chemotherapie<\/span><\/p>\n<p><span style=\"color: #000000\"> \ud83d\udc9a hilft bei Arteriosklerose und Multiplosklerose<\/span><\/p>\n<p><span style=\"color: #000000\"> \ud83d\udc9a hilft bei Asthma und Bronchitis<\/span><\/p>\n<p><span style=\"color: #000000\"> \ud83d\udc9a hat eine entz\u00fcndungshemmende Wirkung<\/span><\/p>\n<p><span style=\"color: #000000\"> \ud83d\udc9a hilft bei Depressionen, Stress, Nervosit\u00e4t, Angst, Bangigkeit, Angstneurose, M\u00fcdigkeit, Schlafst\u00f6rungen<\/span><\/p>\n<p><span style=\"color: #000000\"> \ud83d\udc9a hilft bei Magengeschw\u00fcren, Darmgeschw\u00fcren, Gastritis, Fettstoffwechselst\u00f6rungen, beschleunigter Verdauung, wirkt Darmentz\u00fcndungen und Sodbrennen entgegen<\/span><\/p>\n<p><span style=\"color: #000000\"> \ud83d\udc9a lindert die Symptome der Menopause und regt das Libido an<\/span><\/p>\n<p><span style=\"color: #000000\"> \ud83d\udc9a wirkt Trombosen, Herz-Rhytmus-St\u00f6rungen und Herzattacken entgegen<\/span><\/p>\n<p><span style=\"color: #000000\"> \ud83d\udc9a hilft das das \u00dcbergewicht zu verringern<\/span><\/p>\n<p><span style=\"color: #000000\"> \ud83d\udc9a hilft bei Entz\u00fcndungen des Nervensystems, Herpes Zoster und Neurodermitis<\/span><\/p>\n<p><span style=\"color: #000000\"> \ud83d\udc9a hilft auch bei Migr\u00e4ne, Erk\u00e4ltungen, \u00d6demen, Gicht und anderen Beschwerden\u2026<\/span><\/p>\n<p><span style=\"color: #000000\">N\u00fctzliche Inhaltsstoffe des Ganoderma lucidum: Polysaccharide, Mineralstoffe (Germanium, Eisen, Magnesium, Zink, Kupfer, Mangan&#8230;), Triterpenoide, Vitamine (A, B2, B3, B6, Fols\u00e4ure&#8230;)<\/span><\/p>\n<p><span style=\"color: #000000\">Die Qualit\u00e4ten unseres Nahrungserg\u00e4nzungsmittels Ganoderma lucidum sind:<\/span><\/p>\n<ul>\n<li><span style=\"color: #000000\">biologisch<\/span><\/li>\n<li><span style=\"color: #000000\">100% reines Produkt (eng. pure)<\/span><\/li>\n<li><span style=\"color: #000000\">hergestellt in der EU<\/span><\/li>\n<li><span style=\"color: #000000\">ohne GVO<\/span><\/li>\n<li><span style=\"color: #000000\">glutenfrei<\/span><\/li>\n<li><span style=\"color: #000000\">veganisch<\/span><\/li>\n<\/ul>\n<p><span style=\"color: #000000\">Unser Anbau des Ganoderma lucidum wird streng kontrolliert. Es werden keine Chemikalien oder Pestizide verwendet. <\/span><\/p>\n<h2><span style=\"color: #000000\">Verpackung:<\/span><\/h2>\n<p><span style=\"color: #000000\">Damit der Pilz all seine Frische und aktiven Stoffe beh\u00e4lt, ist der rote Ganoderma lucidum in Form von Staub in einem Alubeutel mit Verschluss verpackt.<\/span><\/p>\n<h2><span style=\"color: #000000\">\u00dcber uns:<\/span><\/h2>\n<p><span style=\"color: #000000\">Unser Team sucht und bietet hochwertige Produkte in Italien, \u00d6sterreich und Deutschland an. Unser Unternehmen befindet sich in Nova Gorica (Slowenien), an der italienischen Grenze. Mit der Marke Feng cha, mit welcher wir hochwertige Tees und Gew\u00fcrze anbieten, sind wir schon seit dem Jahr 2011 auf dem italienischen Markt t\u00e4tig.<\/span><\/p>\n<p><span style=\"color: #000000\">Das Projekt Ganoderma ist dank der europ\u00e4ischen Herstellung von Heilpilzen ohne Einsatz von Chemikalien oder Pestiziden entstanden. Die Pilze haben ein \u00f6kologisches Zertifikat. Der Hersteller (auch aus Slowenien), mit welchem wir zusammenarbeiten, versichert uns, dass seine Pilze von h\u00f6chster Qualit\u00e4t, voll von heilenden Wirkstoffen, gemschackvoll und 100% organisch sind.<\/span><\/p>\n<h2><span style=\"color: #000000\">Gro\u00dfverkauf des Ganoderma lucidum?<\/span><\/h2>\n<p><span style=\"color: #000000\">Sind Sie ein profesioneller Verk\u00e4ufer? Haben Sie ein Gesch\u00e4ft oder andere \u00f6ffentliche R\u00e4ume und m\u00f6chten, dass Ihre Kunden den Bio-Ganoderma lucidum anbieten? F\u00fcr mehr Informationen k\u00f6nnen Sie uns direkt per E-Mail kontaktieren (info@fengchashop.com).<\/span><\/p>\n<h2><span style=\"color: #000000\">Herkunft<\/span><\/h2>\n<p>EU<\/p>\n","protected":false},"excerpt":{"rendered":"<p align=\"JUSTIFY\">Ganoderma lucidum, auch bekannt als der Pilz der Unsterblichkeit, wird in der traditionellen chinesischen Medizin seit mindestens einigen Jahrtausenden verwendet. Es ist bekannt, dass es <strong>das allgemeine Wohlbefinden und das Immunsystem verbessert<\/strong>. Dar\u00fcber hinaus hat es viele weitere positive Auswirkungen auf unsere Gesundheit. In der traditionellen chinesischen Medizin wird es seit mindestens <strong>4000 Jahren<\/strong> verwendet.<\/p>\n<p>\ud83d\udc9a Stimuliert das Immunsystem.<br \/>\n\ud83d\udc9a Verbessert die Blutzirkulation.<br \/>\n\ud83d\udc9a Es hat die Aufgabe, das Herz und das Gef\u00e4\u00dfsystem gesund zu erhalten.<br \/>\n\ud83d\udc9a Es ist ein starkes Antioxidans, das freie Radikale abf\u00e4ngt.<br \/>\n\ud83d\udc9a Sie wirkt sich positiv auf eine Reihe von Gesundheitsproblemen aus.<\/p>\n","protected":false},"featured_media":5850,"comment_status":"open","ping_status":"closed","template":"","meta":{"_acf_changed":false},"product_brand":[],"product_cat":[15,225,224,226,228],"product_tag":[],"class_list":{"0":"post-5849","1":"product","2":"type-product","3":"status-publish","4":"has-post-thumbnail","6":"product_cat-uncategorized","7":"product_cat-alle-produkte","8":"product_cat-angebot","9":"product_cat-bestseller","10":"product_cat-heilpilze","12":"first","13":"outofstock","14":"sale","15":"taxable","16":"shipping-taxable","17":"purchasable","18":"product-type-simple"},"acf":[],"_links":{"self":[{"href":"https:\/\/fengchashop.com\/at\/wp-json\/wp\/v2\/product\/5849","targetHints":{"allow":["GET"]}}],"collection":[{"href":"https:\/\/fengchashop.com\/at\/wp-json\/wp\/v2\/product"}],"about":[{"href":"https:\/\/fengchashop.com\/at\/wp-json\/wp\/v2\/types\/product"}],"replies":[{"embeddable":true,"href":"https:\/\/fengchashop.com\/at\/wp-json\/wp\/v2\/comments?post=5849"}],"wp:featuredmedia":[{"embeddable":true,"href":"https:\/\/fengchashop.com\/at\/wp-json\/wp\/v2\/media\/5850"}],"wp:attachment":[{"href":"https:\/\/fengchashop.com\/at\/wp-json\/wp\/v2\/media?parent=5849"}],"wp:term":[{"taxonomy":"product_brand","embeddable":true,"href":"https:\/\/fengchashop.com\/at\/wp-json\/wp\/v2\/product_brand?post=5849"},{"taxonomy":"product_cat","embeddable":true,"href":"https:\/\/fengchashop.com\/at\/wp-json\/wp\/v2\/product_cat?post=5849"},{"taxonomy":"product_tag","embeddable":true,"href":"https:\/\/fengchashop.com\/at\/wp-json\/wp\/v2\/product_tag?post=5849"}],"curies":[{"name":"wp","href":"https:\/\/api.w.org\/{rel}","templated":true}]}}