{"id":3991,"date":"2025-03-11T17:42:37","date_gmt":"2025-03-11T16:42:37","guid":{"rendered":"https:\/\/test-fengcha.dweb.si\/?page_id=3991"},"modified":"2025-12-23T09:12:12","modified_gmt":"2025-12-23T08:12:12","slug":"wer-wir-sind-und-was-wir-anstreben","status":"publish","type":"page","link":"https:\/\/fengchashop.com\/at\/wer-wir-sind-und-was-wir-anstreben\/","title":{"rendered":"Wer wir sind und was wir anstreben?"},"content":{"rendered":"<div class=\"wpb-content-wrapper\"><p>[vc_row][vc_column][vc_column_text css=&#8220;&#8220;]<\/p>\r\n<p>Wir haben mit dem Verkauf von Tees angefangen. Und damit meinen wir au\u00dfergew\u00f6hnliche (echte) Tees, die wir als Liebhaber im bestehenden Angebot auf dem slowenischen Markt bislang vermisst haben. Wir verkaufen weiterhin Tees und bieten nur Tees von bester Qualit\u00e4t an, <strong>voller Aroma, Frische<\/strong> und <strong>intensivem Geschmack<\/strong>. Im Laufe der Jahre haben wir unsere Produktpalette entsprechend den Bed\u00fcrfnissen des Marktes regelm\u00e4\u00dfig erweitert. Zun\u00e4chst mit duftenden <strong>Gew\u00fcrzen, Kakao<\/strong> und <strong>Kaffee <\/strong>und nat\u00fcrlich mit den als <strong>Superfoods <\/strong>bekannten Lebensmitteln. Da sich die Bed\u00fcrfnisse und Vorlieben der Kunden wandeln, sind wir stets bestrebt, etwas Neues anzubieten. Nat\u00fcrlich behalten wir beliebte Produkte im Angebot. In letzter Zeit waren wir bestrebt, eine m\u00f6glichst gro\u00dfe Vielfalt an Produkten in den Kategorien <strong>Lebensmittel <\/strong>und <strong>Nahrungserg\u00e4nzungsmittel <\/strong>anzubieten, die wir mit Bedacht in unser Sortiment aufgenommen haben.<\/p>\r\n<!-- \/wp:post-content -->\r\n<p><!-- wp:paragraph --><strong>Hier finden Sie nicht nur hochwertige Produkte, sondern auch Ideen und Tipps f\u00fcr ein ges\u00fcnderes Leben.<\/strong><\/p>\r\n<!-- \/wp:paragraph -->\r\n<p><!-- wp:paragraph -->Da wir uns seit mehr als 10 Jahren (seit 2010) mit Tees und anderen Lebensmitteln aus unserem breiten Sortiment besch\u00e4ftigen, haben wir ein besonderes Gesp\u00fcr f\u00fcr die Qualit\u00e4t unserer Lebensmittel entwickelt. <strong>Daher finden Sie bei uns nur die besten Geschmacksrichtungen<\/strong> und <strong>Produkte f\u00fcr ein langes<\/strong> und <strong>gesundes Leben<\/strong>. Aufgrund von modernen Trends und des Bewusstseins f\u00fcr die Bedeutung einer gesunden Ern\u00e4hrung nehmen wir nach M\u00f6glichkeit nur Produkte aus <strong>biologischer Erzeugung<\/strong> in unser Angebot auf.<\/p>\r\n<p><!-- \/wp:paragraph -->\u00a0<\/p>\r\n<!-- wp:heading -->\r\n<h2 class=\"wp-block-heading\">Das Team von Feng Cha besteht aus<\/h2>\r\n<p><!-- \/wp:heading -->\u00a0<\/p>\r\n<!-- wp:list -->\r\n<ul>\r\n<li style=\"list-style-type: none;\">\r\n<ul><!-- wp:list-item -->\r\n<li><strong>Layla H\u00f6nn<\/strong>\u00a0\u2013 Gesch\u00e4ftsf\u00fchrerin<\/li>\r\n<\/ul>\r\n<\/li>\r\n<\/ul>\r\n<p><!-- \/wp:list-item --><!-- \/wp:list -->\u00a0<\/p>\r\n<!-- wp:list -->\r\n<ul>\r\n<li style=\"list-style-type: none;\">\r\n<ul><!-- wp:list-item -->\r\n<li><strong>Miha H\u00f6nn<\/strong>\u00a0\u2013 Gr\u00fcnder<\/li>\r\n<\/ul>\r\n<\/li>\r\n<\/ul>\r\n<p><!-- \/wp:list-item --><!-- \/wp:list -->\u00a0<\/p>\r\n<!-- wp:list -->\r\n<ul>\r\n<li style=\"list-style-type: none;\">\r\n<ul><!-- wp:list-item -->\r\n<li><strong>Selma Seyoun Simon\u010di\u010d<\/strong> &#8211; Digitalmarketing<\/li>\r\n<\/ul>\r\n<\/li>\r\n<\/ul>\r\n<!-- \/wp:list-item --><!-- \/wp:list -->\r\n<p><!-- wp:paragraph -->FENG CHA d.o.o.<\/p>\r\n<!-- \/wp:paragraph -->\r\n<p><!-- wp:paragraph -->Rej\u010deva ulica 5<\/p>\r\n<!-- \/wp:paragraph -->\r\n<p><!-- wp:paragraph -->5000 Nova Gorica<\/p>\r\n<!-- \/wp:paragraph -->\r\n<p><!-- wp:paragraph -->Slovenija \u2013 EU<\/p>\r\n<!-- \/wp:paragraph -->\r\n<p><!-- wp:paragraph -->VAT: SI77642562<\/p>\r\n<!-- \/wp:paragraph -->\r\n<p><!-- wp:paragraph -->Email:\u00a0<a href=\"mailto:info@fengchashop.com\" target=\"_blank\" rel=\"noreferrer noopener\">info@fengchashop.com<\/a><\/p>\r\n<!-- \/wp:paragraph -->\r\n<p><!-- wp:paragraph -->Web shops:<\/p>\r\n<!-- \/wp:paragraph -->\r\n<p><!-- wp:paragraph --><a href=\"http:\/\/fengchashop.com\/\" target=\"_blank\" rel=\"noreferrer noopener\">fengchashop.com<\/a><\/p>\r\n<p><a href=\"https:\/\/fengchashop.com\/at\">fengchashop.com\/at\/<\/a><\/p>\r\n<!-- \/wp:paragraph -->\r\n<p><!-- wp:paragraph \/--><img loading=\"lazy\" decoding=\"async\" class=\"size-medium wp-image-3992\" src=\"https:\/\/fengchashop.com\/at\/wp-content\/uploads\/2025\/03\/Prodaja-po-Evropi-333x300.jpg\" alt=\"\" width=\"333\" height=\"300\" srcset=\"https:\/\/fengchashop.com\/at\/wp-content\/uploads\/2025\/03\/Prodaja-po-Evropi-333x300.jpg 333w, https:\/\/fengchashop.com\/at\/wp-content\/uploads\/2025\/03\/Prodaja-po-Evropi-595x536.jpg 595w, https:\/\/fengchashop.com\/at\/wp-content\/uploads\/2025\/03\/Prodaja-po-Evropi-150x135.jpg 150w, https:\/\/fengchashop.com\/at\/wp-content\/uploads\/2025\/03\/Prodaja-po-Evropi-768x691.jpg 768w, https:\/\/fengchashop.com\/at\/wp-content\/uploads\/2025\/03\/Prodaja-po-Evropi-1536x1382.jpg 1536w, https:\/\/fengchashop.com\/at\/wp-content\/uploads\/2025\/03\/Prodaja-po-Evropi-2048x1843.jpg 2048w, https:\/\/fengchashop.com\/at\/wp-content\/uploads\/2025\/03\/Prodaja-po-Evropi-450x405.jpg 450w, https:\/\/fengchashop.com\/at\/wp-content\/uploads\/2025\/03\/Prodaja-po-Evropi-350x315.jpg 350w\" sizes=\"auto, (max-width: 333px) 100vw, 333px\" \/><\/p>\r\n<!-- \/wp:paragraph -->\r\n<p>&nbsp;<\/p>\r\n<p>[\/vc_column_text][\/vc_column][\/vc_row]<\/p><\/div>","protected":false},"excerpt":{"rendered":"<p>[vc_row][vc_column][vc_column_text css=&#8220;&#8220;] Wir haben mit dem Verkauf von Tees angefangen. Und damit meinen wir au\u00dfergew\u00f6hnliche (echte) Tees, die wir als Liebhaber im bestehenden Angebot auf dem slowenischen Markt bislang vermisst haben. Wir verkaufen weiterhin Tees und bieten nur Tees von bester Qualit\u00e4t an, voller Aroma, Frische und intensivem Geschmack. Im Laufe der Jahre haben wir [&hellip;]<\/p>\n","protected":false},"author":2,"featured_media":0,"parent":0,"menu_order":0,"comment_status":"closed","ping_status":"closed","template":"page-visual-composer.php","meta":{"_acf_changed":false,"footnotes":""},"class_list":["post-3991","page","type-page","status-publish","hentry"],"acf":[],"_links":{"self":[{"href":"https:\/\/fengchashop.com\/at\/wp-json\/wp\/v2\/pages\/3991","targetHints":{"allow":["GET"]}}],"collection":[{"href":"https:\/\/fengchashop.com\/at\/wp-json\/wp\/v2\/pages"}],"about":[{"href":"https:\/\/fengchashop.com\/at\/wp-json\/wp\/v2\/types\/page"}],"author":[{"embeddable":true,"href":"https:\/\/fengchashop.com\/at\/wp-json\/wp\/v2\/users\/2"}],"replies":[{"embeddable":true,"href":"https:\/\/fengchashop.com\/at\/wp-json\/wp\/v2\/comments?post=3991"}],"version-history":[{"count":9,"href":"https:\/\/fengchashop.com\/at\/wp-json\/wp\/v2\/pages\/3991\/revisions"}],"predecessor-version":[{"id":7223,"href":"https:\/\/fengchashop.com\/at\/wp-json\/wp\/v2\/pages\/3991\/revisions\/7223"}],"wp:attachment":[{"href":"https:\/\/fengchashop.com\/at\/wp-json\/wp\/v2\/media?parent=3991"}],"curies":[{"name":"wp","href":"https:\/\/api.w.org\/{rel}","templated":true}]}}