{"id":3753,"date":"2024-07-19T11:51:59","date_gmt":"2024-07-19T09:51:59","guid":{"rendered":"https:\/\/minetrada.dweb.si\/?page_id=3753"},"modified":"2026-02-24T10:07:59","modified_gmt":"2026-02-24T09:07:59","slug":"geschaeftsbedingungen","status":"publish","type":"page","link":"https:\/\/fengchashop.com\/at\/geschaeftsbedingungen\/","title":{"rendered":"Gesch\u00e4ftsbedingungen"},"content":{"rendered":"<div class=\"wpb-content-wrapper\"><p>[vc_row][vc_column][vc_row_inner][vc_column_inner][vc_column_text css=&#8220;&#8220;]<\/p>\r\n<h2 class=\"wp-block-heading\">Allgemeine Gesch\u00e4ftsbedingungen des Online-Shops Fengchashop<\/h2>\r\n<!-- \/wp:post-content -->\r\n<p><!-- wp:paragraph -->Die allgemeinen Gesch\u00e4ftsbedingungen befassen sich mit der T\u00e4tigkeit des Online-Shops de.fengchashop.com, der Benutzerrechte und der Gesch\u00e4ftsbeziehung zwischen dem Unternehmen und dem Kunden.<\/p>\r\n<!-- \/wp:paragraph -->\r\n<p><!-- wp:paragraph -->Als K\u00e4ufer stehen Ihnen alle Rechte gem\u00e4\u00df dem Verbraucherschutzgesetzt zu.<\/p>\r\n<!-- \/wp:paragraph -->\r\n<p>&nbsp;<\/p>\r\n<!-- wp:heading -->\r\n<h2 class=\"wp-block-heading\">Informationszug\u00e4nglichkeit<\/h2>\r\n<!-- \/wp:heading -->\r\n<p><!-- wp:paragraph -->Der Anbieter verpflichtet sich dazu, dem K\u00e4ufer folgende Informationen jederzeit zu versichern:<\/p>\r\n<!-- \/wp:paragraph -->\r\n<p><!-- wp:paragraph -->\u2022 Identit\u00e4t der Rechtsperson<\/p>\r\n<!-- \/wp:paragraph -->\r\n<p><!-- wp:paragraph -->\u2022 Kontaktdaten, die eine schnelle und effektive Kommunikation erm\u00f6glichen<\/p>\r\n<!-- \/wp:paragraph -->\r\n<p><!-- wp:paragraph -->\u2022 Produktverf\u00fcgbarkeit<\/p>\r\n<!-- \/wp:paragraph -->\r\n<p><!-- wp:paragraph -->\u2022 Lieferbedingungen des Produkts oder Bedingungen der Dienstleistungsausf\u00fchrung (Lieferart, -ort<br \/>und \u2013frist)<\/p>\r\n<!-- \/wp:paragraph -->\r\n<p><!-- wp:paragraph -->\u2022 Art der Zahlung und Lieferung<\/p>\r\n<!-- \/wp:paragraph -->\r\n<p><!-- wp:paragraph -->\u2022 G\u00fcltigkeitsdauer des Angebots<\/p>\r\n<!-- \/wp:paragraph -->\r\n<p><!-- wp:paragraph -->\u2022 Frist, in welcher es m\u00f6glich ist, vom Vertrag abzutreten und die Bedingungen f\u00fcr den<br \/>Vertragsabtritt; au\u00dferdem auch die Kosten des Kundens bei der R\u00fcckgabe des Produkts<\/p>\r\n<!-- \/wp:paragraph -->\r\n<p><!-- wp:paragraph -->\u2022 Das Verfahren bei Beschwerden muss erl\u00e4utert werden, einschlie\u00dflich aller Daten \u00fcber die<br \/>Kontaktperson oder den Kundendienst.<\/p>\r\n<!-- \/wp:paragraph -->\r\n<p>&nbsp;<\/p>\r\n<!-- wp:heading -->\r\n<h2 class=\"wp-block-heading\">Daten \u00fcber die Rechtsperson (Anbieter):<\/h2>\r\n<!-- \/wp:heading -->\r\n<p><!-- wp:paragraph -->FENG CHA d.o.o.<\/p>\r\n<!-- \/wp:paragraph -->\r\n<p><!-- wp:paragraph -->Rej\u010deva ulica 5<\/p>\r\n<!-- \/wp:paragraph -->\r\n<p><!-- wp:paragraph -->5000 Nova Gorica<\/p>\r\n<!-- \/wp:paragraph -->\r\n<p><!-- wp:paragraph -->Slowenien &#8211; EU<\/p>\r\n<!-- \/wp:paragraph -->\r\n<p><!-- wp:paragraph -->Registrationsnummer: 6815014000<\/p>\r\n<!-- \/wp:paragraph -->\r\n<p><!-- wp:paragraph -->Ust.-IdNr: SI77642562<\/p>\r\n<!-- \/wp:paragraph -->\r\n<p><!-- wp:paragraph -->E-Mail: info@fengchashop.com<\/p>\r\n<!-- \/wp:paragraph -->\r\n<p>&nbsp;<\/p>\r\n<!-- wp:heading -->\r\n<h2 class=\"wp-block-heading\">Lieferkosten:<\/h2>\r\n<!-- \/wp:heading -->\r\n<p><!-- wp:paragraph -->Lieferung per GLS oder DPD.<\/p>\r\n<!-- \/wp:paragraph -->\r\n<p>Bei Bestellungen bis zu 58,99 \u20ac f\u00e4llt mit GLS eine Liefergeb\u00fchr von 4,90 \u20ac an.<\/p>\r\n<p>Bei Bestellungen bis zu 58,99 \u20ac f\u00e4llt mit DPD eine Liefergeb\u00fchr von 5,90 \u20ac an.<\/p>\r\n<!-- \/wp:paragraph -->\r\n<p><!-- wp:paragraph -->Ab einem Bestellwert von 59,00 \u20ac liefern wir versandkostenfrei.<\/p>\r\n<!-- \/wp:paragraph -->\r\n<p>&nbsp;<\/p>\r\n<!-- wp:heading -->\r\n<h2 class=\"wp-block-heading\">Kaufverfahren<\/h2>\r\n<!-- \/wp:heading -->\r\n<p><!-- wp:paragraph -->Sobald der Nutzer das\/die Produkt(e) ausgew\u00e4hlt hat, gibt er seine Daten ein, best\u00e4tigt die Bestellung und gibt sie auf. Der Kunde erh\u00e4lt einen Bericht und weitere Anweisungen zur Zahlung per E-Mail. Der Lieferant pr\u00fcft dann die Verf\u00fcgbarkeit der Produkte und benachrichtigt den Kunden, falls es zu Engp\u00e4ssen kommt. Das Unternehmen beh\u00e4lt sich das Recht vor, den K\u00e4ufer bei Bedarf unter seiner Kontakttelefonnummer anzurufen. Der Vertrag \u00fcber den Kauf der bestellten Artikel zwischen dem Kunden und dem Unternehmen kommt unwiderruflich zustande, wenn der Kunde die Best\u00e4tigung per E-Mail (E-Mail-Adresse) erh\u00e4lt.<\/p>\r\n<!-- \/wp:paragraph -->\r\n<p>&nbsp;<\/p>\r\n<!-- wp:heading -->\r\n<h2 class=\"wp-block-heading\">Lieferung<\/h2>\r\n<!-- \/wp:heading -->\r\n<p><!-- wp:paragraph -->Wir verpflichten uns, die Waren so schnell wie m\u00f6glich zu liefern. Die Ware wird noch am selben Werktag versandt, wenn die Bestellung bis 10 Uhr am selben Tag eingeht. Sollte einer der bestellten Artikel nicht vorr\u00e4tig sein, wird die Sendung so schnell wie m\u00f6glich verschickt, sobald die Artikel wieder auf Lager sind.<\/p>\r\n<!-- \/wp:paragraph -->\r\n<p><!-- wp:paragraph -->Die bestellte Ware wird per GLS oder DPD Kurier geliefert. Die Lieferung erfolgt an die Adresse, die Sie bei der Bestellung angeben.<\/p>\r\n<!-- \/wp:paragraph -->\r\n<p><!-- wp:paragraph -->Bestellung Sollten Sie zum Zeitpunkt der Zustellung nicht zu Hause sein, hinterl\u00e4sst der Kurier eine Nachricht, dass Sie die Ware in der n\u00e4chsten GLS- oder DPD-Filiale oder der n\u00e4chsten Postfiliale abholen k\u00f6nnen.<\/p>\r\n<!-- \/wp:paragraph -->\r\n<p>&nbsp;<\/p>\r\n<!-- wp:heading -->\r\n<h2 class=\"wp-block-heading\">Abtretungsrecht vom Kauf, Warenr\u00fcckgabe<\/h2>\r\n<!-- \/wp:heading -->\r\n<p><!-- wp:paragraph -->Der Verbraucher hat das Recht, innerhalb von 15 Tagen schriftlich vom Vertrag abzutreten. Der K\u00e4ufer muss den Verk\u00e4ufer \u00fcber eine beabsichtigte R\u00fcckgabe schriftlich, innerhalb von 15 Tagen ab dem Vetragsabschluss (Bestellungsabgabe) informieren, und zwar per Post oder E-Mail. Der Verbraucher muss dem Unternehmen die Ware innerhalb von 15 Tagen nach schriftlicher Benachrichtigung zur\u00fccksenden, und zwar so, dass er selbst f\u00fcr die direkten Kosten der R\u00fcckgabe auffkommt. Die zur\u00fcckgegebenen Produkte d\u00fcrfen nicht gebraucht oder besch\u00e4digt und m\u00fcssen in der Originalverpackung sein. Andernfalls wird die R\u00fcckgabe zur\u00fcckgewiesen. Es muss auch eine Kopie der Rechnung beigelegt sein. Der Anbieter zahlt das gesamte Kaufgeld (Kaufgeld, zusammen<br \/>mit den Lieferkosten) z\u00fcr\u00fcck, sobald dies m\u00f6glich ist, aber sp\u00e4testens innerhalb von 15 Tagen ab erhalt der Benachrichtigung \u00fcber die Vertragsabgtretung.<\/p>\r\n<!-- \/wp:paragraph -->\r\n<p>&nbsp;<\/p>\r\n<!-- wp:heading -->\r\n<h2 class=\"wp-block-heading\">Zahlung<\/h2>\r\n<!-- \/wp:heading -->\r\n<p><!-- wp:paragraph -->Nach der Bestellungsbest\u00e4tigung w\u00e4hlt der Kunden die gew\u00fcnschte Zahlungsart aus:<\/p>\r\n<!-- \/wp:paragraph -->\r\n<p>&nbsp;<\/p>\r\n<!-- wp:list -->\r\n<ul class=\"wp-block-list\">\r\n<li style=\"list-style-type: none;\">\r\n<ul class=\"wp-block-list\"><!-- wp:list-item -->\r\n<li>\u00fcber das Zahlungssystem Paypal (am Ende der Bestellung erscheint ein Button mit der Aufschrif Jetzt bezahlen, mit welchem Sie den geforderten Betrag \u00fcberweisen k\u00f6nnen),<\/li>\r\n<!-- \/wp:list-item -->\r\n\r\n<!-- wp:list-item -->\r\n<li>bezahlung mit Kreditkarte.<\/li>\r\n<\/ul>\r\n<\/li>\r\n<\/ul>\r\n<!-- \/wp:list-item --><!-- \/wp:list -->\r\n<p>&nbsp;<\/p>\r\n<!-- wp:heading -->\r\n<h2 class=\"wp-block-heading\">G\u00fcltigkeit des Angebots<\/h2>\r\n<!-- \/wp:heading -->\r\n<p><!-- wp:paragraph -->Beim Kauf gelten die zum Zeitpunkt der Bestellung angegebenen Preise. Die Mehrwertsteuer ist im Preis miteingeschlossen. Die Preise im Online-Shop k\u00f6nnen ohne vorzeitige Mitteilung ge\u00e4ndert werden. Alle Fotografien der Artikel sind nur symbolisch und entsprechen nicht den tats\u00e4chlichen Gegenst\u00e4nden. Der Anbieter beh\u00e4lt sich das Recht vor, die Preise zu ver\u00e4ndern, inwiefern diese in die Datenbank des Online-Shops falsch eingegeben worden sind. Er muss die Kunden dar\u00fcber vorzeitig informieren und hinsichtlich dem Bestellungsverlauf eine Vereinbarung treffen.<\/p>\r\n<!-- \/wp:paragraph -->\r\n<p>&nbsp;<\/p>\r\n<!-- wp:heading -->\r\n<h2 class=\"wp-block-heading\">Sicherheit<\/h2>\r\n<!-- \/wp:heading -->\r\n<p><!-- wp:paragraph -->Der Anbieter des Online-Shops, in Zusammenarbeit mit dem Webhoster der Internetseite, verwendet entsprechende technologische und organisatorische Mittel zum \u00dcbertragungs- und Speicherschutz von pers\u00f6nlichen Daten, Bestellungen und Zahlungen. Der Anbieter wird alle Daten geheim halten \u2013 gem\u00e4\u00df des Datenschutzgesetzes.<\/p>\r\n<!-- \/wp:paragraph -->\r\n<p>&nbsp;<\/p>\r\n<!-- wp:heading -->\r\n<h2 class=\"wp-block-heading\">Vertragsarchivierung<\/h2>\r\n<!-- \/wp:heading -->\r\n<p><!-- wp:paragraph -->Alle geschlossenen Vertr\u00e4ge und ausgestellte Rechnungen werden wir in schriftlicher Form aufbewahren. Der Kaufvertrag wird beim Anbieter dauerhaft aufbewahrt.<\/p>\r\n<!-- \/wp:paragraph -->\r\n<p>&nbsp;<\/p>\r\n<!-- wp:heading -->\r\n<h2 class=\"wp-block-heading\">Beschwerden<\/h2>\r\n<!-- \/wp:heading -->\r\n<p><!-- wp:paragraph -->Kunden k\u00f6nnen eine Beschwerde postalisch oder per E-Mail einreichen.Es liegt im Interesse des Anbieters, dass alle Beschwerden und m\u00f6gliche Streitigkeiten au\u00dfergerichtlich und im Einklang mit dem Gesetz beigelegt werden.<\/p>\r\n<!-- \/wp:paragraph -->\r\n<p><!-- wp:paragraph -->Letztes Update: 24.01.2026<\/p>\r\n<p><!-- \/wp:paragraph -->\u00a0<\/p>\r\n<p>[\/vc_column_text][\/vc_column_inner][\/vc_row_inner][\/vc_column][\/vc_row]<\/p><\/div>","protected":false},"excerpt":{"rendered":"<p>[vc_row][vc_column][vc_row_inner][vc_column_inner][vc_column_text css=&#8220;&#8220;] Allgemeine Gesch\u00e4ftsbedingungen des Online-Shops Fengchashop Die allgemeinen Gesch\u00e4ftsbedingungen befassen sich mit der T\u00e4tigkeit des Online-Shops de.fengchashop.com, der Benutzerrechte und der Gesch\u00e4ftsbeziehung zwischen dem Unternehmen und dem Kunden. Als K\u00e4ufer stehen Ihnen alle Rechte gem\u00e4\u00df dem Verbraucherschutzgesetzt zu. &nbsp; Informationszug\u00e4nglichkeit Der Anbieter verpflichtet sich dazu, dem K\u00e4ufer folgende Informationen jederzeit zu versichern: \u2022 Identit\u00e4t [&hellip;]<\/p>\n","protected":false},"author":1,"featured_media":0,"parent":0,"menu_order":0,"comment_status":"closed","ping_status":"closed","template":"","meta":{"_acf_changed":false,"footnotes":""},"class_list":["post-3753","page","type-page","status-publish","hentry"],"acf":[],"_links":{"self":[{"href":"https:\/\/fengchashop.com\/at\/wp-json\/wp\/v2\/pages\/3753","targetHints":{"allow":["GET"]}}],"collection":[{"href":"https:\/\/fengchashop.com\/at\/wp-json\/wp\/v2\/pages"}],"about":[{"href":"https:\/\/fengchashop.com\/at\/wp-json\/wp\/v2\/types\/page"}],"author":[{"embeddable":true,"href":"https:\/\/fengchashop.com\/at\/wp-json\/wp\/v2\/users\/1"}],"replies":[{"embeddable":true,"href":"https:\/\/fengchashop.com\/at\/wp-json\/wp\/v2\/comments?post=3753"}],"version-history":[{"count":7,"href":"https:\/\/fengchashop.com\/at\/wp-json\/wp\/v2\/pages\/3753\/revisions"}],"predecessor-version":[{"id":7326,"href":"https:\/\/fengchashop.com\/at\/wp-json\/wp\/v2\/pages\/3753\/revisions\/7326"}],"wp:attachment":[{"href":"https:\/\/fengchashop.com\/at\/wp-json\/wp\/v2\/media?parent=3753"}],"curies":[{"name":"wp","href":"https:\/\/api.w.org\/{rel}","templated":true}]}}